{"id":1784,"date":"2024-02-28T07:28:13","date_gmt":"2024-02-28T05:28:13","guid":{"rendered":"https:\/\/www.hunajahetki.fi\/?post_type=product&#038;p=1784"},"modified":"2025-06-19T10:29:58","modified_gmt":"2025-06-19T07:29:58","slug":"kummipesa-mehilaispesa","status":"publish","type":"product","link":"https:\/\/www.hunajahetki.fi\/ja\/product\/\u540d\u4ed8\u3051\u89aa\u306e\u8702\u306e\u5de3\/","title":{"rendered":"\u795e\u306e\u5de3 - \u8702\u306e\u5de3"},"content":{"rendered":"<h1>\u306a\u305c\u30b4\u30c3\u30c9\u30de\u30b6\u30fc\u3092\u8cb7\u3046\u306e\u3067\u3059\u304b\uff1f<\/h1>\n<p>\u79c1\u305f\u3061 Hunaja Hetke \u306f\u3001\u795e\u306e\u5de3\u3092\u8cfc\u5165\u3059\u308b\u3053\u3068\u3067\u3001\u81ea\u7136\u53d7\u7c89\u3068\u751f\u614b\u7cfb\u3092\u30b5\u30dd\u30fc\u30c8\u3059\u308b\u6a5f\u4f1a\u3092\u63d0\u4f9b\u3057\u305f\u3044\u3068\u8003\u3048\u3066\u3044\u307e\u3059\u3002 Kummip\u00e4sa \u306f\u3001\u9867\u5ba2\u304c\u81ea\u5206\u7528\u307e\u305f\u306f\u8d08\u308a\u7269\u3068\u3057\u3066\u4e00\u5ea6\u306b 1 \uff5e 5 \u5e74\u9593\u30ec\u30f3\u30bf\u30eb\u3067\u304d\u308b\u8702\u306e\u5de3\u3067\u3059\u3002\u5de3\u306e\u6240\u6709\u6a29\u3068\u7ba1\u7406\u306f\u5f15\u304d\u7d9a\u304d\u30d5\u30ca\u30e4\u30fb\u30d8\u30c8\u30b1\u6c0f\u304c\u884c\u3046\u3002 Kummip\u00e4s\u00e4 \u306e\u8cfc\u5165\u8005\u306f\u3001\u88fd\u54c1\u30d1\u30c3\u30b1\u30fc\u30b8\u3068\u30df\u30c4\u30d0\u30c1\u306b\u95a2\u3059\u308b\u60c5\u5831\u3092\u53d7\u3051\u53d6\u308a\u307e\u3059\u3002\u795e\u306e\u5de3\u304b\u3089\u306e\u53ce\u76ca\u3067\u3001\u79c1\u305f\u3061\u306f\u30d5\u30a3\u30f3\u30e9\u30f3\u30c9\u56fd\u5185\u306e\u3044\u304f\u3064\u304b\u306e\u5730\u57df\u3067\u5de3\u306e\u6570\u3092\u5897\u3084\u3057\u3001\u53d7\u7c89\u3092\u5897\u3084\u3057\u3066\u3044\u307e\u3059\u3002<\/p>\n<h2>\u53d7\u7c89\u306e\u5229\u70b9<\/h2>\n<p>\u305d\u308c\u3067\u306f\u3001\u53d7\u7c89\u306e\u5229\u70b9\u306f\u4f55\u3067\u3057\u3087\u3046\u304b\uff1f\u826f\u3044\u4f8b\u3068\u3057\u3066\u3001\u8ab0\u3082\u304c\u50b7\u3093\u3067\u5c11\u3057\u5909\u5f62\u3057\u305f\u30a4\u30c1\u30b4\u3092\u898b\u305f\u3053\u3068\u304c\u3042\u308b\u306f\u305a\u3067\u3059\u3002\u30a4\u30c1\u30b4\u304c\u53d7\u7c89\u3057\u3066\u3044\u306a\u3044\u3053\u3068\u304c\u308f\u304b\u308a\u307e\u3059\u3002\u30d9\u30ea\u30fc\u3001\u679c\u6a39\u3001\u30bd\u30e9\u30de\u30e1\u3001\u30ca\u30bf\u30cd\u306a\u3069\u591a\u304f\u306e\u4f5c\u7269\u306f\u53d7\u7c89\u3092\u5fc5\u8981\u3068\u3057\u3001\u53d7\u7c89\u304c\u3046\u307e\u304f\u884c\u306a\u3048\u3070\u3001\u690d\u7269\u306b\u3088\u3063\u3066\u306f\u53ce\u91cf\u304c\u6570\u5341\uff05\u5897\u52a0\u3059\u308b\u3053\u3068\u304c\u3042\u308a\u307e\u3059\u3002\u53d7\u7c89\u304c\u826f\u597d\u3067\u3042\u308b\u3068\u3044\u3046\u3053\u3068\u306f\u3001\u3088\u308a\u5c0f\u3055\u306a\u9762\u7a4d\u304b\u3089\u3088\u308a\u591a\u304f\u306e\u4f5c\u7269\u304c\u5f97\u3089\u308c\u308b\u3053\u3068\u3092\u610f\u5473\u3057\u307e\u3059\u3002\u5929\u7136\u306e\u30d9\u30ea\u30fc\u306b\u3082\u53d7\u7c89\u304c\u5fc5\u8981\u3067\u3059\u3002<\/p>\n<p>\u30cf\u30cb\u30fc \u73fe\u6642\u70b9\u3067\u306f\u3001\u30df\u30c4\u30d0\u30c1\u306e\u798f\u7949\u304c\u6700\u3082\u91cd\u8981\u306a\u57fa\u6e96\u3067\u3059\u3002\u79c1\u305f\u3061\u306e\u30df\u30c4\u30d0\u30c1\u306f\u5143\u6c17\u3067\u3042\u308c\u3070\u53d7\u7c89\u3057\u3001\u8702\u871c\u3092\u751f\u7523\u3057\u307e\u3059\u3002 Hunaja Hetke \u3067\u306f\u3001\u30df\u30c4\u30d0\u30c1\u306e\u4e16\u8a71\u3092\u6700\u521d\u304b\u3089\u6700\u5f8c\u307e\u3067\u81ea\u5206\u305f\u3061\u3067\u884c\u3044\u307e\u3059\u3002\u79c1\u305f\u3061\u306f\u30d7\u30ed\u306e\u5ead\u5e2b\u3067\u3042\u308a\u3001\u990a\u8702\u304c\u4e3b\u306a\u4ed5\u4e8b\u3067\u3059\u3002\u79c1\u305f\u3061\u306e\u4e3b\u306a\u4ed5\u4e8b\u306e\u304a\u304b\u3052\u3067\u3001\u5929\u5019\u306e\u5909\u5316\u306b\u3082\u304b\u304b\u308f\u3089\u305a\u3001\u6700\u9069\u306a\u30bf\u30a4\u30df\u30f3\u30b0\u3067\u30df\u30c4\u30d0\u30c1\u306e\u4e16\u8a71\u3092\u3057\u3001\u30df\u30c4\u30d0\u30c1\u306e\u5065\u5eb7\u72b6\u614b\u3092\u9069\u6642\u306b\u76e3\u8996\u3059\u308b\u3053\u3068\u304c\u3067\u304d\u307e\u3059\u3002\u30d5\u30a3\u30f3\u30e9\u30f3\u30c9\u306e\u590f\u306f\u3068\u3066\u3082\u65e9\u304f\u3001\u72b6\u6cc1\u304c\u3059\u3050\u306b\u5909\u5316\u3059\u308b\u305f\u3081\u3001\u6642\u9593\u5185\u306b\u4fdd\u80b2\u5712\u3092\u8a2a\u554f\u3067\u304d\u308b\u3053\u3068\u304c\u975e\u5e38\u306b\u91cd\u8981\u3067\u3059\u3002<\/p>\n<p>\u79c1\u305f\u3061\u306e\u30e2\u30c3\u30c8\u30fc\u306f\u3001\u30df\u30c4\u30d0\u30c1\u304c\u5143\u6c17\u3067\u3042\u308c\u3070\u3001\u79c1\u305f\u3061\u4eba\u9593\u3082\u5143\u6c17\u306b\u306a\u308b\u3068\u3044\u3046\u3053\u3068\u3067\u3059\u3002<\/p>\n<p>&nbsp;<\/p>\n<p>&nbsp;<\/p>\n<p>&nbsp;<\/p>\n<p>&nbsp;<\/p>","protected":false},"excerpt":{"rendered":"<h1>\u81ea\u5206\u81ea\u8eab\u307e\u305f\u306f\u53cb\u4eba\u306b\u8702\u306e\u5de3\u3092\u8cfc\u5165\u3057\u305f\u3044\u3067\u3059\u304b?<\/h1>\n<p>Kummip\u00e4sa \u306f\u3001\u81ea\u5206\u81ea\u8eab\u307e\u305f\u306f\u53cb\u4eba\u306e\u305f\u3081\u306b 1 \u5e74\u304b\u3089 5 \u5e74\u5206\u307e\u3067\u4e00\u5ea6\u306b\u8cfc\u5165\u3067\u304d\u308b\u8702\u306e\u5de3\u3067\u3059\u3002\u5de3\u306e\u6240\u6709\u6a29\u3068\u7ba1\u7406\u306f\u5f15\u304d\u7d9a\u304d\u30d5\u30ca\u30e4\u30fb\u30d8\u30c8\u30b1\u6c0f\u304c\u884c\u3046\u3002<\/p>\n<p>&nbsp;<\/p>\n<h1>\u30b4\u30c3\u30c9\u30de\u30b6\u30fc\u3063\u3066\u3069\u3046\u3044\u3046\u610f\u5473\u3067\u3059\u304b\uff1f<\/h1>\n<p>Ostamalla kummipes\u00e4n tuet luonnon p\u00f6lytyst\u00e4.<\/p>\n<p>Kummipes\u00e4n omistajille j\u00e4rjestet\u00e4\u00e4n webinaari, miss\u00e4 kerrotaan mehil\u00e4isist\u00e4, p\u00f6lytyksest\u00e4 ja mehil\u00e4isten hy\u00f6dyist\u00e4.<\/p>\n<p>Kes\u00e4ll\u00e4 on mahdollisuus osallistua 1-2 pes\u00e4k\u00e4ynnille lis\u00e4maksua vastaan.<\/p>\n<p>&nbsp;<\/p>\n<h2>\u91cc\u89aa\u4f4f\u5b85\u306e\u8cfc\u5165\u8005\u304c\u5f97\u3089\u308c\u308b\u3082\u306e:<\/h2>\n<p>Kummipes\u00e4n omistajalle l\u00e4hetet\u00e4\u00e4n purkki alkukes\u00e4n hunajaa ja purkki loppukes\u00e4n hunajaa, kennohunajapala ja yksi extra hunaja lis\u00e4ksi. Lis\u00e4ksi omistaja saa 30 g pussin siitep\u00f6ly\u00e4 ja hunajaisen huulivoiteen.<\/p>\n<p>Tilauksen j\u00e4lkeen asiakas saa videoesityksen mehil\u00e4ispesist\u00e4, kes\u00e4n aikana asiakkaalle l\u00e4hetet\u00e4\u00e4n v\u00e4hint\u00e4\u00e4n 4 video materiaalia ja blogipostauksia mehil\u00e4istarhauksesta.<\/p>\n<p>Her\u00e4sik\u00f6 lis\u00e4kysymyksi\u00e4 kummipes\u00e4st\u00e4? Ole meihin yhteydess\u00e4 info@hunajahetki.fi \/ 0442475773<\/p>","protected":false},"featured_media":1799,"template":"","meta":{"_acf_changed":false},"product_brand":[],"product_cat":[62,139,149],"product_tag":[369,126,366,88,199,367,368],"class_list":{"0":"post-1784","1":"product","2":"type-product","3":"status-publish","4":"has-post-thumbnail","6":"product_cat-liikelahja","7":"product_cat-hunaja-hetki","8":"product_cat-lahjapakkaukset","9":"product_tag-ekologisuus","10":"product_tag-hunaja-hetki","11":"product_tag-kummipesa","12":"product_tag-luonto","13":"product_tag-mehilainen","14":"product_tag-mehilaispesa","15":"product_tag-polytys","17":"first","18":"instock","19":"taxable","20":"shipping-taxable","21":"purchasable","22":"product-type-variable"},"acf":[],"_links":{"self":[{"href":"https:\/\/www.hunajahetki.fi\/ja\/wp-json\/wp\/v2\/product\/1784","targetHints":{"allow":["GET"]}}],"collection":[{"href":"https:\/\/www.hunajahetki.fi\/ja\/wp-json\/wp\/v2\/product"}],"about":[{"href":"https:\/\/www.hunajahetki.fi\/ja\/wp-json\/wp\/v2\/types\/product"}],"wp:featuredmedia":[{"embeddable":true,"href":"https:\/\/www.hunajahetki.fi\/ja\/wp-json\/wp\/v2\/media\/1799"}],"wp:attachment":[{"href":"https:\/\/www.hunajahetki.fi\/ja\/wp-json\/wp\/v2\/media?parent=1784"}],"wp:term":[{"taxonomy":"product_brand","embeddable":true,"href":"https:\/\/www.hunajahetki.fi\/ja\/wp-json\/wp\/v2\/product_brand?post=1784"},{"taxonomy":"product_cat","embeddable":true,"href":"https:\/\/www.hunajahetki.fi\/ja\/wp-json\/wp\/v2\/product_cat?post=1784"},{"taxonomy":"product_tag","embeddable":true,"href":"https:\/\/www.hunajahetki.fi\/ja\/wp-json\/wp\/v2\/product_tag?post=1784"}],"curies":[{"name":"wp","href":"https:\/\/api.w.org\/{rel}","templated":true}]}}