{"id":3,"date":"2020-01-07T14:18:04","date_gmt":"2020-01-07T12:18:04","guid":{"rendered":"https:\/\/www.hunajahetki.fi\/?page_id=3"},"modified":"2022-09-27T21:26:35","modified_gmt":"2022-09-27T18:26:35","slug":"tietosuojaseloste","status":"publish","type":"page","link":"https:\/\/www.hunajahetki.fi\/sv\/sekretesspolicy\/","title":{"rendered":"Sekretesspolicy"},"content":{"rendered":"<p>P\u00e5 Hunaja Hekte tar vi dataskyddsfr\u00e5gor p\u00e5 allvar. Vi tar extremt v\u00e4l hand om all information vi samlar in eller f\u00e5r fr\u00e5n v\u00e5ra kunder. Vi vill ocks\u00e5 g\u00f6ra det m\u00f6jligt f\u00f6r kunderna att komma \u00e5t sin egen data och bli bortgl\u00f6mda.<\/p>\r\n\r\n\r\n\r\n<p>F\u00f6r att kunna anv\u00e4nda Hunaja Hetkes tj\u00e4nster m\u00e5ste kunden acceptera de datainsamlings- och bearbetningsmetoder som beskrivs i denna integritetspolicy. Detta godk\u00e4nnande verifieras och registreras i v\u00e5ra system i samband med best\u00e4llningen (avtalet), i samband med att ett kundkonto skapas\/anv\u00e4nds (samtycke) eller i samband med annan \u00e5tg\u00e4rd som kr\u00e4ver liknande datainsamling.<\/p>\r\n\r\n\r\n\r\n<p>Enkelt uttryckt lagrar och lagrar Hunaja Hetki tre typer av information: information som kan observeras fr\u00e5n anv\u00e4ndningen av onlinetj\u00e4nster, information som tillhandah\u00e5lls av anv\u00e4ndarna sj\u00e4lva och information som kan h\u00e4rledas med hj\u00e4lp av analyser.<\/p>\r\n\r\n\r\n\r\n<p>Vi anv\u00e4nder data enligt f\u00f6ljande:<\/p>\r\n\r\n\r\n\r\n<ul class=\"wp-block-list\">\r\n<li>F\u00f6r att s\u00e4kerst\u00e4lla kundens framg\u00e5ng<\/li>\r\n<li>Att tillhandah\u00e5lla en s\u00e4ker och l\u00e4ttanv\u00e4nd tj\u00e4nst<\/li>\r\n<li>F\u00f6r utveckling av produktrekommendationer och marknadsf\u00f6ring<\/li>\r\n<li>F\u00f6r att f\u00f6rb\u00e4ttra online shopping och kundservice<\/li>\r\n<li>F\u00f6r att minska kundavkastningen<\/li>\r\n<li>F\u00f6r att m\u00f6jligg\u00f6ra ett cirkul\u00e4rt ekonomisystem<\/li>\r\n<\/ul>\r\n\r\n\r\n\r\n<h2 class=\"wp-block-heading\" id=\"rekisterinpitaja\">Registrator<\/h2>\r\n\r\n\r\n\r\n<p>Registerf\u00f6raren fungerar som:<\/p>\r\n\r\n\r\n\r\n<p>Hunaja Hetki Oy<br \/>Vallinm\u00e4entie 40<br \/>61640 Ala-Valli<br \/>Personnummer: 3286177-6<br \/>Vid behov kan du fr\u00e5ga v\u00e5r kundtj\u00e4nst f\u00f6r mer information om databehandling och dataskydd: info@hunajahetki.fi<\/p>\r\n\r\n\r\n\r\n<h2 class=\"wp-block-heading\" id=\"mita-tietoja-varusteleka-keraa-ja-sailyttaa\">Vilken information samlar och lagrar Hunaja Hetki?<\/h2>\r\n\r\n\r\n\r\n<ol class=\"wp-block-list\">\r\n<li>Information tillhandah\u00e5llen av anv\u00e4ndaren sj\u00e4lv\r\n<ul>\r\n<li>Identifieringsinformation s\u00e5som namn<\/li>\r\n<li>Kontaktinformation, s\u00e5som telefonnummer, e-postadress och postadress<\/li>\r\n<li>Betalningsinformation, s\u00e5som faktureringsinformation och information om betalningss\u00e4tt<\/li>\r\n<li>Platsinformation f\u00f6r tj\u00e4nstens lokalisering (valutor, leveranss\u00e4tt)<\/li>\r\n<li>E-postadressen och certifikatet som kr\u00e4vs f\u00f6r inloggning p\u00e5 Google eller Facebook<\/li>\r\n<li>Produktrecensioner<\/li>\r\n<li>Marknadskommunikationsbeh\u00f6righeter<\/li>\r\n<li>Personuppgifter som l\u00e4mnas med kundens separata samtycke, s\u00e5som kundunders\u00f6kningssvar<\/li>\r\n<li>Kundens storleksinformation f\u00f6r att ge storleksrekommendationer<\/li>\r\n<li>\u00f6nskelista produkter<\/li>\r\n<li>Produktspecifika kompletterande aviseringsbest\u00e4llningar<\/li>\r\n<\/ul>\r\n<\/li>\r\n<li>Uppgifter som observerats om anv\u00e4ndningen av tj\u00e4nsterna\r\n<ul>\r\n<li>Leveransinformation, s\u00e5som leveransadress och valt betalningss\u00e4tt<\/li>\r\n<li>K\u00f6phistorik, s\u00e5som best\u00e4llda produkter, returer och betalningar<\/li>\r\n<li>Webbbutikens surf- och anv\u00e4ndningsdata<\/li>\r\n<li>Terminalidentifieringsinformation<\/li>\r\n<li>H\u00e4ndelser f\u00f6r onlineshoppingsessioner, som till\u00e4gg i kundvagnen<\/li>\r\n<\/ul>\r\n<\/li>\r\n<li>Information som h\u00e4rr\u00f6r fr\u00e5n analys\r\n<ul>\r\n<li>Produktrekommendationer h\u00e4rledda fr\u00e5n surf- och k\u00f6pdata<\/li>\r\n<li>Kundgrupperingar och intressen h\u00e4rledda fr\u00e5n k\u00f6pdata<\/li>\r\n<li>Storleksinformation h\u00e4rledd fr\u00e5n k\u00f6pinformation f\u00f6r att ge storleksrekommendationer<\/li>\r\n<\/ul>\r\n<\/li>\r\n<\/ol>\r\n\r\n\r\n\r\n<p>K\u00e4llan till informationen \u00e4r som regel webbplatsanv\u00e4ndaren\/kunden sj\u00e4lv. Ut\u00f6ver detta kan vi f\u00e5 ytterligare information fr\u00e5n v\u00e5ra partners, till exempel fr\u00e5n en kreditleverant\u00f6r f\u00f6r faktureringstj\u00e4nster. Du kan se informationen du \u00e4ger genom kundkontot, och om du vill har du m\u00f6jlighet att radera identifieringsuppgifterna som \u00e4r relaterade till dig.<\/p>\r\n\r\n\r\n\r\n<h2 class=\"wp-block-heading\" id=\"kuka-voi-kasitella-tietojani\">Vem kan behandla mina uppgifter?<\/h2>\r\n\r\n\r\n\r\n<p>De system som anv\u00e4nds av Hunaja Hetke kan endast n\u00e5s av \u00e4garen av Hunaja Hetke, som \u00e4r utbildad att anv\u00e4nda data p\u00e5 r\u00e4tt s\u00e4tt. Det s\u00e4ger sig sj\u00e4lvt att bra polacker inte missbrukar sina kunders f\u00f6rtroende. Hunaja Hetkes kunddatabehandling kr\u00e4ver l\u00f6senordsautentisering, och i v\u00e5rt f\u00f6retagsresursplaneringssystem l\u00e4mnas en loggpost fr\u00e5n datavisning och bearbetning.<\/p>\r\n\r\n\r\n\r\n<p>I vissa fall beh\u00f6ver vi \u00f6verf\u00f6ra information till tredje part, till exempel f\u00f6r lagring, analys eller marknadsf\u00f6ring. F\u00f6r dessa \u00e4ndam\u00e5l anv\u00e4nder vi endast betrodda partners med vilka vi har slutit omfattande dataskydds- och databehandlingsavtal. Avtalen har tagit h\u00e4nsyn till de krav som st\u00e4lls i lagstiftningen och EU:s dataskyddsf\u00f6rordning. Hunaja Hetkes samarbetspartners har inte tillst\u00e5nd att anv\u00e4nda informationen f\u00f6r sina egna syften eller att f\u00f6rmedla den.<\/p>\r\n\r\n\r\n\r\n<p>Hunaja Hetki \u00e4r ansvarig f\u00f6r datahanteringen<br \/>Vallinm\u00e4entie 40<br \/>61640 Ala-Valli<br \/>Personnummer: 3286177-6<\/p>\r\n\r\n\r\n\r\n<h2 class=\"wp-block-heading\" id=\"mihin-tietojani-kaytetaan\">Vad anv\u00e4nds min data till?<\/h2>\r\n\r\n\r\n\r\n<p>Personuppgifter anv\u00e4nds:<\/p>\r\n\r\n\r\n\r\n<ul class=\"wp-block-list\">\r\n<li>F\u00f6r orderhantering, leverans, arkivering och redovisning<\/li>\r\n<li>F\u00f6r kundtj\u00e4nst<\/li>\r\n<li>Honung f\u00f6r utveckling av Hetkes interna funktioner<\/li>\r\n<li>F\u00f6r utveckling av kundupplevelse och service<\/li>\r\n<li>F\u00f6r statistik och verksamhetsstyrning<\/li>\r\n<li>F\u00f6r att f\u00f6rhindra \u00f6vergrepp<\/li>\r\n<li>Att producera b\u00e4ttre och mer personligt inneh\u00e5ll och marknadsf\u00f6ring<\/li>\r\n<li>F\u00f6r att m\u00f6jligg\u00f6ra processerna i det cirkul\u00e4ra ekonomisystemet<\/li>\r\n<li>F\u00f6r att underl\u00e4tta och p\u00e5skynda kundreturer<\/li>\r\n<li>F\u00f6r att ta fram storleksrekommendationer<\/li>\r\n<li>F\u00f6r inriktning p\u00e5 relevant inneh\u00e5ll<\/li>\r\n<\/ul>\r\n\r\n\r\n\r\n<h2 class=\"wp-block-heading\" id=\"ovatko-tietoni-turvassa\">\u00c4r min information s\u00e4ker?<\/h2>\r\n\r\n\r\n\r\n<p>Hunaja Hetkes kundinformation finns i ett s\u00e4kert datacenter i krypterade databaser vars \u00e5tkomst \u00e4r begr\u00e4nsad. Datas\u00e4kerheten i Hunaja Hetkes system, datacenter och processer \u00e4r p\u00e5 h\u00f6g niv\u00e5 och skyddade mot dataintr\u00e5ng. Den st\u00f6rsta s\u00e4kerhetsrisken med dina kunduppgifter \u00e4r l\u00f6senordet till ditt kundkonto. Ge inte ditt l\u00f6senord till utomst\u00e5ende och f\u00f6rs\u00f6k anv\u00e4nda ett s\u00e5 starkt l\u00f6senord som m\u00f6jligt.<\/p>\r\n\r\n\r\n\r\n<p>Hunaja Hetki f\u00f6ljer goda dataskyddspraxis vid behandling av kunddata, och tillg\u00e5ngen till uppgifterna \u00e4r kontrollerad. Kraven i EU:s dataskyddsf\u00f6rordning, som kommer att f\u00f6ljas fr\u00e5n och med den 25 maj 2018, f\u00f6ljs vid behandling av personuppgifter.<\/p>\r\n\r\n\r\n\r\n<h2 class=\"wp-block-heading\" id=\"kuinka-kauan-tietoja-sailytetaan\">Hur l\u00e4nge sparas uppgifterna?<\/h2>\r\n\r\n\r\n\r\n<p>Vi beh\u00e5ller uppgifterna under den tid som kr\u00e4vs f\u00f6r att kunna genomf\u00f6ra de anv\u00e4ndnings\u00e4ndam\u00e5l som n\u00e4mns i detta uttalande. Vi raderar personuppgifterna f\u00f6r ett kundkonto som vi har best\u00e4mt \u00e4r inaktivt senast fem \u00e5r efter avslutad aktivitet. Vissa uppgifter kan komma att lagras l\u00e4ngre om lagen kr\u00e4ver att vi g\u00f6r det.<\/p>\r\n\r\n\r\n\r\n<p>Om kunden s\u00e5 \u00f6nskar kan dennes data anonymiseras, i vilket fall alla personuppgifter tas bort genom att pseudonymisera dem fr\u00e5n kontot och k\u00f6phistoriken. Kunden kan inte identifieras fr\u00e5n ett konto som har anonymiserats p\u00e5 detta s\u00e4tt och kontot i fr\u00e5ga kan inte \u00e5terst\u00e4llas som s\u00e5dant.<\/p>\r\n\r\n\r\n\r\n<p>Kunden kan implementera denna anonymisering via sin egen kundkontosida. Hanaja Hetki, p\u00e5 grund av s\u00e4kerhetskopieringen av databaserna kr\u00e4ver fullst\u00e4ndig borttagning av personuppgifter en fullst\u00e4ndig cykel av s\u00e4kerhetskopieringscykeln.<\/p>\r\n\r\n\r\n\r\n<p>Lagstiftning eller obetalda skulder kan i vissa fall tvinga Hunaja Hetki att beh\u00e5lla en del av kunduppgifterna trots \u00f6nskem\u00e5l om anonymisering.<\/p>\r\n\r\n\r\n\r\n<h2 class=\"wp-block-heading\" id=\"onko-minulla-oikeuksia\">Har jag r\u00e4ttigheter?<\/h2>\r\n\r\n\r\n\r\n<p>Sj\u00e4lvklart! Hanaja Hetkes ansvar \u00e4r att se till att du:<\/p>\r\n\r\n\r\n\r\n<ul class=\"wp-block-list\">\r\n<li>F\u00e5 tillg\u00e5ng till de personuppgifter om dig som Hunaja Hetke har i sin besittning. Om du \u00f6nskar f\u00e5r du \u00e4ven en kopia av dessa.<\/li>\r\n<li>Du kan be oss korrigera uppgifter om dig<\/li>\r\n<li>Under vissa f\u00f6ruts\u00e4ttningar kan du beg\u00e4ra begr\u00e4nsningar av behandlingen av dina uppgifter<\/li>\r\n<\/ul>\r\n\r\n\r\n\r\n<p>Datalagring och behandling baseras p\u00e5 ditt samtycke och du har naturligtvis r\u00e4tt att \u00e5terkalla ditt samtycke. Detta kan g\u00f6ras genom att anonymisera ditt konto: genom att radera ditt konto \u00e5terkallar du ocks\u00e5 den databehandlingstillst\u00e5nd du gav Hunaja Hetke. Du kan g\u00f6ra detta sj\u00e4lv fr\u00e5n din egen kundkontosida.<\/p>\r\n\r\n\r\n\r\n<p>Du kan skicka korrigeringsf\u00f6rfr\u00e5gningar eller andra \u00f6nskem\u00e5l eller fr\u00e5gor relaterade till din kundinformation till v\u00e5r kundtj\u00e4nst. Om du uppt\u00e4cker brister i v\u00e5r behandling eller verksamhet har du r\u00e4tt att l\u00e4mna in ett klagom\u00e5l till dataskyddsmyndigheten. Ber\u00e4tta ocks\u00e5 f\u00f6r oss om det s\u00e5 att vi kan r\u00e4tta till v\u00e5rt misstag.<\/p>\r\n\r\n\r\n\r\n<h2 class=\"wp-block-heading\" id=\"mista-naen-mita-tietoa-olen-itsestani-antanut\">Hur kan jag se vilken information jag har gett om mig sj\u00e4lv?<\/h2>\r\n\r\n\r\n\r\n<p>P\u00e5 kundsidan hittar du m\u00f6jligheten att ladda ner en personlig notering, som listar den information du har l\u00e4mnat om dig sj\u00e4lv. Vi utvecklar st\u00e4ndigt tj\u00e4nsterna p\u00e5 kundkontosidan s\u00e5 att vi kan betj\u00e4na dig b\u00e4ttre i dessa fr\u00e5gor.<\/p>\r\n\r\n\r\n\r\n<h2 class=\"wp-block-heading\" id=\"miten-voin-vaikuttaa-tietoihini-tai-tulla-unohdetuksi\">Hur kan jag p\u00e5verka min data eller bli bortgl\u00f6md?<\/h2>\r\n\r\n\r\n\r\n<p>Fr\u00e5n din kundsida kan du definiera, korrigera eller radera den information du l\u00e4mnar om dig sj\u00e4lv. Du kan ocks\u00e5 best\u00e4mma om du vill ta emot olika marknadsf\u00f6ringsbudskap. Vi f\u00f6rs\u00f6ker utveckla fler liknande funktioner i kundkontot, s\u00e5 att det skulle vara s\u00e5 enkelt som m\u00f6jligt f\u00f6r v\u00e5ra kunder att p\u00e5verka sin egen information. Du kan ocks\u00e5 radera kontot genom att anonymisera det, i vilket fall dina personuppgifter kommer att \u00f6verskridas fr\u00e5n v\u00e5ra databaser.<\/p>\r\n\r\n\r\n\r\n<h2 class=\"wp-block-heading\" id=\"paatyyko-tietojani-kolmansille-osapuolille\">Kommer mina uppgifter att hamna hos tredje part?<\/h2>\r\n\r\n\r\n\r\n<p>Viss n\u00f6dv\u00e4ndig information \u00f6verf\u00f6rs till tredje part f\u00f6r att m\u00f6jligg\u00f6ra betalningstransaktionen, leveransen eller marknadsf\u00f6ringsmeddelanden. F\u00f6r att till exempel m\u00f6jligg\u00f6ra leveranser vidarebefordras din adress och kontaktinformation till de logistikansvariga. Online shoppingtransaktioner \u00f6verf\u00f6rs till det inneh\u00e5lls- och marknadsf\u00f6ringsm\u00e5lssystem vi anv\u00e4nder, som bara vi har tillg\u00e5ng till. I samband med betalningstransaktionen g\u00e5r din betalningsinformation via en betrodd betalningsf\u00f6rmedlare.<\/p>\r\n\r\n\r\n\r\n<p>Endast den mest n\u00f6dv\u00e4ndiga informationen f\u00f6r genomf\u00f6randet av tj\u00e4nsten skickas till respektive part, och dessa tj\u00e4nsteleverant\u00f6rer har inte r\u00e4tt att anv\u00e4nda dina uppgifter f\u00f6r n\u00e5got annat \u00e4n genomf\u00f6randet av tj\u00e4nsten. All data\u00f6verf\u00f6ring sker via krypterade anslutningar.<\/p>\r\n\r\n\r\n\r\n<h2 class=\"wp-block-heading\" id=\"evasteet-ja-muu-seuranta-varustelekan-sivuilla\">Cookies och annan sp\u00e5rning p\u00e5 Hunaja Hetkes hemsida<\/h2>\r\n\r\n\r\n\r\n<p>Hunaja Hetkes webbplats anv\u00e4nder cookies och liknande webbl\u00e4sartekniska funktioner, s\u00e5som webbl\u00e4sarminne. Det h\u00e4r \u00e4r sm\u00e5 filer skapade av Hunaja Hetkes webbplats, som g\u00f6r att vi kan samla in analyser fr\u00e5n n\u00e4tbutiksanv\u00e4ndare och erbjuda en b\u00e4ttre fungerande n\u00e4tbutik. Cookies anv\u00e4nds t.ex. F\u00f6r varukorgsfunktionalitet, anv\u00e4ndaridentifikation och registrerad kundinloggning. Som standard lagras din webbl\u00e4sares cookies i en m\u00e5nad, s\u00e5vida du inte raderar dem separat. Du kan radera cookies fr\u00e5n din webbl\u00e4sarinst\u00e4llningar. Kom dock ih\u00e5g att nya cookies kommer att laddas in i din webbl\u00e4sare n\u00e4r du bes\u00f6ker v\u00e5r webbplats igen. Det \u00e4r obligatoriskt att acceptera cookies och deras anv\u00e4ndning. <a href=\"https:\/\/www.varusteleka.fi\/fi\/page\/ohjeet-ja-ehdot\/21978#evasteet\" target=\"_blank\" rel=\"noopener\">Du kan l\u00e4sa mer om cookies h\u00e4r<\/a>.<\/p>\r\n\r\n\r\n\r\n<p>Cookies anv\u00e4nds ocks\u00e5 f\u00f6r att m\u00f6jligg\u00f6ra personalisering av onlineshopping och marknadsf\u00f6ring. V\u00e5r webbplats har \u00e4ven andra sp\u00e5rningstekniker, s\u00e5som pixeltaggar. Fr\u00e5n att surfa p\u00e5 v\u00e5ra sidor kan f\u00f6ljande t.ex. Custobar (det finska inneh\u00e5lls- och marknadsf\u00f6ringsm\u00e5lsystemet vi anv\u00e4nder), Google och Facebook. Genom dessa kan vi t.ex. att analysera och utveckla driften av v\u00e5r onlinebutik, rikta in sig p\u00e5 webbplatsinneh\u00e5ll och rikta in sig p\u00e5 annonsinneh\u00e5ll. Antalet annonser i t ex din Facebook-vy \u00e4r konstant, det vill s\u00e4ga p\u00e5 grund av oss beh\u00f6ver du inte t\u00e4cka fler annonser \u00e4n normalt, du ser bara n\u00e5got b\u00e4ttre (=v\u00e5ra) annonser.<\/p>\r\n\r\n\r\n\r\n<h2 class=\"wp-block-heading\" id=\"vallinmaen-tilan-oikeus-muuttaa-tata-tietosuojaselostetta\">Hunaja Hetke har r\u00e4tt att \u00e4ndra denna integritetspolicy<\/h2>\r\n\r\n\r\n\r\n<p>Vi str\u00e4var efter att st\u00e4ndigt utveckla v\u00e5ra tj\u00e4nster och erbjuda en b\u00e4ttre kundupplevelse till v\u00e5ra anv\u00e4ndare. Med detta kan vissa tj\u00e4nster och funktioner l\u00e4ggas till eller de kan \u00e4ndras, i vilket fall vi kommer att uppdatera detta uttalande vid behov. \u00c4ndringar i lagstiftningen kan ocks\u00e5 skapa behov av att \u00e4ndra eller f\u00f6rtydliga delar av detta uttalande.<\/p>\r\n\r\n\r\n\r\n<p>Vi kommer att informera v\u00e5ra kunder om v\u00e4sentliga f\u00f6r\u00e4ndringar separat.<\/p>\r\n\r\n\r\n\r\n<h2 class=\"wp-block-heading\" id=\"jaiko-jokin-askarruttamaan\">Har du missat n\u00e5got?<\/h2>\r\n\r\n\r\n\r\n<p>Du kan kontakta v\u00e5r kundtj\u00e4nst: info@hunajahetki.fi<\/p>","protected":false},"excerpt":{"rendered":"<p>Hunaja Hetkell\u00e4 otamme tietosuoja-asiat vakavasti. Pid\u00e4mme \u00e4\u00e4rimm\u00e4isen hyv\u00e4\u00e4 huolta kaikesta tiedosta, mit\u00e4 asiakkaistamme ker\u00e4\u00e4mme tai saamme. Haluamme my\u00f6s mahdollistaa asiakkaille p\u00e4\u00e4syn omiin tietoihinsa sek\u00e4 tulla unohdetuksi. K\u00e4ytt\u00e4\u00e4kseen Hunaja Hetken palveluita asiakkaan on hyv\u00e4ksytt\u00e4v\u00e4 t\u00e4ss\u00e4 tietosuojaselosteessa kuvatut tiedonkeruun sek\u00e4 -k\u00e4sittelyn keinot. T\u00e4m\u00e4 hyv\u00e4ksyminen varmistetaan ja kirjataan j\u00e4rjestelmiimme yl\u00f6s tilauksen yhteydess\u00e4 (sopimus), asiakastilin luonnin\/k\u00e4yt\u00f6n yhteydess\u00e4 (suostumus) tai [&hellip;]<\/p>\n","protected":false},"author":1,"featured_media":0,"parent":0,"menu_order":0,"comment_status":"closed","ping_status":"open","template":"","meta":{"_acf_changed":false,"footnotes":""},"class_list":["post-3","page","type-page","status-publish","hentry"],"acf":[],"_links":{"self":[{"href":"https:\/\/www.hunajahetki.fi\/sv\/wp-json\/wp\/v2\/pages\/3","targetHints":{"allow":["GET"]}}],"collection":[{"href":"https:\/\/www.hunajahetki.fi\/sv\/wp-json\/wp\/v2\/pages"}],"about":[{"href":"https:\/\/www.hunajahetki.fi\/sv\/wp-json\/wp\/v2\/types\/page"}],"author":[{"embeddable":true,"href":"https:\/\/www.hunajahetki.fi\/sv\/wp-json\/wp\/v2\/users\/1"}],"replies":[{"embeddable":true,"href":"https:\/\/www.hunajahetki.fi\/sv\/wp-json\/wp\/v2\/comments?post=3"}],"version-history":[{"count":5,"href":"https:\/\/www.hunajahetki.fi\/sv\/wp-json\/wp\/v2\/pages\/3\/revisions"}],"predecessor-version":[{"id":703,"href":"https:\/\/www.hunajahetki.fi\/sv\/wp-json\/wp\/v2\/pages\/3\/revisions\/703"}],"wp:attachment":[{"href":"https:\/\/www.hunajahetki.fi\/sv\/wp-json\/wp\/v2\/media?parent=3"}],"curies":[{"name":"wp","href":"https:\/\/api.w.org\/{rel}","templated":true}]}}