{"id":1158,"date":"2023-01-30T18:27:57","date_gmt":"2023-01-30T16:27:57","guid":{"rendered":"https:\/\/www.hunajahetki.fi\/?post_type=product&#038;p=1158"},"modified":"2025-06-19T10:33:51","modified_gmt":"2025-06-19T07:33:51","slug":"mehilaisvaha-kotikosmetiikkaan","status":"publish","type":"product","link":"https:\/\/www.hunajahetki.fi\/sv\/produkt\/for-bivax-hemkosmetik\/","title":{"rendered":"F\u00f6r bivax hemkosmetik"},"content":{"rendered":"<p>S\u00e4kerheten f\u00f6r vaxet har inte fastst\u00e4llts.<\/p>\n<p>&nbsp;<\/p>\n<p>~35\/st<\/p>\n<p>&nbsp;<\/p>\n<p>F\u00f6r st\u00f6rre best\u00e4llningar, kontakta: info@hunajahetki.fi \/ 0442475773<\/p>","protected":false},"excerpt":{"rendered":"<p>F\u00f6r tillverkning av bivaxkosmetika och bivaxinpackningar. Bivax av h\u00f6g kvalitet h\u00e4mtas fr\u00e5n v\u00e5ra omsorgsfullt underh\u00e5llna bikupor. Vaxet \u00e4r skalvax och att samla in det skadar inte bina. Vax skapas som en biprodukt av honung.<\/p>\n<p>Finlands rena natur och korrekta hantering av bin garanterar rent och \u00e4kta bivax, som \u00e4r en h\u00f6gkvalitativ r\u00e5vara f\u00f6r tillverkning av kosmetika.<\/p>","protected":false},"featured_media":1391,"template":"","meta":{"_acf_changed":false},"product_brand":[],"product_cat":[139,150],"product_tag":[127,199,41,60,198],"class_list":{"0":"post-1158","1":"product","2":"type-product","3":"status-publish","4":"has-post-thumbnail","6":"product_cat-hunaja-hetki","7":"product_cat-mehilaisvahat","8":"product_tag-kosmetiikka","9":"product_tag-mehilainen","10":"product_tag-mehilaisvaha","11":"product_tag-vaha","12":"product_tag-vahakaare","14":"first","15":"instock","16":"taxable","17":"shipping-taxable","18":"purchasable","19":"product-type-simple"},"acf":[],"_links":{"self":[{"href":"https:\/\/www.hunajahetki.fi\/sv\/wp-json\/wp\/v2\/product\/1158","targetHints":{"allow":["GET"]}}],"collection":[{"href":"https:\/\/www.hunajahetki.fi\/sv\/wp-json\/wp\/v2\/product"}],"about":[{"href":"https:\/\/www.hunajahetki.fi\/sv\/wp-json\/wp\/v2\/types\/product"}],"wp:featuredmedia":[{"embeddable":true,"href":"https:\/\/www.hunajahetki.fi\/sv\/wp-json\/wp\/v2\/media\/1391"}],"wp:attachment":[{"href":"https:\/\/www.hunajahetki.fi\/sv\/wp-json\/wp\/v2\/media?parent=1158"}],"wp:term":[{"taxonomy":"product_brand","embeddable":true,"href":"https:\/\/www.hunajahetki.fi\/sv\/wp-json\/wp\/v2\/product_brand?post=1158"},{"taxonomy":"product_cat","embeddable":true,"href":"https:\/\/www.hunajahetki.fi\/sv\/wp-json\/wp\/v2\/product_cat?post=1158"},{"taxonomy":"product_tag","embeddable":true,"href":"https:\/\/www.hunajahetki.fi\/sv\/wp-json\/wp\/v2\/product_tag?post=1158"}],"curies":[{"name":"wp","href":"https:\/\/api.w.org\/{rel}","templated":true}]}}