{"id":1230,"date":"2023-09-05T13:29:53","date_gmt":"2023-09-05T10:29:53","guid":{"rendered":"https:\/\/www.hunajahetki.fi\/?post_type=product&#038;p=1230"},"modified":"2025-10-13T10:04:11","modified_gmt":"2025-10-13T07:04:11","slug":"1-kg-hunajaa","status":"publish","type":"product","link":"https:\/\/www.hunajahetki.fi\/sv\/produkt\/1-kg-honung\/","title":{"rendered":"Kristalliserad honung 1 kg - Honey Moment"},"content":{"rendered":"<p>Tillverkare: <strong>Hunaja Hetki Oy<\/strong><\/p>\n<p>Vallinm\u00e4entie 40, 61640 Ala-Valli<\/p>\n<p>+358442475773<\/p>\n<p>Ursprungsland: <strong>Finland<\/strong><\/p>\n<p>F\u00f6rvara i rumstemperatur. L\u00e5ngtidsf\u00f6rvaring p\u00e5 en sval och torr plats.<\/p>\n<p>Ainesosat: Hunaja<\/p>\n<p>M\u00e4ngd: 1 kg<\/p>\n<p>Inte f\u00f6r barn under ett \u00e5r.<\/p>\n<p class=\"cvGsUA direction-ltr align-end para-style-body\"><strong><span class=\"a_GcMg font-feature-liga-off font-feature-clig-off font-feature-calt-off text-decoration-none text-strikethrough-none\">Ravintoarvot\/N\u00e4rdingsv\u00e4rden:<\/span><\/strong><\/p>\n<p class=\"cvGsUA direction-ltr align-end para-style-body\"><span class=\"a_GcMg font-feature-liga-off font-feature-clig-off font-feature-calt-off text-decoration-none text-strikethrough-none\">Energia\/ Energi: 1 382 kJ (330 kcal) \/100g<\/span><\/p>\n<p class=\"cvGsUA direction-ltr align-end para-style-body\"><span class=\"a_GcMg font-feature-liga-off font-feature-clig-off font-feature-calt-off text-decoration-none text-strikethrough-none\">Rasva\/Fett: 0 g<\/span><\/p>\n<p class=\"cvGsUA direction-ltr align-end para-style-body\"><span class=\"a_GcMg font-feature-liga-off font-feature-clig-off font-feature-calt-off text-decoration-none text-strikethrough-none\">josta tyydyttynytt\u00e4\/ varav m\u00e4tat fett: 0g<\/span><\/p>\n<p class=\"cvGsUA direction-ltr align-end para-style-body\"><span class=\"a_GcMg font-feature-liga-off font-feature-clig-off font-feature-calt-off text-decoration-none text-strikethrough-none\">Hiilihydraatti\/Kolhydrat: 82g<\/span><\/p>\n<p class=\"cvGsUA direction-ltr align-end para-style-body\"><span class=\"a_GcMg font-feature-liga-off font-feature-clig-off font-feature-calt-off text-decoration-none text-strikethrough-none\">josta sokereita \/ varav sockerarter 82 g<\/span><\/p>\n<p class=\"cvGsUA direction-ltr align-end para-style-body\"><span class=\"a_GcMg font-feature-liga-off font-feature-clig-off font-feature-calt-off text-decoration-none text-strikethrough-none\">Proteiini\/Protein: 0 g<\/span><\/p>\n<p class=\"cvGsUA direction-ltr align-end para-style-body\"><span class=\"a_GcMg font-feature-liga-off font-feature-clig-off font-feature-calt-off text-decoration-none text-strikethrough-none\">Suola\/Salt: 0 g<\/span><\/p>\n<p>Du kan l\u00e4sa mer om Hunaja Hetkes v\u00e4rderingar och kvalitetskriterier p\u00e5 Hunaja Hetkes blogg, hemsida. <a href=\"https:\/\/www.hunajahetki.fi\/sv\/forfarandet\/\">https:\/\/www.hunajahetki.fi\/blogi\/<\/a><\/p>","protected":false},"excerpt":{"rendered":"<h1>Honung Hetke kilo honung \u00e4r h\u00f6gkvalitativ kristalliserad, ouppv\u00e4rmd honung. L\u00e4mplig f\u00f6r t.ex. f\u00f6r s\u00f6tning av drycker och desserter, bakning och matlagning.<\/h1>\n<h2>Honungskvalitet<\/h2>\n<p>Honung I all Hetkes honung v\u00e4rnas kvaliteten och honungen bearbetas f\u00f6r hand, fr\u00e5n bikuporna till burkarna. Honungen bearbetas i livsmedelsgodk\u00e4nda anl\u00e4ggningar, s\u00e5 att vi kan garantera att Hunaja Hetkes honung \u00e4r ren och av h\u00f6g kvalitet. Honungen konserveras i flytande form och f\u00e5r kristalliseras till hinokristall i burken. Honungen v\u00e4rms eller bearbetas aldrig, s\u00e5 att alla goda ingredienser i honungen bevaras och vitaminerna och sp\u00e5r\u00e4mnena i honungen inte g\u00e5r f\u00f6rlorade.<\/p>\n<p>Hunaja saattaa olla ostovaiheessa viel\u00e4 juoksevaa, mutta kiteytyy ajan kanssa.<\/p>\n<p>Kilon hunajapurkki on erinomainen valinta enemm\u00e4n, mik\u00e4li k\u00e4ytt\u00e4\u00e4 enemm\u00e4n hunajaa. \u00c4mp\u00e4riin pakattuna, hunaja on helppo k\u00e4sitell\u00e4 ja ison suuaukon ansiosta hunajaa on helppo annostella.<\/p>","protected":false},"featured_media":2104,"template":"","meta":{"_acf_changed":false},"product_brand":[],"product_cat":[139,152],"product_tag":[253,25,126,250,247,249,116,254,252,251,400,401,248],"class_list":{"0":"post-1230","1":"product","2":"type-product","3":"status-publish","4":"has-post-thumbnail","6":"product_cat-hunaja-hetki","7":"product_cat-hunaja","8":"product_tag-honung","9":"product_tag-hunaja","10":"product_tag-hunaja-hetki","11":"product_tag-iso","12":"product_tag-kilo","13":"product_tag-kiteytynyt","14":"product_tag-kotimainen","15":"product_tag-kotimainen-hunaja","16":"product_tag-kuumentamaton","17":"product_tag-laadukas","18":"product_tag-lahella-tuotettu","19":"product_tag-lahihunaja","20":"product_tag-ampari","22":"first","23":"instock","24":"taxable","25":"shipping-taxable","26":"purchasable","27":"product-type-simple"},"acf":[],"_links":{"self":[{"href":"https:\/\/www.hunajahetki.fi\/sv\/wp-json\/wp\/v2\/product\/1230","targetHints":{"allow":["GET"]}}],"collection":[{"href":"https:\/\/www.hunajahetki.fi\/sv\/wp-json\/wp\/v2\/product"}],"about":[{"href":"https:\/\/www.hunajahetki.fi\/sv\/wp-json\/wp\/v2\/types\/product"}],"wp:featuredmedia":[{"embeddable":true,"href":"https:\/\/www.hunajahetki.fi\/sv\/wp-json\/wp\/v2\/media\/2104"}],"wp:attachment":[{"href":"https:\/\/www.hunajahetki.fi\/sv\/wp-json\/wp\/v2\/media?parent=1230"}],"wp:term":[{"taxonomy":"product_brand","embeddable":true,"href":"https:\/\/www.hunajahetki.fi\/sv\/wp-json\/wp\/v2\/product_brand?post=1230"},{"taxonomy":"product_cat","embeddable":true,"href":"https:\/\/www.hunajahetki.fi\/sv\/wp-json\/wp\/v2\/product_cat?post=1230"},{"taxonomy":"product_tag","embeddable":true,"href":"https:\/\/www.hunajahetki.fi\/sv\/wp-json\/wp\/v2\/product_tag?post=1230"}],"curies":[{"name":"wp","href":"https:\/\/api.w.org\/{rel}","templated":true}]}}