{"id":1243,"date":"2023-09-05T14:18:33","date_gmt":"2023-09-05T11:18:33","guid":{"rendered":"https:\/\/www.hunajahetki.fi\/?post_type=product&#038;p=1243"},"modified":"2025-06-19T10:33:06","modified_gmt":"2025-06-19T07:33:06","slug":"huulivoide-mehilaishuulivoide","status":"publish","type":"product","link":"https:\/\/www.hunajahetki.fi\/sv\/produkt\/mentol-lappbalsam\/","title":{"rendered":"L\u00e4ppbalsam"},"content":{"rendered":"<h1>Tarhaajas l\u00e4ppkr\u00e4m<\/h1>\n<p>Tarhaajas l\u00e4ppkr\u00e4m \u00e4r l\u00e4mplig f\u00f6r daglig hudv\u00e5rd f\u00f6r m\u00e4nniskor i alla \u00e5ldrar. L\u00e4ppkr\u00e4men inneh\u00e5ller bra oljor, bivax och E-vitamin. Produkten \u00e4r speciellt designad f\u00f6r k\u00e4nslig finsk hud som sensibiliserats av \u00e5rstidernas v\u00e4xlingar.<\/p>\n<p>Calendulaolja behandlar, regenererar och lugnar irriterad och sprucken hud. Utm\u00e4rkt olja f\u00f6r k\u00e4nslig hud.<br \/>\nHampaolja \u00e4r en hush\u00e5llsolja som ger n\u00e4ring och v\u00e5rdar k\u00e4nslig hud. Oljan lugnar, st\u00e4rker och \u00e5terfuktar huden och f\u00f6rhindrar avdunstning av fukt fr\u00e5n huden.<br \/>\nJojobaoljans fuktgivande, skyddande och n\u00e4rande egenskaper passar alla hudtyper.<br \/>\nBivax \u00e4r antibakteriellt. Den binder fukt till sig sj\u00e4lv, skyddar huden fr\u00e5n kyla och vind och lugnar irriterad hud.<br \/>\nVitamin E \u00f6kar tillf\u00f6rseln av n\u00e4rings\u00e4mnen och syre till hudcellerna. Perfekt f\u00f6r torr och narig hud.<\/p>\n<p>Allm\u00e4nt: Tarhaajas l\u00e4ppkr\u00e4m skyddar och \u00e5terfuktar l\u00e4pparnas \u00f6mt\u00e5liga hud. L\u00e4ppkr\u00e4men inneh\u00e5ller h\u00f6gkvalitativa oljor, bivax och vitamin E. En utm\u00e4rkt kr\u00e4m f\u00f6r torra och spruckna l\u00e4ppar under vinterns frost. L\u00e4mplig f\u00f6r alla \u00e5ldrar f\u00f6r dagligt bruk.<\/p>\n<p>&nbsp;<\/p>\n<p>INCI: Calendula Alendula Officinalis extrakt, Simmondsia Chinensis fr\u00f6olja,<\/p>\n<p>Cannabis Sativa fr\u00f6olja, Cera Alba, Tocopherol<\/p>\n<p>&nbsp;<\/p>\n<p>Tillverkare: <strong>Hunaja Hetki Oy<\/strong><\/p>\n<p>Vallinm\u00e4entie 40, 61640 Ala-Valli<\/p>\n<p>Ursprungsland: <strong>Finland<\/strong><\/p>\n<p>+358 4424 75773<\/p>\n<p>&nbsp;<\/p>\n<h1><span style=\"font-weight: 400;\">Naturlig kosmetika: Varf\u00f6r \u00e4r det ett b\u00e4ttre alternativ till traditionell kosmetika?<\/span><\/h1>\n<p><span style=\"font-weight: 400;\">Kosmetikbranschen har vuxit enormt de senaste \u00e5ren och samtidigt har ocks\u00e5 intresset f\u00f6r naturkosmetik \u00f6kat.<\/span><\/p>\n<p><span style=\"font-weight: 400;\"><a href=\"https:\/\/www.hunajahetki.fi\/sv\/tuote-osasto\/mehilaiskosmetiikka\/\">Med naturlig kosmetika<\/a> syftar p\u00e5 kosmetiska produkter som inneh\u00e5ller naturliga ingredienser och \u00e4r tillverkade utan syntetiska kemikalier eller skadliga tillsatser. Detta g\u00f6r dem s\u00e4krare att anv\u00e4nda f\u00f6r b\u00e5de m\u00e4nniskor och milj\u00f6.<\/span><\/p>\n<p><span style=\"font-weight: 400;\">En av de fr\u00e4msta anledningarna till att v\u00e4lja Natural Cosmetics \u00e4r dess ingredienser. Syntetiska \u00e4mnen som parabener, ftalater och natriumlaurylsulfat anv\u00e4nds ofta i traditionell kosmetika. Dessa kemikalier kan orsaka hudirritation och till och med allergiska reaktioner. Ingredienserna i naturkosmetik kommer d\u00e4remot fr\u00e5n naturen, som v\u00e4xter och mineraler. De inneh\u00e5ller inga skadliga kemikalier, vilket g\u00f6r dem s\u00e4krare f\u00f6r m\u00e4nniskor och milj\u00f6.<\/span><\/p>\n<p><span style=\"font-weight: 400;\">En annan betydande f\u00f6rdel \u00e4r etiken. M\u00e5nga naturliga kosmetikam\u00e4rken \u00e5tar sig h\u00e5llbar utveckling och ansvarsfull produktion. De anv\u00e4nder till exempel ekologiska odlingsmetoder och undviker djurf\u00f6rs\u00f6k.<\/span><\/p>\n<p><span style=\"font-weight: 400;\">Det tredje sk\u00e4let \u00e4r dess effektivitet. \u00c4ven om vissa kanske tror att Natural Cosmetics inte kan vara lika effektiva som konventionella kosmetika, \u00e4r detta inte sant. Naturliga ingredienser kan ge liknande eller till och med b\u00e4ttre resultat i hudv\u00e5rd \u00e4n syntetmaterial. Till exempel \u00e4r naturliga oljor som arganolja och jojobaolja mycket n\u00e4rande och \u00e5terfuktande f\u00f6r huden.<\/span><\/p>\n<p><span style=\"font-weight: 400;\">Dessutom investerar tillverkare av naturlig kosmetika ofta i forskning och utveckling av sina produkter. De str\u00e4var efter att hitta nya innovativa s\u00e4tt att anv\u00e4nda v\u00e4xter och andra naturliga ingredienser i hudv\u00e5rd. Tack vare detta kommer st\u00e4ndigt nya naturliga kosmetiska produkter som ger \u00e4nnu b\u00e4ttre resultat ut p\u00e5 marknaden.<\/span><\/p>\n<p><span style=\"font-weight: 400;\">\u00c4ven om naturkosmetikens popularitet \u00f6kar \u00e4r det viktigt att vara f\u00f6rsiktig n\u00e4r du v\u00e4ljer produkter. Alla produkter som marknadsf\u00f6rs som naturkosmetika uppfyller inte n\u00f6dv\u00e4ndigtvis de strikta normerna f\u00f6r naturkosmetik. Det \u00e4r en bra id\u00e9 att kontrollera produktens ingredienslista och se till att den endast inneh\u00e5ller naturliga ingredienser.<\/span><\/p>\n<p><span style=\"font-weight: 400;\">Det \u00e4r dock viktigt att notera att termen &quot;naturkosmetika&quot; inte \u00e4r ett skyddat eller enhetligt begrepp. D\u00e4rf\u00f6r b\u00f6r konsumenten vara f\u00f6rsiktig och s\u00e4tta sig in i produktens ingrediensf\u00f6rteckning och eventuella certifikat innan k\u00f6p. Det mest k\u00e4nda av certifikaten \u00e4r <\/span><a href=\"https:\/\/www.ecocert.com\/en\/home\" target=\"_blank\" rel=\"noopener\"><span style=\"font-weight: 400;\">Ecocert<\/span><\/a><span style=\"font-weight: 400;\">, men det finns \u00e4ven andra p\u00e5litliga certifieringssystem.<\/span><\/p>\n<p>&nbsp;<\/p>\n<h2><span style=\"font-weight: 400;\">Ekologiskt val: Hur p\u00e5verkar Natural Cosmetics milj\u00f6n?<\/span><\/h2>\n<p><span style=\"font-weight: 400;\">Fler och fler b\u00f6rjar uppm\u00e4rksamma vad de s\u00e4tter p\u00e5 huden och h\u00e5ret. Som ett resultat har populariteten f\u00f6r naturkosmetik \u00f6kat avsev\u00e4rt de senaste \u00e5ren. \u00c4ven om anv\u00e4ndning av naturlig kosmetika kan vara bra f\u00f6r din egen h\u00e4lsa, \u00e4r det ocks\u00e5 viktigt att t\u00e4nka p\u00e5 dess p\u00e5verkan p\u00e5 milj\u00f6n<\/span><\/p>\n<p><span style=\"font-weight: 400;\">M\u00e5nga naturliga kosmetikam\u00e4rken har ett engagemang f\u00f6r h\u00e5llbar utveckling och ansvarsfull verksamhet. De str\u00e4var efter att anv\u00e4nda etiskt framst\u00e4llda r\u00e5varor och tillverka sina produkter p\u00e5 ett milj\u00f6v\u00e4nligt s\u00e4tt. Till exempel kan f\u00f6rpackningsmaterial f\u00f6r naturliga kosmetiska produkter vara \u00e5tervinningsbart eller biologiskt nedbrytbart.<\/span><\/p>\n<p><span style=\"font-weight: 400;\">Konsumenter b\u00f6r \u00f6verv\u00e4ga att \u00e4ndra sitt konsumtionsbeteende i en mer h\u00e5llbar riktning holistiskt. F\u00f6rutom att anv\u00e4nda naturkosmetik kan du till exempel minska anv\u00e4ndningen av plast, \u00e5tervinna f\u00f6rpackningsmaterial och f\u00f6redra produkter som produceras i n\u00e4rheten.<\/span><\/p>\n<p>&nbsp;<\/p>\n<h2><span style=\"font-weight: 400;\">F\u00f6rdelar med naturlig kosmetika f\u00f6r hud och h\u00e5r<\/span><\/h2>\n<p><span style=\"font-weight: 400;\">Naturkosmetik erbjuder m\u00e5nga f\u00f6rdelar j\u00e4mf\u00f6rt med traditionella kosmetiska produkter, s\u00e4rskilt n\u00e4r det kommer till hudv\u00e5rd och h\u00e5rv\u00e5rd.<\/span><\/p>\n<p><span style=\"font-weight: 400;\">Naturkosmetiska produkter tillverkas huvudsakligen av v\u00e4xt- och mineralbaserade ingredienser som inte har behandlats med kemiska \u00e4mnen eller syntetiska tillsatser. Detta g\u00f6r dem s\u00e4krare att anv\u00e4nda och minskar risken f\u00f6r allergiska reaktioner.<\/span><\/p>\n<p><span style=\"font-weight: 400;\">V\u00e4xtbaserade oljor, extrakt och sm\u00f6r \u00e4r fulla av vitaminer, antioxidanter och andra n\u00e4rings\u00e4mnen som gynnar hud och h\u00e5r. Arganolja \u00e4r till exempel en utm\u00e4rkt fuktkr\u00e4m och behandlar effektivt torr hud och h\u00e5r. Aloe Vera gel lugnar irriterad hud och hj\u00e4lper till att f\u00f6rb\u00e4ttra hudens kondition. Naturliga kosmetiska produkter inneh\u00e5ller ofta \u00e4ven naturliga eteriska oljor, som kan ha terapeutiska effekter vid till exempel stress eller s\u00f6mnl\u00f6shet.<\/span><\/p>\n<p><span style=\"font-weight: 400;\">F\u00f6rdelarna med naturkosmetik \u00e4r s\u00e4rskilt synliga p\u00e5 l\u00e5ng sikt. Regelbunden anv\u00e4ndning av naturlig kosmetika kan f\u00f6rb\u00e4ttra hudens kondition, minska hudirritation och inflammation och st\u00e4rka h\u00e5ret. Eftersom naturliga kosmetiska produkter inte inneh\u00e5ller syntetiska \u00e4mnen, orsakar de inte heller missbruk eller skadliga biverkningar.<\/span><\/p>\n<p><span style=\"font-weight: 400;\">Det \u00e4r dock viktigt att komma ih\u00e5g att allas hud och h\u00e5r \u00e4r unika, och det som fungerar f\u00f6r en person kanske inte fungerar f\u00f6r en annan. Naturkosmetik kan vara ett bra alternativ f\u00f6r den som vill undvika kemikalier och investera i naturlig sk\u00f6nhetsv\u00e5rd. Det rekommenderas dock alltid att noggrant l\u00e4sa ingredienslistan p\u00e5 produktf\u00f6rpackningen och vid behov g\u00f6ra ett allergitest innan du anv\u00e4nder en ny produkt.<\/span><\/p>\n<p>&nbsp;<\/p>\n<h2><span style=\"font-weight: 400;\">Bikosmetika - Anv\u00e4ndning av bivax i kosmetika<\/span><\/h2>\n<p><a href=\"https:\/\/www.hunajahetki.fi\/sv\/tuote-osasto\/mehilaisvahat\/\"><span style=\"font-weight: 400;\">Bivax<\/span><\/a><span style=\"font-weight: 400;\"> \u00e4r en naturlig ingrediens som ofta anv\u00e4nds i kosmetika p\u00e5 grund av dess m\u00e5ngsidiga egenskaper. Det erh\u00e5lls fr\u00e5n binas vaxk\u00f6rtlar och anv\u00e4nds i olika hudv\u00e5rdsprodukter, s\u00e5som kr\u00e4mer, <\/span><a href=\"https:\/\/www.hunajahetki.fi\/sv\/tuote\/menthol-huulivoide\/\"><span style=\"font-weight: 400;\">i l\u00e4ppbalsam<\/span><\/a><span style=\"font-weight: 400;\"> och smink.\u00a0<\/span><\/p>\n<p><span style=\"font-weight: 400;\">F\u00f6rdelarna med bivax f\u00f6r huden \u00e4r m\u00e5nga, och dess anv\u00e4ndning i kosmetika har blivit vanligare de senaste \u00e5ren.<\/span><\/p>\n<p><span style=\"font-weight: 400;\">En betydande f\u00f6rdel med bikosmetika \u00e4r dess fuktgivande egenskaper. Den skapar ett skyddande lager p\u00e5 huden, f\u00f6rhindrar att fukt avdunstar, vilket hj\u00e4lper till att h\u00e5lla huden \u00e5terfuktad. Detta g\u00f6r den till en utm\u00e4rkt ingrediens i produkter f\u00f6r torr eller k\u00e4nslig hud.<\/span><\/p>\n<p><span style=\"font-weight: 400;\">Dessutom fungerar bikosmetika som ett naturligt mjukmedel och ger produkterna en behaglig konsistens. Det hj\u00e4lper ocks\u00e5 till att beh\u00e5lla formen p\u00e5 produkten och f\u00f6rhindrar att den sm\u00e4lter vid h\u00f6gre temperaturer. Tack vare detta kan bivax anv\u00e4ndas till exempel vid framst\u00e4llning av l\u00e4ppbalsam, eftersom det ger dem en solid struktur.<\/span><\/p>\n<p><span style=\"font-weight: 400;\">Bivax inneh\u00e5ller \u00e4ven antioxidanter som hj\u00e4lper till att skydda huden fr\u00e5n fria radikaler och bromsa \u00e5lderstecken. Det kan ocks\u00e5 lugna irriterad hud och minska inflammation, vilket g\u00f6r det till en anv\u00e4ndbar ingrediens i till exempel after shave-kr\u00e4mer eller produkter avsedda f\u00f6r akneben\u00e4gen hud.<\/span><\/p>\n<p><span style=\"font-weight: 400;\">Bivax kan \u00e4ven anv\u00e4ndas i h\u00e5rv\u00e5rd. Det hj\u00e4lper till att h\u00e5lla h\u00e5ret \u00e5terfuktat och ger det en naturlig glans. Bivax fungerar \u00e4ven som en naturlig stylingprodukt, d\u00e5 det h\u00e5ller frisyren p\u00e5 plats utan skadliga kemikalier.<\/span><\/p>\n<p><span style=\"font-weight: 400;\">Det \u00e4r dock v\u00e4rt att notera att bivax kan orsaka allergiska reaktioner hos vissa m\u00e4nniskor. D\u00e4rf\u00f6r \u00e4r det viktigt att g\u00f6ra ett allergitest innan man introducerar en ny kosmetisk produkt. Dessutom \u00e4r det bra att se till att bivaxet \u00e4r etiskt framst\u00e4llt och kommer fr\u00e5n ansvarsfullt sk\u00f6tta bikupor.<\/span><\/p>\n<p>&nbsp;<\/p>\n<h3><span style=\"font-weight: 400;\">Finsk bikosmetik fr\u00e5n Hunaja Hetki webbutik<\/span><\/h3>\n<p><a href=\"https:\/\/www.hunajahetki.fi\/sv\/\"><span style=\"font-weight: 400;\">\u00c4lskling om ett \u00f6gonblick<\/span><\/a><span style=\"font-weight: 400;\"> vi vill erbjuda v\u00e5ra kunder h\u00f6gkvalitativ bikosmetik direkt fr\u00e5n v\u00e5r webbutik. De bikosmetika vi s\u00e4ljer och tillverkar \u00e4r en finsk naturkosmetikprodukt.<\/span><\/p>\n<p><span style=\"font-weight: 400;\">I v\u00e5r Hunaja Hetki webbutik kan du hitta ett brett urval av kosmetikaprodukter f\u00f6r bi som passar alla hudtyper. V\u00e5ra produkter tillverkas i Finland, in-house <\/span><a href=\"https:\/\/www.hunajahetki.fi\/sv\/brandi\/\"><span style=\"font-weight: 400;\">i v\u00e5r big\u00e5rd<\/span><\/a><span style=\"font-weight: 400;\"> fr\u00e5n h\u00f6gkvalitativa r\u00e5varor och de inneh\u00e5ller inga konstgjorda tillsatser eller konserveringsmedel.<\/span><\/p>\n<p><span style=\"font-weight: 400;\">Att anv\u00e4nda kosmetika f\u00f6r bi \u00e4r inte bara en trend utan ocks\u00e5 ett ekologiskt val. Naturliga ingredienser belastar inte v\u00e5r milj\u00f6 p\u00e5 samma s\u00e4tt som syntetiska kemikalier. Genom att k\u00f6pa Hunaja Hetke-produkter fr\u00e5n v\u00e5rt lokala sm\u00e5f\u00f6retag st\u00f6djer du dessutom den finska biodlingskulturen.<\/span><\/p>\n<p><span style=\"font-weight: 400;\">Hunaja Hetki vill erbjuda sina kunder m\u00f6jligheten att sk\u00e4mma bort sig sj\u00e4lva med naturliga och effektiva bikosmetiska produkter. Med v\u00e5r webbutik kan du enkelt utforska v\u00e5rt utbud och best\u00e4lla dina favoritprodukter till din d\u00f6rr. Vi har ocks\u00e5 snabb leverans, s\u00e5 att du kan njuta av Hunaja Hetke-produkter p\u00e5 nolltid.<\/span><\/p>\n<p><span style=\"font-weight: 400;\">V\u00e4lkommen till Hunaja Hetkes webbutik och hitta en ny favorit kosmetikaprodukt f\u00f6r din hudv\u00e5rdsrutin!<\/span><\/p>","protected":false},"excerpt":{"rendered":"<p>Tarhaajan huulivoiteen rauhoittava keh\u00e4kukka\u00f6ljy ja suojaava mehil\u00e4isvaha tekev\u00e4t t\u00e4st\u00e4 t\u00e4ydellisen huulivoiteen herkille ja kuiville huulille.<\/p>\n<p>Keh\u00e4kukka\u00f6ljyn ihoa uudistavat, hoitavat ja rauhoittavat ominaisuudet auttavat vaurioituneiden ja \u00e4rtyneiden huulien hoidossa.\u00a0 Mehil\u00e4isvaha suojaa huulia s\u00e4\u00e4n l\u00e4mp\u00f6tilan vaihteluiden aiheuttamaa kuivuutta vatsaan. Tarhaajan huulivoiteessa on k\u00e4ytetty lis\u00e4ksi hamppu\u00f6ljy\u00e4, jojoba\u00f6ljy\u00e4 ja E-vitamiinia. Kosteuttava, rauhoittava ja suojaava Tarhaajan huulivoide sopii p\u00e4ivitt\u00e4iseen k\u00e4ytt\u00f6\u00f6n.<\/p>\n<p>&nbsp;<\/p>","protected":false},"featured_media":1816,"template":"","meta":{"_acf_changed":false},"product_brand":[],"product_cat":[139,21],"product_tag":[120,127,298,302,41,304,303],"class_list":{"0":"post-1243","1":"product","2":"type-product","3":"status-publish","4":"has-post-thumbnail","6":"product_cat-hunaja-hetki","7":"product_cat-mehilaiskosmetiikka","8":"product_tag-huulivoide","9":"product_tag-kosmetiikka","10":"product_tag-kotimainen-kosmetiikka","11":"product_tag-luonnontuote","12":"product_tag-mehilaisvaha","13":"product_tag-mentholinmakuinen","14":"product_tag-vaniljanmakuinen","16":"first","17":"instock","18":"taxable","19":"shipping-taxable","20":"purchasable","21":"product-type-variable"},"acf":[],"_links":{"self":[{"href":"https:\/\/www.hunajahetki.fi\/sv\/wp-json\/wp\/v2\/product\/1243","targetHints":{"allow":["GET"]}}],"collection":[{"href":"https:\/\/www.hunajahetki.fi\/sv\/wp-json\/wp\/v2\/product"}],"about":[{"href":"https:\/\/www.hunajahetki.fi\/sv\/wp-json\/wp\/v2\/types\/product"}],"wp:featuredmedia":[{"embeddable":true,"href":"https:\/\/www.hunajahetki.fi\/sv\/wp-json\/wp\/v2\/media\/1816"}],"wp:attachment":[{"href":"https:\/\/www.hunajahetki.fi\/sv\/wp-json\/wp\/v2\/media?parent=1243"}],"wp:term":[{"taxonomy":"product_brand","embeddable":true,"href":"https:\/\/www.hunajahetki.fi\/sv\/wp-json\/wp\/v2\/product_brand?post=1243"},{"taxonomy":"product_cat","embeddable":true,"href":"https:\/\/www.hunajahetki.fi\/sv\/wp-json\/wp\/v2\/product_cat?post=1243"},{"taxonomy":"product_tag","embeddable":true,"href":"https:\/\/www.hunajahetki.fi\/sv\/wp-json\/wp\/v2\/product_tag?post=1243"}],"curies":[{"name":"wp","href":"https:\/\/api.w.org\/{rel}","templated":true}]}}