{"id":1364,"date":"2023-11-02T08:30:22","date_gmt":"2023-11-02T06:30:22","guid":{"rendered":"https:\/\/www.hunajahetki.fi\/?post_type=product&#038;p=1364"},"modified":"2025-06-19T10:32:15","modified_gmt":"2025-06-19T07:32:15","slug":"hella-palashampoo-valkosavi-shampoo","status":"publish","type":"product","link":"https:\/\/www.hunajahetki.fi\/sv\/produkt\/hella-chunk-schampo\/","title":{"rendered":"Mild vit lera schampo tv\u00e5l"},"content":{"rendered":"<p>Honey Moment Gentle Bar Shampoo \u00e4r handgjort av h\u00f6gkvalitativa ingredienser.<\/p>\n<p>&nbsp;<\/p>\n<p><span class=\"OYPEnA text-decoration-none text-strikethrough-none\">INCI: Sodium Cocoate, Sodium Avocadoate, Sodium Hempseedate, Sodium Grapeseedate, Aqua, Glycerin, Sodium Shea Butterate, Sodium Castorate, Kaolin<\/span><\/p>\n<p>M\u00e4ngd: ~70 g<\/p>\n<p>Tillverkare: <strong>Hunaja Hetki Oy<\/strong><\/p>\n<p>Vallinm\u00e4entie 40, 61640 Ala-Valli<\/p>\n<p>+358 4424 75773<\/p>\n<p>Ursprungsland: <strong>Finland<\/strong><\/p>","protected":false},"excerpt":{"rendered":"<h1>Mild white clay shampoo bar f\u00f6r skonsam h\u00e5rtv\u00e4tt<\/h1>\n<p><span class=\"OYPEnA text-decoration-none text-strikethrough-none\">F\u00f6rsiktigt reng\u00f6rande schampo, applicera i fuktigt h\u00e5r och sk\u00f6lj v\u00e4l. Upprepa om det beh\u00f6vs. F\u00f6rvara p\u00e5 en torr plats. Om schampo kommer i \u00f6gonen, sk\u00f6lj med mycket vatten.<\/span><\/p>\n<h2>Varf\u00f6r v\u00e4lja Gentle White Clay Shampoo?<\/h2>\n<p>Vit lera \u00e4r en av m\u00e5nga typer av lera. Vit lera \u00e4r en utm\u00e4rkt ingrediens f\u00f6r att reng\u00f6ra h\u00e5rbotten och h\u00e5ret. Den absorberar \u00f6verfl\u00f6dig olja och f\u00f6roreningar. P\u00e5 s\u00e5 s\u00e4tt balanserar schampot oljigheten i h\u00e5rbotten. Vit lera \u00e4r skonsam och l\u00e4mpar sig mycket bra f\u00f6r k\u00e4nslig h\u00e5rbotten. Vit lera hj\u00e4lper till att lugna en irriterad h\u00e5rbotten och lindrar kl\u00e5da eller mj\u00e4llsymptom. Det fr\u00e4mjar ocks\u00e5 blodcirkulationen till h\u00e5rbotten, vilket bidrar till h\u00e5rets h\u00e4lsa och tillv\u00e4xt. Vitt lerschampo g\u00f6r h\u00e5ret mjukare och glansigare, ger det volym och \u00f6kar dess struktur.<\/p>\n<p>&nbsp;<\/p>\n<p>&nbsp;<\/p>","protected":false},"featured_media":1845,"template":"","meta":{"_acf_changed":false},"product_brand":[],"product_cat":[139,21],"product_tag":[308,309,130,307,305,306],"class_list":{"0":"post-1364","1":"product","2":"type-product","3":"status-publish","4":"has-post-thumbnail","6":"product_cat-hunaja-hetki","7":"product_cat-mehilaiskosmetiikka","8":"product_tag-kotimainen-shampoo","9":"product_tag-kasintehty","10":"product_tag-palasaippua","11":"product_tag-palashampoo","12":"product_tag-valkosavi","13":"product_tag-valkosavi-shampoo","15":"first","16":"instock","17":"taxable","18":"shipping-taxable","19":"purchasable","20":"product-type-variable"},"acf":[],"_links":{"self":[{"href":"https:\/\/www.hunajahetki.fi\/sv\/wp-json\/wp\/v2\/product\/1364","targetHints":{"allow":["GET"]}}],"collection":[{"href":"https:\/\/www.hunajahetki.fi\/sv\/wp-json\/wp\/v2\/product"}],"about":[{"href":"https:\/\/www.hunajahetki.fi\/sv\/wp-json\/wp\/v2\/types\/product"}],"wp:featuredmedia":[{"embeddable":true,"href":"https:\/\/www.hunajahetki.fi\/sv\/wp-json\/wp\/v2\/media\/1845"}],"wp:attachment":[{"href":"https:\/\/www.hunajahetki.fi\/sv\/wp-json\/wp\/v2\/media?parent=1364"}],"wp:term":[{"taxonomy":"product_brand","embeddable":true,"href":"https:\/\/www.hunajahetki.fi\/sv\/wp-json\/wp\/v2\/product_brand?post=1364"},{"taxonomy":"product_cat","embeddable":true,"href":"https:\/\/www.hunajahetki.fi\/sv\/wp-json\/wp\/v2\/product_cat?post=1364"},{"taxonomy":"product_tag","embeddable":true,"href":"https:\/\/www.hunajahetki.fi\/sv\/wp-json\/wp\/v2\/product_tag?post=1364"}],"curies":[{"name":"wp","href":"https:\/\/api.w.org\/{rel}","templated":true}]}}