{"id":1368,"date":"2023-11-05T07:59:58","date_gmt":"2023-11-05T05:59:58","guid":{"rendered":"https:\/\/www.hunajahetki.fi\/?post_type=product&#038;p=1368"},"modified":"2025-10-13T10:36:11","modified_gmt":"2025-10-13T07:36:11","slug":"glogi-hunajavalmiste-hunaja-hetki-makuhunaja","status":"publish","type":"product","link":"https:\/\/www.hunajahetki.fi\/sv\/produkt\/glogi-honungspreparat-250-g\/","title":{"rendered":"Honungsberedning med gl\u00f6ggsmak - Honey Hetki"},"content":{"rendered":"<div id=\"_tab_content-37-699\" class=\"oxy-tab-content tabs-contents-9240-tab\">\n<div id=\"text_block-39-699\" class=\"ct-text-block c-text-dark c-text-m\">\n<p>Tillverkare: <strong>Hunaja Hetki Oy<\/strong><\/p>\n<p>Vallinm\u00e4entie 40, 61640 Ala-Valli<\/p>\n<p>+358 4424 75773<\/p>\n<p>Ursprungsland:<strong> Finland<\/strong><\/p>\n<p>F\u00f6rvara i rumstemperatur. L\u00e5ngtidsf\u00f6rvaring p\u00e5 en sval och torr plats.<\/p>\n<p>Ainesosat: Hunaja, gl\u00f6giaromi<\/p>\n<p>M\u00e4ngd: 270 g<\/p>\n<p>Inte f\u00f6r barn under ett \u00e5r.<\/p>\n<p class=\"cvGsUA direction-ltr align-end para-style-body\"><strong><span class=\"a_GcMg font-feature-liga-off font-feature-clig-off font-feature-calt-off text-decoration-none text-strikethrough-none\">Ravintoarvot\/N\u00e4rdingsv\u00e4rden:<\/span><\/strong><\/p>\n<p class=\"cvGsUA direction-ltr align-end para-style-body\"><span class=\"a_GcMg font-feature-liga-off font-feature-clig-off font-feature-calt-off text-decoration-none text-strikethrough-none\">Energia\/ Energi: 1 382 kJ (330 kcal) \/100g<\/span><\/p>\n<p class=\"cvGsUA direction-ltr align-end para-style-body\"><span class=\"a_GcMg font-feature-liga-off font-feature-clig-off font-feature-calt-off text-decoration-none text-strikethrough-none\">Rasva\/Fett: 0 g<\/span><\/p>\n<p class=\"cvGsUA direction-ltr align-end para-style-body\"><span class=\"a_GcMg font-feature-liga-off font-feature-clig-off font-feature-calt-off text-decoration-none text-strikethrough-none\">josta tyydyttynytt\u00e4\/ varav m\u00e4tat fett: 0g<\/span><\/p>\n<p class=\"cvGsUA direction-ltr align-end para-style-body\"><span class=\"a_GcMg font-feature-liga-off font-feature-clig-off font-feature-calt-off text-decoration-none text-strikethrough-none\">Hiilihydraatti\/Kolhydrat: 82g<\/span><\/p>\n<p class=\"cvGsUA direction-ltr align-end para-style-body\"><span class=\"a_GcMg font-feature-liga-off font-feature-clig-off font-feature-calt-off text-decoration-none text-strikethrough-none\">josta sokereita \/ varav sockerarter 82 g<\/span><\/p>\n<p class=\"cvGsUA direction-ltr align-end para-style-body\"><span class=\"a_GcMg font-feature-liga-off font-feature-clig-off font-feature-calt-off text-decoration-none text-strikethrough-none\">Proteiini\/Protein: 0 g<\/span><\/p>\n<p class=\"cvGsUA direction-ltr align-end para-style-body\"><span class=\"a_GcMg font-feature-liga-off font-feature-clig-off font-feature-calt-off text-decoration-none text-strikethrough-none\">Suola\/Salt: 0 g<\/span><\/p>\n<\/div>\n<\/div>","protected":false},"excerpt":{"rendered":"<p>Julgl\u00f6gi-honungsberedningen \u00e4r perfekt att avnjuta p\u00e5 egen hand, med varma drycker och desserter.<\/p>\n<p>&nbsp;<\/p>\n<h2>Honungskvalitet<\/h2>\n<p><span id=\"span-25-699\" class=\"ct-span\">Honung I alla Hetkes honungs- och honungsprodukter v\u00e4rnas kvaliteten och honungen bearbetas f\u00f6r hand, fr\u00e5n bikuporna till burkarna. Honungen bearbetas i livsmedelsgodk\u00e4nda anl\u00e4ggningar, s\u00e5 att vi kan garantera att Hunaja Hetkes honung \u00e4r ren och av h\u00f6g kvalitet. I de smaksatta honungarna anv\u00e4nder vi mjuk kn\u00e5dad honung som sm\u00e4lter i munnen, d\u00e4r smaken av honung och smaken av Gl\u00f6g tillsammans g\u00f6r honungsprodukten till en perfekt kombination. Honungen v\u00e4rms aldrig upp utan blandas innan konservering P\u00e5 s\u00e5 s\u00e4tt j\u00e4mnas honungens kristallstruktur ut och honungen blir skedbar och mycket mjuk. P\u00e5 s\u00e5 s\u00e4tt garanterar vi att honungens alla goda ingredienser bevaras och att honungens vitaminer och sp\u00e5r\u00e4mnen inte g\u00e5r f\u00f6rlorade.<\/span><\/p>","protected":false},"featured_media":2071,"template":"","meta":{"_acf_changed":false},"product_brand":[],"product_cat":[152,139],"product_tag":[185,186,25,126,169,187,188,254],"class_list":{"0":"post-1368","1":"product","2":"type-product","3":"status-publish","4":"has-post-thumbnail","6":"product_cat-hunaja","7":"product_cat-hunaja-hetki","8":"product_tag-glogi","9":"product_tag-glogihunajavalmiste","10":"product_tag-hunaja","11":"product_tag-hunaja-hetki","12":"product_tag-hunajavalmiste","13":"product_tag-joulu","14":"product_tag-jalkiruoka","15":"product_tag-kotimainen-hunaja","17":"first","18":"instock","19":"taxable","20":"shipping-taxable","21":"purchasable","22":"product-type-variable"},"acf":[],"_links":{"self":[{"href":"https:\/\/www.hunajahetki.fi\/sv\/wp-json\/wp\/v2\/product\/1368","targetHints":{"allow":["GET"]}}],"collection":[{"href":"https:\/\/www.hunajahetki.fi\/sv\/wp-json\/wp\/v2\/product"}],"about":[{"href":"https:\/\/www.hunajahetki.fi\/sv\/wp-json\/wp\/v2\/types\/product"}],"wp:featuredmedia":[{"embeddable":true,"href":"https:\/\/www.hunajahetki.fi\/sv\/wp-json\/wp\/v2\/media\/2071"}],"wp:attachment":[{"href":"https:\/\/www.hunajahetki.fi\/sv\/wp-json\/wp\/v2\/media?parent=1368"}],"wp:term":[{"taxonomy":"product_brand","embeddable":true,"href":"https:\/\/www.hunajahetki.fi\/sv\/wp-json\/wp\/v2\/product_brand?post=1368"},{"taxonomy":"product_cat","embeddable":true,"href":"https:\/\/www.hunajahetki.fi\/sv\/wp-json\/wp\/v2\/product_cat?post=1368"},{"taxonomy":"product_tag","embeddable":true,"href":"https:\/\/www.hunajahetki.fi\/sv\/wp-json\/wp\/v2\/product_tag?post=1368"}],"curies":[{"name":"wp","href":"https:\/\/api.w.org\/{rel}","templated":true}]}}