{"id":1372,"date":"2023-11-05T08:05:20","date_gmt":"2023-11-05T06:05:20","guid":{"rendered":"https:\/\/www.hunajahetki.fi\/?post_type=product&#038;p=1372"},"modified":"2025-10-13T09:58:51","modified_gmt":"2025-10-13T06:58:51","slug":"hunaja-inkivaarivalmiste-hunaja-hetki","status":"publish","type":"product","link":"https:\/\/www.hunajahetki.fi\/sv\/produkt\/stark-ingefara-honungspreparat-250-g\/","title":{"rendered":"Hunaja - inkiv\u00e4\u00e4rivalmiste"},"content":{"rendered":"<div id=\"_tab_content-37-699\" class=\"oxy-tab-content tabs-contents-9240-tab\">\n<div id=\"text_block-39-699\" class=\"ct-text-block c-text-dark c-text-m\">\n<p>Tillverkare: <strong>Hunaja Hetki Oy<\/strong><\/p>\n<p>Vallinm\u00e4entie 40, 61640 Ala-Valli<\/p>\n<p>+358442475773<\/p>\n<p>Ursprungsland: <strong>Finland<\/strong><\/p>\n<p>F\u00f6rvara i rumstemperatur. L\u00e5ngtidsf\u00f6rvaring p\u00e5 en sval och torr plats.<\/p>\n<p>Ainesosat: Hunaja, aito inkiv\u00e4\u00e4ri<\/p>\n<p>M\u00e4ngd: 270 g<\/p>\n<p>Inte f\u00f6r barn under ett \u00e5r.<\/p>\n<p class=\"cvGsUA direction-ltr align-end para-style-body\"><strong><span class=\"a_GcMg font-feature-liga-off font-feature-clig-off font-feature-calt-off text-decoration-none text-strikethrough-none\">Ravintoarvot\/N\u00e4rdingsv\u00e4rden:<\/span><\/strong><\/p>\n<p class=\"cvGsUA direction-ltr align-end para-style-body\"><span class=\"a_GcMg font-feature-liga-off font-feature-clig-off font-feature-calt-off text-decoration-none text-strikethrough-none\">Energia\/ Energi: 1 382 kJ (330 kcal) \/100g<\/span><\/p>\n<p class=\"cvGsUA direction-ltr align-end para-style-body\"><span class=\"a_GcMg font-feature-liga-off font-feature-clig-off font-feature-calt-off text-decoration-none text-strikethrough-none\">Rasva\/Fett: 0 g<\/span><\/p>\n<p class=\"cvGsUA direction-ltr align-end para-style-body\"><span class=\"a_GcMg font-feature-liga-off font-feature-clig-off font-feature-calt-off text-decoration-none text-strikethrough-none\">josta tyydyttynytt\u00e4\/ varav m\u00e4tat fett: 0g<\/span><\/p>\n<p class=\"cvGsUA direction-ltr align-end para-style-body\"><span class=\"a_GcMg font-feature-liga-off font-feature-clig-off font-feature-calt-off text-decoration-none text-strikethrough-none\">Hiilihydraatti\/Kolhydrat: 82g<\/span><\/p>\n<p class=\"cvGsUA direction-ltr align-end para-style-body\"><span class=\"a_GcMg font-feature-liga-off font-feature-clig-off font-feature-calt-off text-decoration-none text-strikethrough-none\">josta sokereita \/ varav sockerarter 82 g<\/span><\/p>\n<p class=\"cvGsUA direction-ltr align-end para-style-body\"><span class=\"a_GcMg font-feature-liga-off font-feature-clig-off font-feature-calt-off text-decoration-none text-strikethrough-none\">Proteiini\/Protein: 0 g<\/span><\/p>\n<p class=\"cvGsUA direction-ltr align-end para-style-body\"><span class=\"a_GcMg font-feature-liga-off font-feature-clig-off font-feature-calt-off text-decoration-none text-strikethrough-none\">Suola\/Salt: 0 g<\/span><\/p>\n<\/div>\n<\/div>","protected":false},"excerpt":{"rendered":"<p>Den starka ingef\u00e4ra honungsberedningen \u00e4r idealisk f\u00f6r konsumtion som den \u00e4r, i varma drycker, matlagning och desserter.<\/p>\n<p>&nbsp;<\/p>\n<h2>Honungskvalitet<\/h2>\n<p><span id=\"span-25-699\" class=\"ct-span\">Honey Hetken v\u00e4rdes\u00e4tter kvalitet i all sin honung och honungsprodukter, och honungen bearbetas f\u00f6r hand, fr\u00e5n bikuporna till burkarna. Honung bearbetas i livsmedelsgodk\u00e4nda anl\u00e4ggningar s\u00e5 att vi kan garantera att Hunaja Hetken honung \u00e4r ren och av h\u00f6g kvalitet. I v\u00e5r smaksatta honung anv\u00e4nder vi mjuk honung som sm\u00e4lter i munnen, d\u00e4r smaken av honung och smaken av ingef\u00e4ra tillsammans g\u00f6r honungsprodukten till en perfekt kombination. Honungen v\u00e4rms inte upp vid n\u00e5got tillf\u00e4lle utan r\u00f6rs om innan konservering Detta j\u00e4mnar ut honungens kristallstruktur och g\u00f6r den skedbar och mycket mjuk. P\u00e5 s\u00e5 s\u00e4tt garanterar vi att alla goda r\u00e5varor i honungen bevaras och att vitaminer och sp\u00e5r\u00e4mnen i honungen inte g\u00e5r f\u00f6rlorade.<\/span><\/p>","protected":false},"featured_media":2053,"template":"","meta":{"_acf_changed":false},"product_brand":[],"product_cat":[152,139],"product_tag":[398,25,169,178,271,167,136],"class_list":{"0":"post-1372","1":"product","2":"type-product","3":"status-publish","4":"has-post-thumbnail","6":"product_cat-hunaja","7":"product_cat-hunaja-hetki","8":"product_tag-flunssa","9":"product_tag-hunaja","10":"product_tag-hunajavalmiste","11":"product_tag-inkivaari","12":"product_tag-inkivaarihunaja","13":"product_tag-makuhunaja","14":"product_tag-ruoanlaitto","16":"first","17":"instock","18":"taxable","19":"shipping-taxable","20":"purchasable","21":"product-type-variable"},"acf":[],"_links":{"self":[{"href":"https:\/\/www.hunajahetki.fi\/sv\/wp-json\/wp\/v2\/product\/1372","targetHints":{"allow":["GET"]}}],"collection":[{"href":"https:\/\/www.hunajahetki.fi\/sv\/wp-json\/wp\/v2\/product"}],"about":[{"href":"https:\/\/www.hunajahetki.fi\/sv\/wp-json\/wp\/v2\/types\/product"}],"wp:featuredmedia":[{"embeddable":true,"href":"https:\/\/www.hunajahetki.fi\/sv\/wp-json\/wp\/v2\/media\/2053"}],"wp:attachment":[{"href":"https:\/\/www.hunajahetki.fi\/sv\/wp-json\/wp\/v2\/media?parent=1372"}],"wp:term":[{"taxonomy":"product_brand","embeddable":true,"href":"https:\/\/www.hunajahetki.fi\/sv\/wp-json\/wp\/v2\/product_brand?post=1372"},{"taxonomy":"product_cat","embeddable":true,"href":"https:\/\/www.hunajahetki.fi\/sv\/wp-json\/wp\/v2\/product_cat?post=1372"},{"taxonomy":"product_tag","embeddable":true,"href":"https:\/\/www.hunajahetki.fi\/sv\/wp-json\/wp\/v2\/product_tag?post=1372"}],"curies":[{"name":"wp","href":"https:\/\/api.w.org\/{rel}","templated":true}]}}