{"id":21,"date":"2022-03-05T21:25:45","date_gmt":"2022-03-05T19:25:45","guid":{"rendered":"https:\/\/www.hunajahetki.fi\/?post_type=product&#038;p=21"},"modified":"2025-06-19T10:44:16","modified_gmt":"2025-06-19T07:44:16","slug":"kierrekynttilat","status":"publish","type":"product","link":"https:\/\/www.hunajahetki.fi\/sv\/produkt\/spiralljus\/","title":{"rendered":"Kronljus - bivaxljus"},"content":{"rendered":"<h1 data-color=\"&quot;cmyk(0,0,0,100)&quot;\" data-size=\"{&quot;value&quot;:8}\"><span data-color=\"&quot;cmyk(0,0,0,100)&quot;\" data-size=\"{&quot;value&quot;:8}\">Instruktioner f\u00f6r anv\u00e4ndning av ljus:<\/span><\/h1>\n<p data-color=\"&quot;cmyk(0,0,0,100)&quot;\" data-size=\"{&quot;value&quot;:8}\"><span data-color=\"&quot;cmyk(0,0,0,100)&quot;\" data-size=\"{&quot;value&quot;:8}\">-brinnande ljus f\u00e5r inte l\u00e4mnas utan uppsikt <\/span><\/p>\n<p data-color=\"&quot;cmyk(0,0,0,100)&quot;\" data-size=\"{&quot;value&quot;:8}\"><span data-color=\"&quot;cmyk(0,0,0,100)&quot;\" data-size=\"{&quot;value&quot;:8}\">-brinnande ljus m\u00e5ste f\u00f6rvaras utom r\u00e4ckh\u00e5ll f\u00f6r barn och husdjur<\/span><\/p>\n<p data-color=\"&quot;cmyk(0,0,0,100)&quot;\" data-size=\"{&quot;value&quot;:8}\"><span data-color=\"&quot;cmyk(0,0,0,100)&quot;\" data-size=\"{&quot;value&quot;:8}\">-avst\u00e5ndet mellan ljusen m\u00e5ste alltid vara minst 30 cm.<\/span><\/p>\n<p data-color=\"&quot;cmyk(0,0,0,100)&quot;\" data-size=\"{&quot;value&quot;:8}\"><span data-color=\"&quot;cmyk(0,0,0,100)&quot;\" data-size=\"{&quot;value&quot;:8}\">-det brinnande ljuset m\u00e5ste placeras p\u00e5 en obr\u00e4nnbar yta och p\u00e5 tillr\u00e4ckligt avst\u00e5nd fr\u00e5n brandfarliga material.<\/span><\/p>\n<h2 data-color=\"&quot;cmyk(0,0,0,100)&quot;\" data-size=\"{&quot;value&quot;:8}\">Brinntid:<\/h2>\n<p data-color=\"&quot;cmyk(0,0,0,100)&quot;\" data-size=\"{&quot;value&quot;:8}\">ca 6 timmar<\/p>\n<h1><span style=\"font-weight: 400;\">Bivaxljus - ett naturligt och ekologiskt val<\/span><\/h1>\n<p><span style=\"font-weight: 400;\">Bivax \u00e4r ett naturligt material som produceras av bin f\u00f6r att bygga bikakor. Det \u00e4r ocks\u00e5 en utm\u00e4rkt r\u00e5vara f\u00f6r att g\u00f6ra ljus. Bivaxljus \u00e4r popul\u00e4ra p\u00e5 grund av sin ekologiska natur, vackra utseende och behagliga doft.<\/span><\/p>\n<p><span style=\"font-weight: 400;\">Bivaxljus \u00e4r helt naturliga och biologiskt nedbrytbara. De inneh\u00e5ller inga konstgjorda \u00e4mnen eller kemikalier som kan vara skadliga f\u00f6r b\u00e5de m\u00e4nniskor och milj\u00f6. Detta g\u00f6r dem s\u00e4kra att anv\u00e4nda hemma eller i vilket utrymme som helst.<\/span><\/p>\n<p><span style=\"font-weight: 400;\">Bivaxljus brinner rent utan svart r\u00f6k eller sotrester. Detta g\u00f6r dem till ett idealiskt val f\u00f6r allergiker eller astmatiker som kan reagera p\u00e5 de oh\u00e4lsosamma utsl\u00e4pp som \u00e4r f\u00f6rknippade med andra ljus. Bivaxljus orsakar inte heller koldioxidutsl\u00e4pp p\u00e5 samma s\u00e4tt som till exempel paraffin- eller sojavaxljus.<\/span><\/p>\n<p><span style=\"font-weight: 400;\">Bivaxljus brinner l\u00e4ngre \u00e4n m\u00e5nga andra ljus. Detta beror p\u00e5 bivaxets naturliga egenskaper som g\u00f6r det mycket t\u00e4tt och h\u00e5llbart. Ett enda bivaxljus kan brinna upp till dubbelt s\u00e5 l\u00e4nge som ett motsvarande paraffinljus.<\/span><\/p>\n<p><span style=\"font-weight: 400;\">Bivax \u00e4r ocks\u00e5 en f\u00f6rnybar resurs, eftersom det kan samlas in sparsamt fr\u00e5n bikupor utan att skada bina eller deras omgivande ekosystem. Byggandet av bikupor och framst\u00e4llning av vax \u00e4r naturliga processer som sker kontinuerligt i bisamh\u00e4llet.<\/span><\/p>\n<p><span style=\"font-weight: 400;\">Det \u00e4r ocks\u00e5 v\u00e4rt att n\u00e4mna att att st\u00f6dja bin och anv\u00e4nda vaxet de producerar bidrar till det lokala jordbruket och den biologiska m\u00e5ngfalden i den omgivande naturen. Bin spelar en viktig roll genom att pollinera v\u00e4xter och p\u00e5 s\u00e5 s\u00e4tt hj\u00e4lpa till med tillv\u00e4xten av blandade gr\u00f6dor och fruktgr\u00f6dor.<\/span><\/p>\n<p><span style=\"font-weight: 400;\">Bivax eller bivaxljus finns i olika former och storlekar, s\u00e5 de kan anv\u00e4ndas i olika situationer och interi\u00f6rer. De \u00e4r ocks\u00e5 popul\u00e4ra presenter, eftersom de representerar ett ekologiskt och h\u00e5llbart val.<\/span><\/p>\n<p><span style=\"font-weight: 400;\">S\u00e5 n\u00e4sta g\u00e5ng du vill s\u00e4tta st\u00e4mningen eller letar efter en present, \u00f6verv\u00e4g att v\u00e4lja bivaxljus \u2013 det \u00e4r b\u00e5de ett vackert och ansvarsfullt val!<\/span><\/p>\n<h2><span style=\"font-weight: 400;\">Ta med magi till ditt hem med bivaxljus<\/span><\/h2>\n<p><span style=\"font-weight: 400;\">Bivaxljus \u00e4r ett bra s\u00e4tt att f\u00f6ra in magi i ditt hem. Deras naturliga och rena energik\u00e4lla g\u00f6r dem till det perfekta valet n\u00e4r du vill skapa en lugn och avkopplande atmosf\u00e4r.<\/span><\/p>\n<p><span style=\"font-weight: 400;\">Bivaxljus erbjuder m\u00e5nga alternativ f\u00f6r heminredning och skapa atmosf\u00e4r. De finns i olika storlekar, former och f\u00e4rger, samt i flera olika dofter eller oparfymerade versioner. Du kan v\u00e4lja r\u00e4tt ljus f\u00f6r dig efter stilen i ditt hem. \u00c4lskling F\u00f6r tillf\u00e4llet kan du hitta flera olika ljus gjorda av bivax, som t.ex. <\/span><a href=\"https:\/\/www.hunajahetki.fi\/sv\/tuote\/enkeli\/\"><span style=\"font-weight: 400;\">\u00e4ngel<\/span><\/a><span style=\"font-weight: 400;\">, <\/span><a href=\"https:\/\/www.hunajahetki.fi\/sv\/tuote\/iso-ruusu\/\"><span style=\"font-weight: 400;\">reste sig<\/span><\/a><span style=\"font-weight: 400;\">, <\/span><a href=\"https:\/\/www.hunajahetki.fi\/sv\/tuote\/kapy\/\"><span style=\"font-weight: 400;\">kon<\/span><\/a><span style=\"font-weight: 400;\">och djurteman, <\/span><a href=\"https:\/\/www.hunajahetki.fi\/sv\/tuote\/hevos-kynttila\/\"><span style=\"font-weight: 400;\">h\u00e4st-<\/span><\/a><span style=\"font-weight: 400;\">, <\/span><a href=\"https:\/\/www.hunajahetki.fi\/sv\/tuote\/karhu-kynttila\/\"><span style=\"font-weight: 400;\">Bj\u00f6rn<\/span><\/a><span style=\"font-weight: 400;\">, <\/span><a href=\"https:\/\/www.hunajahetki.fi\/sv\/tuote\/koira\/\"><span style=\"font-weight: 400;\">hund<\/span><\/a><span style=\"font-weight: 400;\"> liksom m\u00e5nga andra.<\/span><\/p>\n<p><span style=\"font-weight: 400;\">L\u00e5t skenet av ljus fylla ditt hem och njut av den lugna och avkopplande atmosf\u00e4r de skapar.<\/span><\/p>\n<p>&nbsp;<\/p>\n<h3><span style=\"font-weight: 400;\">Ett bivaxljus \u00e4r ett b\u00e4ttre alternativ f\u00f6r inomhusluft.<\/span><\/h3>\n<p><span style=\"font-weight: 400;\">Luftkvaliteten inomhus \u00e4r en viktig faktor f\u00f6r h\u00e4lsa och v\u00e4lbefinnande. M\u00e5nga drabbas av olika luftv\u00e4gs- och allergisymptom som kan orsakas av d\u00e5lig inomhusluft. Ett s\u00e4tt att f\u00f6rb\u00e4ttra inomhusluftens kvalitet \u00e4r att v\u00e4lja naturliga och milj\u00f6v\u00e4nliga alternativ f\u00f6r att dofta ditt hem, till exempel bivaxljus.<\/span><\/p>\n<p><span style=\"font-weight: 400;\">Traditionella ljus, som paraffinljus, kan sl\u00e4ppa ut skadliga kemikalier som bensen och toluen i luften. Dessa kemikalier kan irritera luftv\u00e4garna och orsaka huvudv\u00e4rk och andra symtom hos k\u00e4nsliga individer. Dessutom \u00e4r paraffin en oljebaserad produkt som inte \u00e4r en f\u00f6rnybar naturresurs.<\/span><\/p>\n<p><span style=\"font-weight: 400;\">Bivaxljus d\u00e4remot \u00e4r gjorda av 100 % bivax utan tillsatta kemikalier eller syntetiska \u00e4mnen.<\/span><\/p>\n<p><span style=\"font-weight: 400;\">Bivaxljus ger ocks\u00e5 en behaglig och naturlig doft som inte \u00e4r f\u00f6r stark eller konstgjord. De kan hj\u00e4lpa till att skapa en lugn och avkopplande atmosf\u00e4r hemma. Bivax brinner l\u00e5ngsamt och j\u00e4mnt, vilket g\u00f6r ljusen h\u00e5llbara och ekonomiska att anv\u00e4nda.<\/span><\/p>\n<p><span style=\"font-weight: 400;\">Dessutom \u00e4r bivax en f\u00f6rnybar naturresurs, eftersom bina kontinuerligt producerar det f\u00f6r att bygga sina bon. Att samla in vax skadar inte bin eller ekosystemet runt dem, s\u00e5 l\u00e4nge det g\u00f6rs p\u00e5 ett ansvarsfullt s\u00e4tt.<\/span><\/p>\n<p><span style=\"font-weight: 400;\">Det \u00e4r dock viktigt att notera att inte alla bivaxljus n\u00f6dv\u00e4ndigtvis \u00e4r likadana. F\u00f6r att s\u00e4kerst\u00e4lla en h\u00f6gkvalitativ produkt b\u00f6r du v\u00e4lja en tillverkare som anv\u00e4nder certifierat bivax. Certifierade ljus garanterar ren och s\u00e4ker f\u00f6rbr\u00e4nning och ansvarsfull produktion.<\/span><\/p>\n<h2><span style=\"font-weight: 400;\">Bivax f\u00f6r kosmetika och ljus - hur \u00e4r de olika?<\/span><\/h2>\n<p><span style=\"font-weight: 400;\">Bivax anv\u00e4nds ofta i kosmetika och ljustillverkning. Det \u00e4r en uppskattad r\u00e5vara p\u00e5 grund av dess m\u00e5ngsidighet och anv\u00e4ndbara egenskaper.<\/span><\/p>\n<p><span style=\"font-weight: 400;\">Inom kosmetika anv\u00e4nds bivax ofta f\u00f6r att g\u00f6ra kr\u00e4mer, l\u00e4ppbalsam, tv\u00e5l och andra hudv\u00e5rdsprodukter. Dess huvudsakliga funktion i dessa produkter \u00e4r att ge dem textur och sammans\u00e4ttning och att hj\u00e4lpa till att beh\u00e5lla fukten i huden. Bivax fungerar ocks\u00e5 som ett naturligt skyddande lager f\u00f6r huden genom att f\u00f6rhindra att fukt avdunstar.<\/span><\/p>\n<p><span style=\"font-weight: 400;\">Vid tillverkning av ljus anv\u00e4nds bivax p\u00e5 grund av dess renhet och naturlighet.\u00a0<\/span><\/p>\n<p><span style=\"font-weight: 400;\">\u00c4ven om bivax anv\u00e4nds i b\u00e5de kosmetika och ljus, \u00e4r deras skillnader fr\u00e4mst relaterade till sammans\u00e4ttning och bearbetning. I kosmetiska produkter blandas ofta bivax med andra ingredienser som oljor eller sm\u00f6r f\u00f6r att uppn\u00e5 \u00f6nskad konsistens och egenskaper. I ljus kan bivax vara rent eller s\u00e5 kan det blandas med andra \u00e4mnen som erh\u00e5lls fr\u00e5n vaxer.<\/span><\/p>\n<p><span style=\"font-weight: 400;\">En annan skillnad mellan kosmetika och ljus \u00e4r anv\u00e4ndningen av dofter. Inom kosmetika fungerar bivax ofta som en bas till vilken olika eteriska oljor eller andra dofter tills\u00e4tts. I ljus kan det r\u00e4cka med en egen naturlig doft, men parfymer kan \u00e4ven tills\u00e4ttas f\u00f6r att skapa \u00f6nskad doft.<\/span><\/p>\n<p>&nbsp;<\/p>\n<h2><span style=\"font-weight: 400;\">Genom att v\u00e4lja ett bivaxljus hj\u00e4lper du driften av biodlingar<\/span><\/h2>\n<p><span style=\"font-weight: 400;\">Big\u00e5rdar \u00e4r viktiga ekosystem som fr\u00e4mjar v\u00e4xtpollinering och d\u00e4rmed biologisk m\u00e5ngfald. Binas roll \u00e4r oers\u00e4ttlig, eftersom de \u00e4r ansvariga f\u00f6r cirka 80 procent av v\u00e4rldens v\u00e4xter. Tyv\u00e4rr har antalet bin minskat orov\u00e4ckande de senaste decennierna p\u00e5 grund av olika faktorer, som klimatf\u00f6r\u00e4ndringar, anv\u00e4ndning av bek\u00e4mpningsmedel och f\u00f6rlust av livsmilj\u00f6er.<\/span><\/p>\n<p><span style=\"font-weight: 400;\">Ett s\u00e4tt att st\u00f6dja biodlingar \u00e4r att k\u00f6pa bivaxljus. Bivax \u00e4r ett naturligt material som produceras av bin i sina bikakor. Bivaxet som anv\u00e4nds f\u00f6r att g\u00f6ra ljus \u00e4r vanligtvis \u00e5tervunnet material eller en biprodukt fr\u00e5n honungsproduktion. Genom att k\u00f6pa dessa ljus st\u00f6djer du inte bara lokala biodlare utan \u00e4ven binas v\u00e4lbefinnande.<\/span><\/p>\n<p><span style=\"font-weight: 400;\">Binas ekonomiska betydelse \u00e4r inte begr\u00e4nsad till produktionen av honung. De deltar ocks\u00e5 i pollineringen av frukt, b\u00e4r och spannm\u00e5lsv\u00e4xter, vilket i sin tur direkt p\u00e5verkar v\u00e5r livsmedelsproduktion. Utan tillr\u00e4ckligt med pollinat\u00f6rer kan v\u00e4xternas kvantitet och kvalitet minska avsev\u00e4rt, vilket p\u00e5verkar b\u00e5de jordbruksproduktionen och den biologiska m\u00e5ngfalden negativt.<\/span><\/p>\n<p><span style=\"font-weight: 400;\">Att underh\u00e5lla big\u00e5rdar kr\u00e4ver mycket arbete och omsorg. \u00c4garna till bikuporna tar hand om sina bin genom att mata dem, \u00f6vervaka deras h\u00e4lsa och skydda dem fr\u00e5n olika hot. Biodlarna m\u00e5ste ocks\u00e5 f\u00f6rses med tillr\u00e4ckligt med blommande v\u00e4xter s\u00e5 att de f\u00e5r mat och kan producera honung och andra biprodukter.<\/span><\/p>\n<p><span style=\"font-weight: 400;\">Genom att k\u00f6pa ett bivaxljus hj\u00e4lper du biodlingar p\u00e5 m\u00e5nga s\u00e4tt. F\u00f6rst och fr\u00e4mst hj\u00e4lper vinsten fr\u00e5n ljuset du k\u00f6per biodlarna att t\u00e4cka sina utgifter och investera i b\u00e4ttre villkor f\u00f6r sina bin. F\u00f6r det andra, n\u00e4r du k\u00f6per ett ljus direkt fr\u00e5n en lokal eller ekologisk producent st\u00f6djer du ett h\u00e5llbart jordbruk och ett ekologiskt s\u00e4tt att leva.<\/span><\/p>\n<p><span style=\"font-weight: 400;\">Det \u00e4r ocks\u00e5 bra att veta att genom att v\u00e4lja ett bivaxljus ist\u00e4llet f\u00f6r traditionella paraffin- eller sojaljus g\u00f6r du ett milj\u00f6v\u00e4nligt val. Bivax \u00e4r en f\u00f6rnybar naturresurs, medan paraffin \u00e4r oljebaserat och soja \u00e4r ett material baserat p\u00e5 odling.<\/span><\/p>\n<p><span style=\"font-weight: 400;\">Att st\u00f6dja big\u00e5rdar genom att k\u00f6pa bivaxljus \u00e4r ett enkelt s\u00e4tt att fr\u00e4mja binas v\u00e4lbefinnande och samtidigt st\u00f6dja ett mer h\u00e5llbart jordbruk. Med sm\u00e5 \u00e5tg\u00e4rder kan vi alla ha en positiv inverkan p\u00e5 v\u00e4rlden omkring oss och se till att vi har tillr\u00e4ckligt med pollinerare i framtiden f\u00f6r att s\u00e4kerst\u00e4lla v\u00e4lbefinnandet f\u00f6r v\u00e5ra v\u00e4xter.<\/span><\/p>\n<p><span style=\"font-weight: 400;\">Du kan l\u00e4sa v\u00e5r ber\u00e4ttelse <\/span><a href=\"https:\/\/www.hunajahetki.fi\/sv\/brandi\/\"><span style=\"font-weight: 400;\">h\u00e4rifr\u00e5n<\/span><\/a><span style=\"font-weight: 400;\">.<\/span><\/p>","protected":false},"excerpt":{"rendered":"<h1>Bivaxljus:<\/h1>\n<p>Vi tillverkar bivaxljus f\u00f6r hand i Jalasj\u00e4rvi och Iittala. Bivax \u00e4r ett f\u00f6rnybart material som erh\u00e5lls som en biprodukt av honung vid biodling. (bin skadas inte n\u00e4r man tar bort vaxet) Bivax \u00e4r en 100 % naturprodukt. Ljusen brinner l\u00e5ngsamt och vackert med en stor l\u00e5ga. Ljusen har INGA dofter tillsatta, men har en mild naturlig honungsdoft. Inneh\u00e5ller inga allergener. Ett bivaxljus \u00e4r det mest ekologiska alternativet f\u00f6r att br\u00e4nna ett ljus. Det \u00e4r kolfritt, det vill s\u00e4ga att det producerar samma m\u00e4ngd koldioxid n\u00e4r det brinner som det blev f\u00f6rpliktat till vid tillverkningen.<\/p>\n<h2>Dekor:<\/h2>\n<p>Vackra handgjorda bivaxljus passar b\u00e5de som dekoration och som present. Med olika f\u00e4rger kan du inreda ditt hem med f\u00e4rger som passar olika tider p\u00e5 \u00e5ret. Med bivaxljus kan du \u00e4ven s\u00e4tta f\u00e4rg p\u00e5 viktiga h\u00f6gtider som barndop, examensfest, dopfest och andra temafester.<\/p>","protected":false},"featured_media":1827,"template":"","meta":{"_acf_changed":false},"product_brand":[],"product_cat":[18,139],"product_tag":[69,82,27,84,39,43,40,31,41,61,83,72,38,60,26],"class_list":{"0":"post-21","1":"product","2":"type-product","3":"status-publish","4":"has-post-thumbnail","6":"product_cat-mehilaisvahakynttilat","7":"product_cat-hunaja-hetki","8":"product_tag-hunajakynttila","9":"product_tag-kierrekynttila","10":"product_tag-kynttila","11":"product_tag-kynttilalevy","12":"product_tag-kynttilat","13":"product_tag-kasityo","14":"product_tag-lahja","15":"product_tag-mehilaistarhaus","16":"product_tag-mehilaisvaha","17":"product_tag-mehilaisvahakynttilat","18":"product_tag-mehilaisvahalevy","19":"product_tag-mehilaivahakynttila","20":"product_tag-sisustus","21":"product_tag-vaha","22":"product_tag-zero-waste","24":"first","25":"instock","26":"taxable","27":"shipping-taxable","28":"purchasable","29":"product-type-variable"},"acf":[],"_links":{"self":[{"href":"https:\/\/www.hunajahetki.fi\/sv\/wp-json\/wp\/v2\/product\/21","targetHints":{"allow":["GET"]}}],"collection":[{"href":"https:\/\/www.hunajahetki.fi\/sv\/wp-json\/wp\/v2\/product"}],"about":[{"href":"https:\/\/www.hunajahetki.fi\/sv\/wp-json\/wp\/v2\/types\/product"}],"wp:featuredmedia":[{"embeddable":true,"href":"https:\/\/www.hunajahetki.fi\/sv\/wp-json\/wp\/v2\/media\/1827"}],"wp:attachment":[{"href":"https:\/\/www.hunajahetki.fi\/sv\/wp-json\/wp\/v2\/media?parent=21"}],"wp:term":[{"taxonomy":"product_brand","embeddable":true,"href":"https:\/\/www.hunajahetki.fi\/sv\/wp-json\/wp\/v2\/product_brand?post=21"},{"taxonomy":"product_cat","embeddable":true,"href":"https:\/\/www.hunajahetki.fi\/sv\/wp-json\/wp\/v2\/product_cat?post=21"},{"taxonomy":"product_tag","embeddable":true,"href":"https:\/\/www.hunajahetki.fi\/sv\/wp-json\/wp\/v2\/product_tag?post=21"}],"curies":[{"name":"wp","href":"https:\/\/api.w.org\/{rel}","templated":true}]}}