{"id":636,"date":"2022-04-17T20:12:50","date_gmt":"2022-04-17T17:12:50","guid":{"rendered":"https:\/\/www.hunajahetki.fi\/?post_type=product&#038;p=636"},"modified":"2025-06-19T10:39:37","modified_gmt":"2025-06-19T07:39:37","slug":"nahkarasva-hunaja-hetki","status":"publish","type":"product","link":"https:\/\/www.hunajahetki.fi\/sv\/produkt\/laderfett\/","title":{"rendered":"Honung ett tag - L\u00e4derfett"},"content":{"rendered":"<h1>Instruktioner f\u00f6r anv\u00e4ndning av l\u00e4derfett:<\/h1>\n<p>Reng\u00f6r l\u00e4dret du ska arbeta med och torka det ordentligt. N\u00e4r l\u00e4dret har torkat v\u00e4l, applicera Hunaja Hetke l\u00e4derfett, till exempel med en trasa, rikligt \u00f6ver hela l\u00e4dret. Kontrollera speciellt s\u00f6mmarna och h\u00f6rnen f\u00f6r att se till att l\u00e4derfettet sprider sig \u00f6verallt. L\u00e5t st\u00e5 \u00f6ver natten eller \u00e5tminstone ett par timmar och torka sedan bort \u00f6verfl\u00f6digt l\u00e4derfett.<\/p>\n<p>L\u00e4derfett b\u00f6r anv\u00e4ndas med j\u00e4mna mellanrum f\u00f6r att f\u00f6rl\u00e4nga produktens livsl\u00e4ngd och livsl\u00e4ngd<\/p>\n<p>&nbsp;<\/p>\n<p>Tillverkare:<strong> Hunaja Hetki Oy<\/strong><\/p>\n<p>Vallinm\u00e4entie 40, 61640 Ala-Valli<\/p>\n<p>+ 358442475773<\/p>\n<p>&nbsp;<\/p>\n<p>&nbsp;<\/p>","protected":false},"excerpt":{"rendered":"<h1>Talg<\/h1>\n<p>Hunaja Hetken nahkarasva on tehty laadukkaista raaka-aineista ja soveltuu kaikille nahkapinnoille. Vaalean v\u00e4rins\u00e4 ansiosta Hunaja Hetken nahkarasva soveltuu my\u00f6s vaalealle nahkapinnalle. Nahkarasvalla voit suojata keng\u00e4t, laukut, sohvan ja muut nahkatuotteet. Nahkarasva suojaa nahkaa, parantaa nahan joustoa, hylkii likaa ja vett\u00e4 ja pident\u00e4\u00e4 nahan k\u00e4ytt\u00f6ik\u00e4\u00e4. Olemme kehitt\u00e4neet ja valmistamme laadukkaan nahkarasvan itse laadukkaista raaka-aineista.<\/p>\n<p>Nahka tuotteet on hyv\u00e4 k\u00e4sitell\u00e4 ja puhdistaa s\u00e4\u00e4nn\u00f6llisin v\u00e4liajoin. Esimerkiksi nahkakeng\u00e4t on hyv\u00e4 k\u00e4sitell\u00e4 k\u00e4yt\u00f6st\u00e4 riippuen ainakin muutamia kertoja vuodessa.<\/p>\n<p>&nbsp;<\/p>\n<h2>Talg inneh\u00e5ller:<\/h2>\n<p>Mehil\u00e4isvahaa ja laadukkaita \u00f6ljyj\u00e4<\/p>\n<p>50 ml<\/p>","protected":false},"featured_media":1783,"template":"","meta":{"_acf_changed":false},"product_brand":[],"product_cat":[139,150],"product_tag":[126,164,163,41,162,60],"class_list":{"0":"post-636","1":"product","2":"type-product","3":"status-publish","4":"has-post-thumbnail","6":"product_cat-hunaja-hetki","7":"product_cat-mehilaisvahat","8":"product_tag-hunaja-hetki","9":"product_tag-kenkaplankki","10":"product_tag-kenkarasva","11":"product_tag-mehilaisvaha","12":"product_tag-nahkarasva","13":"product_tag-vaha","15":"first","16":"instock","17":"taxable","18":"shipping-taxable","19":"purchasable","20":"product-type-simple"},"acf":[],"_links":{"self":[{"href":"https:\/\/www.hunajahetki.fi\/sv\/wp-json\/wp\/v2\/product\/636","targetHints":{"allow":["GET"]}}],"collection":[{"href":"https:\/\/www.hunajahetki.fi\/sv\/wp-json\/wp\/v2\/product"}],"about":[{"href":"https:\/\/www.hunajahetki.fi\/sv\/wp-json\/wp\/v2\/types\/product"}],"wp:featuredmedia":[{"embeddable":true,"href":"https:\/\/www.hunajahetki.fi\/sv\/wp-json\/wp\/v2\/media\/1783"}],"wp:attachment":[{"href":"https:\/\/www.hunajahetki.fi\/sv\/wp-json\/wp\/v2\/media?parent=636"}],"wp:term":[{"taxonomy":"product_brand","embeddable":true,"href":"https:\/\/www.hunajahetki.fi\/sv\/wp-json\/wp\/v2\/product_brand?post=636"},{"taxonomy":"product_cat","embeddable":true,"href":"https:\/\/www.hunajahetki.fi\/sv\/wp-json\/wp\/v2\/product_cat?post=636"},{"taxonomy":"product_tag","embeddable":true,"href":"https:\/\/www.hunajahetki.fi\/sv\/wp-json\/wp\/v2\/product_tag?post=636"}],"curies":[{"name":"wp","href":"https:\/\/api.w.org\/{rel}","templated":true}]}}