{"id":849,"date":"2022-10-21T10:43:52","date_gmt":"2022-10-21T07:43:52","guid":{"rendered":"https:\/\/www.hunajahetki.fi\/?post_type=product&#038;p=849"},"modified":"2025-10-13T10:28:12","modified_gmt":"2025-10-13T07:28:12","slug":"nallehunaja-hunaja-hetki","status":"publish","type":"product","link":"https:\/\/www.hunajahetki.fi\/sv\/produkt\/nalle-honung\/","title":{"rendered":"Honung ett tag - Bamsehonung"},"content":{"rendered":"<p>Tillverkare: <strong>Hunaja Hetki Oy<\/strong><\/p>\n<p>Vallinm\u00e4entie 40, 61640 Ala-Valli<\/p>\n<p>+358442475773<\/p>\n<p>Ursprungsland: <strong>Finland<\/strong><\/p>\n<p>F\u00f6rvara i rumstemperatur. L\u00e5ngtidsf\u00f6rvaring p\u00e5 en sval och torr plats.<\/p>\n<p>Ainesosat: Hunaja<\/p>\n<p>M\u00e4ngd: 400 g<\/p>\n<p>Inte f\u00f6r barn under ett \u00e5r.<\/p>\n<p class=\"cvGsUA direction-ltr align-end para-style-body\"><strong><span class=\"a_GcMg font-feature-liga-off font-feature-clig-off font-feature-calt-off text-decoration-none text-strikethrough-none\">Ravintoarvot\/N\u00e4rdingsv\u00e4rden:<\/span><\/strong><\/p>\n<p class=\"cvGsUA direction-ltr align-end para-style-body\"><span class=\"a_GcMg font-feature-liga-off font-feature-clig-off font-feature-calt-off text-decoration-none text-strikethrough-none\">Energia\/ Energi: 1 382 kJ (330 kcal) \/100g<\/span><\/p>\n<p class=\"cvGsUA direction-ltr align-end para-style-body\"><span class=\"a_GcMg font-feature-liga-off font-feature-clig-off font-feature-calt-off text-decoration-none text-strikethrough-none\">Rasva\/Fett: 0 g<\/span><\/p>\n<p class=\"cvGsUA direction-ltr align-end para-style-body\"><span class=\"a_GcMg font-feature-liga-off font-feature-clig-off font-feature-calt-off text-decoration-none text-strikethrough-none\">josta tyydyttynytt\u00e4\/ varav m\u00e4tat fett: 0g<\/span><\/p>\n<p class=\"cvGsUA direction-ltr align-end para-style-body\"><span class=\"a_GcMg font-feature-liga-off font-feature-clig-off font-feature-calt-off text-decoration-none text-strikethrough-none\">Hiilihydraatti\/Kolhydrat: 82g<\/span><\/p>\n<p class=\"cvGsUA direction-ltr align-end para-style-body\"><span class=\"a_GcMg font-feature-liga-off font-feature-clig-off font-feature-calt-off text-decoration-none text-strikethrough-none\">josta sokereita \/ varav sockerarter 82 g<\/span><\/p>\n<p class=\"cvGsUA direction-ltr align-end para-style-body\"><span class=\"a_GcMg font-feature-liga-off font-feature-clig-off font-feature-calt-off text-decoration-none text-strikethrough-none\">Proteiini\/Protein: 0 g<\/span><\/p>\n<p class=\"cvGsUA direction-ltr align-end para-style-body\"><span class=\"a_GcMg font-feature-liga-off font-feature-clig-off font-feature-calt-off text-decoration-none text-strikethrough-none\">Suola\/Salt: 0 g<\/span><\/p>","protected":false},"excerpt":{"rendered":"<h1>Nallehonung - 100 % inhemsk lokal honung<\/h1>\n<p>Nallehonung \u00e4r mjuk kn\u00e5dad och sm\u00e4lt-i-munnen honung i en glasburk. Sk\u00f6rden har h\u00e4mtats fr\u00e5n Hunaja Hetkes egna big\u00e5rdar i Tavastland, Birkaland och \u00d6sterbotten. Nalleburken har ett metallskruvlock under plasthatten.<\/p>\n<h2>Honungskvalitet<\/h2>\n<p><span id=\"span-25-699\" class=\"ct-span\">Honey Hetken v\u00e4rdes\u00e4tter kvalitet i all sin honung och honungsprodukter, och honungen bearbetas f\u00f6r hand, fr\u00e5n bikuporna till burkarna. Honung bearbetas i livsmedelsgodk\u00e4nda anl\u00e4ggningar s\u00e5 att vi kan garantera att Hunaja Hetken honung \u00e4r ren och av h\u00f6g kvalitet. Honungen v\u00e4rms inte upp vid n\u00e5got tillf\u00e4lle utan r\u00f6rs om innan konservering Detta j\u00e4mnar ut honungens kristallstruktur och g\u00f6r den skedbar och mycket mjuk. P\u00e5 s\u00e5 s\u00e4tt garanterar vi att alla goda r\u00e5varor i honungen bevaras och att vitaminer och sp\u00e5r\u00e4mnen i honungen inte g\u00e5r f\u00f6rlorade.<\/span><\/p>","protected":false},"featured_media":1810,"template":"","meta":{"_acf_changed":false},"product_brand":[],"product_cat":[152,139],"product_tag":[25,126,254,403,267,401,265,266],"class_list":{"0":"post-849","1":"product","2":"type-product","3":"status-publish","4":"has-post-thumbnail","6":"product_cat-hunaja","7":"product_cat-hunaja-hetki","8":"product_tag-hunaja","9":"product_tag-hunaja-hetki","10":"product_tag-kotimainen-hunaja","11":"product_tag-kukkaishunaja","12":"product_tag-laadukas-hunaja","13":"product_tag-lahihunaja","14":"product_tag-nallehunaja","15":"product_tag-pehmea-hunaja","17":"first","18":"instock","19":"taxable","20":"shipping-taxable","21":"purchasable","22":"product-type-variable"},"acf":[],"_links":{"self":[{"href":"https:\/\/www.hunajahetki.fi\/sv\/wp-json\/wp\/v2\/product\/849","targetHints":{"allow":["GET"]}}],"collection":[{"href":"https:\/\/www.hunajahetki.fi\/sv\/wp-json\/wp\/v2\/product"}],"about":[{"href":"https:\/\/www.hunajahetki.fi\/sv\/wp-json\/wp\/v2\/types\/product"}],"wp:featuredmedia":[{"embeddable":true,"href":"https:\/\/www.hunajahetki.fi\/sv\/wp-json\/wp\/v2\/media\/1810"}],"wp:attachment":[{"href":"https:\/\/www.hunajahetki.fi\/sv\/wp-json\/wp\/v2\/media?parent=849"}],"wp:term":[{"taxonomy":"product_brand","embeddable":true,"href":"https:\/\/www.hunajahetki.fi\/sv\/wp-json\/wp\/v2\/product_brand?post=849"},{"taxonomy":"product_cat","embeddable":true,"href":"https:\/\/www.hunajahetki.fi\/sv\/wp-json\/wp\/v2\/product_cat?post=849"},{"taxonomy":"product_tag","embeddable":true,"href":"https:\/\/www.hunajahetki.fi\/sv\/wp-json\/wp\/v2\/product_tag?post=849"}],"curies":[{"name":"wp","href":"https:\/\/api.w.org\/{rel}","templated":true}]}}