{"id":1232,"date":"2023-09-05T14:04:35","date_gmt":"2023-09-05T11:04:35","guid":{"rendered":"https:\/\/www.hunajahetki.fi\/?post_type=product&#038;p=1232"},"modified":"2025-10-13T10:08:17","modified_gmt":"2025-10-13T07:08:17","slug":"lakritsi-hunajavalmiste-hunaja-hetki-makuhunaja","status":"publish","type":"product","link":"https:\/\/www.hunajahetki.fi\/uk\/product\/\u0441\u043e\u043b\u043e\u0434\u043a\u0430-\u043c\u0435\u0434-\u043f\u0440\u0438\u0433\u043e\u0442\u0443\u0432\u0430\u043d\u043d\u044f-\u043c\u0435\u0434-\u043c\u043e\u043c\u0435\u043d\u0442-\u0430\/","title":{"rendered":"Lakritsinmakuinen hunajavalmiste -Hunaja Hetki"},"content":{"rendered":"<p>\u0412\u0438\u0440\u043e\u0431\u043d\u0438\u043a: <strong>Hunaja Hetki Oy<\/strong><\/p>\n<p>Vallinm\u00e4entie 40, 61640 Ala-Valli<\/p>\n<p>+358 4424 75773<\/p>\n<p>\u041a\u0440\u0430\u0457\u043d\u0430 \u043d\u0430\u0440\u043e\u0434\u0436\u0435\u043d\u043d\u044f: <strong>\u0424\u0456\u043d\u043b\u044f\u043d\u0434\u0456\u044f<\/strong><\/p>\n<p>\u0417\u0431\u0435\u0440\u0456\u0433\u0430\u0442\u0438 \u043f\u0440\u0438 \u043a\u0456\u043c\u043d\u0430\u0442\u043d\u0456\u0439 \u0442\u0435\u043c\u043f\u0435\u0440\u0430\u0442\u0443\u0440\u0456. \u0422\u0440\u0438\u0432\u0430\u043b\u0435 \u0437\u0431\u0435\u0440\u0456\u0433\u0430\u043d\u043d\u044f \u0432 \u043f\u0440\u043e\u0445\u043e\u043b\u043e\u0434\u043d\u043e\u043c\u0443 \u0456 \u0441\u0443\u0445\u043e\u043c\u0443 \u043c\u0456\u0441\u0446\u0456.<\/p>\n<p>Ainesosat: Hunaja, lakritsiaromi<\/p>\n<p>\u041e\u0431\u0441\u044f\u0433: 270 \u0433<\/p>\n<p>\u041d\u0435 \u0434\u043b\u044f \u0434\u0456\u0442\u0435\u0439 \u0434\u043e \u0440\u043e\u043a\u0443.<\/p>\n<p class=\"cvGsUA direction-ltr align-end para-style-body\"><strong><span class=\"a_GcMg font-feature-liga-off font-feature-clig-off font-feature-calt-off text-decoration-none text-strikethrough-none\">Ravintoarvot\/N\u00e4rdingsv\u00e4rden:<\/span><\/strong><\/p>\n<p class=\"cvGsUA direction-ltr align-end para-style-body\"><span class=\"a_GcMg font-feature-liga-off font-feature-clig-off font-feature-calt-off text-decoration-none text-strikethrough-none\">Energia\/ Energi: 1 382 kJ (330 kcal) \/100g<\/span><\/p>\n<p class=\"cvGsUA direction-ltr align-end para-style-body\"><span class=\"a_GcMg font-feature-liga-off font-feature-clig-off font-feature-calt-off text-decoration-none text-strikethrough-none\">Rasva\/Fett: 0 g<\/span><\/p>\n<p class=\"cvGsUA direction-ltr align-end para-style-body\"><span class=\"a_GcMg font-feature-liga-off font-feature-clig-off font-feature-calt-off text-decoration-none text-strikethrough-none\">josta tyydyttynytt\u00e4\/ varav m\u00e4tat fett: 0g<\/span><\/p>\n<p class=\"cvGsUA direction-ltr align-end para-style-body\"><span class=\"a_GcMg font-feature-liga-off font-feature-clig-off font-feature-calt-off text-decoration-none text-strikethrough-none\">Hiilihydraatti\/Kolhydrat: 82g<\/span><\/p>\n<p class=\"cvGsUA direction-ltr align-end para-style-body\"><span class=\"a_GcMg font-feature-liga-off font-feature-clig-off font-feature-calt-off text-decoration-none text-strikethrough-none\">josta sokereita \/ varav sockerarter 82 g<\/span><\/p>\n<p class=\"cvGsUA direction-ltr align-end para-style-body\"><span class=\"a_GcMg font-feature-liga-off font-feature-clig-off font-feature-calt-off text-decoration-none text-strikethrough-none\">Proteiini\/Protein: 0 g<\/span><\/p>\n<p class=\"cvGsUA direction-ltr align-end para-style-body\"><span class=\"a_GcMg font-feature-liga-off font-feature-clig-off font-feature-calt-off text-decoration-none text-strikethrough-none\">Suola\/Salt: 0 g<\/span><\/p>","protected":false},"excerpt":{"rendered":"<p>Perinteinen. Maukas ja pehme\u00e4. Herkutteluun ja j\u00e4\u00e4tel\u00f6n kaveriksi. Lihan marinointiin ja maustamiseen.<\/p>\n<h2>\u042f\u043a\u0456\u0441\u0442\u044c \u043c\u0435\u0434\u0443<\/h2>\n<p><span id=\"span-25-699\" class=\"ct-span\">Hunaja Hetken kaikissa hunajissa ja hunajavalmisteissa vaalitaan laatua ja hunaja k\u00e4sitell\u00e4\u00e4n itse k\u00e4sity\u00f6n\u00e4 mehil\u00e4ispesist\u00e4 purkkeihin saakka. Hunaja k\u00e4sitell\u00e4\u00e4n elintarvikehyv\u00e4ksytyiss\u00e4 tiloissa, jotta voimme taata Hunaja Hetken hunajan olevan puhdasta ja laadukasta. Makuhunajissa k\u00e4yt\u00e4mme pehme\u00e4ksi vaivattua, suussa sulavaa hunajaa, jossa hunajan maku ja Lakritsin maku yhdess\u00e4 tekev\u00e4t hunajavalmisteesta t\u00e4ydellisen yhdistelm\u00e4n. Hunajaa ei miss\u00e4\u00e4n vaiheessa kuummenneta vaan sit\u00e4 sekoitetaan ennen purkittamista N\u00e4in hunajan kiderakenne tasoittuu ja hunajasta tulee lusikoitavaa ja hyvin pehmoista. N\u00e4in takaamme, ett\u00e4 hunajan kaikki hyv\u00e4t raaka-aineet s\u00e4ilyv\u00e4t ja hunaja vitamiinit ja hivenaineet eiv\u00e4t katoa.<\/span><\/p>","protected":false},"featured_media":2062,"template":"","meta":{"_acf_changed":false},"product_brand":[],"product_cat":[152,139],"product_tag":[25,126,193,169,188,254,192,194,399,167],"class_list":{"0":"post-1232","1":"product","2":"type-product","3":"status-publish","4":"has-post-thumbnail","6":"product_cat-hunaja","7":"product_cat-hunaja-hetki","8":"product_tag-hunaja","9":"product_tag-hunaja-hetki","10":"product_tag-hunajalakritsi","11":"product_tag-hunajavalmiste","12":"product_tag-jalkiruoka","13":"product_tag-kotimainen-hunaja","14":"product_tag-lakritsi","15":"product_tag-lakritsihunajavalmiste","16":"product_tag-leivonta","17":"product_tag-makuhunaja","19":"first","20":"instock","21":"taxable","22":"shipping-taxable","23":"purchasable","24":"product-type-variable"},"acf":[],"_links":{"self":[{"href":"https:\/\/www.hunajahetki.fi\/uk\/wp-json\/wp\/v2\/product\/1232","targetHints":{"allow":["GET"]}}],"collection":[{"href":"https:\/\/www.hunajahetki.fi\/uk\/wp-json\/wp\/v2\/product"}],"about":[{"href":"https:\/\/www.hunajahetki.fi\/uk\/wp-json\/wp\/v2\/types\/product"}],"wp:featuredmedia":[{"embeddable":true,"href":"https:\/\/www.hunajahetki.fi\/uk\/wp-json\/wp\/v2\/media\/2062"}],"wp:attachment":[{"href":"https:\/\/www.hunajahetki.fi\/uk\/wp-json\/wp\/v2\/media?parent=1232"}],"wp:term":[{"taxonomy":"product_brand","embeddable":true,"href":"https:\/\/www.hunajahetki.fi\/uk\/wp-json\/wp\/v2\/product_brand?post=1232"},{"taxonomy":"product_cat","embeddable":true,"href":"https:\/\/www.hunajahetki.fi\/uk\/wp-json\/wp\/v2\/product_cat?post=1232"},{"taxonomy":"product_tag","embeddable":true,"href":"https:\/\/www.hunajahetki.fi\/uk\/wp-json\/wp\/v2\/product_tag?post=1232"}],"curies":[{"name":"wp","href":"https:\/\/api.w.org\/{rel}","templated":true}]}}