{"id":1264,"date":"2023-09-12T12:05:43","date_gmt":"2023-09-12T09:05:43","guid":{"rendered":"https:\/\/www.hunajahetki.fi\/?post_type=product&#038;p=1264"},"modified":"2025-10-13T10:36:32","modified_gmt":"2025-10-13T07:36:32","slug":"siitepoly-mehilaisten-keraama-siitepoly","status":"publish","type":"product","link":"https:\/\/www.hunajahetki.fi\/uk\/product\/\u043f\u0438\u043b\u043e\u043a-\u043f\u043e\u043b\u0456-\u0431\u0434\u0436\u043e\u043b\u0438\u043d\u0438\u0439-\u043a\u0435\u0440\u0430\u043c\u0456\u0447\u043d\u0438\u0439-\u043f\u0438\u043b\u043e\/","title":{"rendered":"\u041f\u0438\u043b\u043e\u043a \u2013 \u043c\u0435\u0434\u043e\u0432\u0430 \u043c\u0438\u0442\u044c"},"content":{"rendered":"<h1>\u041f\u0438\u043b\u043e\u043a:<\/h1>\n<p>\u0425\u0430\u0440\u0447\u043e\u0432\u0430 \u0446\u0456\u043d\u043d\u0456\u0441\u0442\u044c\/100 \u0433<br \/>\n\u0415\u043d\u0435\u0440\u0433\u0435\u0442\u0438\u0447\u043d\u0430 \u0446\u0456\u043d\u043d\u0456\u0441\u0442\u044c 1600 \u043a\u0414\u0436\/379 \u043a\u043a\u0430\u043b<br \/>\n\u0416\u0438\u0440\u0438 7,2 \u0433<br \/>\n\u0437 \u043d\u0438\u0445 \u043d\u0430\u0441\u0438\u0447\u0435\u043d\u0438\u0445 0,7\u0433<br \/>\n\u0412\u0443\u0433\u043b\u0435\u0432\u043e\u0434\u0438 56 \u0433<br \/>\n\u0437 \u043d\u0438\u0445 \u0446\u0443\u043a\u0440\u0443 34,8\u0433<br \/>\n\u0411\u0456\u043b\u043a\u0438 22,5 \u0433<br \/>\n\u0421\u0456\u043b\u044c 0,13 \u0433<br \/>\n\u041e\u043c\u0435\u0433\u0430-3 \u0436\u0438\u0440\u043d\u0456 \u043a\u0438\u0441\u043b\u043e\u0442\u0438 0,6<\/p>\n<p>\u0412\u0438\u0440\u043e\u0431\u043d\u0438\u043a: <strong>Hunaja Hetki Oy <\/strong><\/p>\n<p>Vallinm\u00e4entie 40, 61640 Ala-Valli<\/p>\n<p>+358 4424 75773<\/p>\n<p>\u041a\u0440\u0430\u0457\u043d\u0430 \u043d\u0430\u0440\u043e\u0434\u0436\u0435\u043d\u043d\u044f: <strong>\u0424\u0456\u043d\u043b\u044f\u043d\u0434\u0456\u044f<\/strong><\/p>\n<p>\u0417\u0431\u0435\u0440\u0456\u0433\u0430\u0442\u0438 \u043f\u0440\u0438 \u043a\u0456\u043c\u043d\u0430\u0442\u043d\u0456\u0439 \u0442\u0435\u043c\u043f\u0435\u0440\u0430\u0442\u0443\u0440\u0456. \u0422\u0440\u0438\u0432\u0430\u043b\u0435 \u0437\u0431\u0435\u0440\u0456\u0433\u0430\u043d\u043d\u044f \u0432 \u043f\u0440\u043e\u0445\u043e\u043b\u043e\u0434\u043d\u043e\u043c\u0443 \u0456 \u0441\u0443\u0445\u043e\u043c\u0443 \u043c\u0456\u0441\u0446\u0456. \u0422\u0430\u043a\u043e\u0436 \u043c\u043e\u0436\u043d\u0430 \u0437\u0430\u043c\u043e\u0440\u043e\u0437\u0438\u0442\u0438.<\/p>","protected":false},"excerpt":{"rendered":"<h1>\u0412\u0438\u0441\u043e\u043a\u043e\u044f\u043a\u0456\u0441\u043d\u0438\u0439 \u0434\u043e\u043c\u0430\u0448\u043d\u0456\u0439 \u0441\u0443\u0448\u0435\u043d\u0438\u0439 \u043f\u0438\u043b\u043e\u043a Honey Hetken<\/h1>\n<p>Sopii erinomaisesti k\u00e4ytett\u00e4v\u00e4ksi siitep\u00f6lykauden ulkopuolella. K\u00e4ytt\u00f6 aloitettava varovasti, jos ep\u00e4ilet allergiaa voit aloittaa siitep\u00f6lyn k\u00e4yt\u00f6n yhdell\u00e4 hippusella ja nostaa annosm\u00e4\u00e4r\u00e4\u00e4 hiljalleen. Siitep\u00f6lyn v\u00e4ri kertoo mist\u00e4 kasvista siitep\u00f6ly on per\u00e4isin. Esimerkiksi oranssi on voikukasta, musta horsmasta ja niin edelleen. Siitep\u00f6ly ker\u00e4\u00e4 kuitenkin itseens\u00e4 my\u00f6s tuulip\u00f6lytteisten kasvien siitep\u00f6ly\u00e4, joten jos olet allerginen esimerkiksi koivulle, timoteille tai vastaavalle saatat altistua vastaaviin siitep\u00f6lyihin pieniss\u00e4 m\u00e4\u00e4riss\u00e4 nauttiessa mehil\u00e4isten ker\u00e4\u00e4m\u00e4\u00e4 siitep\u00f6ly\u00e4. Nauti siitep\u00f6ly\u00e4 jogurtin, rahkan, puuron p\u00e4\u00e4ll\u00e4 tai sellaisenaan.<\/p>\n<p>Annos 0,5-1 tl \/ pv<\/p>\n<p>Tiesitk\u00f6, ett\u00e4 Hunaja Hetki siirtyy kokonaan luomutuotantoon 2025 menness\u00e4, jolloin my\u00f6s Hunaja Hetken siitep\u00f6ly on luomua. Vuonna 2024 2\/3 osaa tuotteista on jo luomua.<\/p>","protected":false},"featured_media":1819,"template":"","meta":{"_acf_changed":false},"product_brand":[],"product_cat":[139,414],"product_tag":[116,302,300,31,301,299],"class_list":{"0":"post-1264","1":"product","2":"type-product","3":"status-publish","4":"has-post-thumbnail","6":"product_cat-hunaja-hetki","7":"product_cat-muut-elintarvikkeet","8":"product_tag-kotimainen","9":"product_tag-luonnontuote","10":"product_tag-mehilaiset","11":"product_tag-mehilaistarhaus","12":"product_tag-pollen","13":"product_tag-siitepoly","15":"first","16":"instock","17":"taxable","18":"shipping-taxable","19":"purchasable","20":"product-type-simple"},"acf":[],"_links":{"self":[{"href":"https:\/\/www.hunajahetki.fi\/uk\/wp-json\/wp\/v2\/product\/1264","targetHints":{"allow":["GET"]}}],"collection":[{"href":"https:\/\/www.hunajahetki.fi\/uk\/wp-json\/wp\/v2\/product"}],"about":[{"href":"https:\/\/www.hunajahetki.fi\/uk\/wp-json\/wp\/v2\/types\/product"}],"wp:featuredmedia":[{"embeddable":true,"href":"https:\/\/www.hunajahetki.fi\/uk\/wp-json\/wp\/v2\/media\/1819"}],"wp:attachment":[{"href":"https:\/\/www.hunajahetki.fi\/uk\/wp-json\/wp\/v2\/media?parent=1264"}],"wp:term":[{"taxonomy":"product_brand","embeddable":true,"href":"https:\/\/www.hunajahetki.fi\/uk\/wp-json\/wp\/v2\/product_brand?post=1264"},{"taxonomy":"product_cat","embeddable":true,"href":"https:\/\/www.hunajahetki.fi\/uk\/wp-json\/wp\/v2\/product_cat?post=1264"},{"taxonomy":"product_tag","embeddable":true,"href":"https:\/\/www.hunajahetki.fi\/uk\/wp-json\/wp\/v2\/product_tag?post=1264"}],"curies":[{"name":"wp","href":"https:\/\/api.w.org\/{rel}","templated":true}]}}