{"id":1300,"date":"2023-09-19T14:49:30","date_gmt":"2023-09-19T11:49:30","guid":{"rendered":"https:\/\/www.hunajahetki.fi\/?post_type=product&#038;p=1300"},"modified":"2025-06-19T10:32:43","modified_gmt":"2025-06-19T07:32:43","slug":"juhlakapy-mehilaisvahakynttila-kynttila","status":"publish","type":"product","link":"https:\/\/www.hunajahetki.fi\/uk\/product\/julkakapy-\u0441\u0432\u0456\u0447\u043a\u0430-\u0437-\u0431\u0434\u0436\u043e\u043b\u0438\u043d\u043e\u0433\u043e-\u0432\u043e\u0441\u043a\u0443-\u0441\u0432\u0456\u0447\u043a\u0430\/","title":{"rendered":"\u041a\u043e\u043d\u0443\u0441 \u0432\u0435\u0447\u0456\u0440\u043a\u0430 - \u0441\u0432\u0456\u0447\u043a\u0430 \u0437 \u0431\u0434\u0436\u043e\u043b\u0438\u043d\u043e\u0433\u043e \u0432\u043e\u0441\u043a\u0443"},"content":{"rendered":"<h1 data-color=\"&quot;cmyk(0,0,0,100)&quot;\" data-size=\"{&quot;value&quot;:8}\"><span data-color=\"&quot;cmyk(0,0,0,100)&quot;\" data-size=\"{&quot;value&quot;:8}\">\u0406\u043d\u0441\u0442\u0440\u0443\u043a\u0446\u0456\u044f \u043f\u043e \u0437\u0430\u0441\u0442\u043e\u0441\u0443\u0432\u0430\u043d\u043d\u044e \u0441\u0432\u0456\u0447\u043a\u0438:<\/span><\/h1>\n<p data-color=\"&quot;cmyk(0,0,0,100)&quot;\" data-size=\"{&quot;value&quot;:8}\"><span data-color=\"&quot;cmyk(0,0,0,100)&quot;\" data-size=\"{&quot;value&quot;:8}\">-\u0437\u0430\u043f\u0430\u043b\u0435\u043d\u0456 \u0441\u0432\u0456\u0447\u043a\u0438 \u043d\u0435 \u043c\u043e\u0436\u043d\u0430 \u0437\u0430\u043b\u0438\u0448\u0430\u0442\u0438 \u0431\u0435\u0437 \u043d\u0430\u0433\u043b\u044f\u0434\u0443 <\/span><\/p>\n<p data-color=\"&quot;cmyk(0,0,0,100)&quot;\" data-size=\"{&quot;value&quot;:8}\"><span data-color=\"&quot;cmyk(0,0,0,100)&quot;\" data-size=\"{&quot;value&quot;:8}\">-\u0437\u0430\u043f\u0430\u043b\u0435\u043d\u0456 \u0441\u0432\u0456\u0447\u043a\u0438 \u043d\u0435\u043e\u0431\u0445\u0456\u0434\u043d\u043e \u0437\u0431\u0435\u0440\u0456\u0433\u0430\u0442\u0438 \u0432 \u043d\u0435\u0434\u043e\u0441\u0442\u0443\u043f\u043d\u043e\u043c\u0443 \u0434\u043b\u044f \u0434\u0456\u0442\u0435\u0439 \u0442\u0430 \u0434\u043e\u043c\u0430\u0448\u043d\u0456\u0445 \u0442\u0432\u0430\u0440\u0438\u043d \u043c\u0456\u0441\u0446\u0456<\/span><\/p>\n<p data-color=\"&quot;cmyk(0,0,0,100)&quot;\" data-size=\"{&quot;value&quot;:8}\"><span data-color=\"&quot;cmyk(0,0,0,100)&quot;\" data-size=\"{&quot;value&quot;:8}\">-\u0432\u0456\u0434\u0441\u0442\u0430\u043d\u044c \u043c\u0456\u0436 \u0441\u0432\u0456\u0447\u043a\u0430\u043c\u0438 \u0437\u0430\u0432\u0436\u0434\u0438 \u043f\u043e\u0432\u0438\u043d\u043d\u0430 \u0431\u0443\u0442\u0438 \u043d\u0435 \u043c\u0435\u043d\u0448\u0435 30 \u0441\u043c.<\/span><\/p>\n<p data-color=\"&quot;cmyk(0,0,0,100)&quot;\" data-size=\"{&quot;value&quot;:8}\"><span data-color=\"&quot;cmyk(0,0,0,100)&quot;\" data-size=\"{&quot;value&quot;:8}\">-\u043f\u0430\u043b\u0430\u044e\u0447\u0430 \u0441\u0432\u0456\u0447\u043a\u0430 \u043f\u043e\u0432\u0438\u043d\u043d\u0430 \u0431\u0443\u0442\u0438 \u0440\u043e\u0437\u043c\u0456\u0449\u0435\u043d\u0430 \u043d\u0430 \u043d\u0435\u0433\u043e\u0440\u044e\u0447\u0456\u0439 \u043f\u043e\u0432\u0435\u0440\u0445\u043d\u0456 \u0442\u0430 \u043d\u0430 \u0434\u043e\u0441\u0442\u0430\u0442\u043d\u0456\u0439 \u0432\u0456\u0434\u0441\u0442\u0430\u043d\u0456 \u0432\u0456\u0434 \u043b\u0435\u0433\u043a\u043e\u0437\u0430\u0439\u043c\u0438\u0441\u0442\u0438\u0445 \u043c\u0430\u0442\u0435\u0440\u0456\u0430\u043b\u0456\u0432.<\/span><\/p>\n<p data-color=\"&quot;cmyk(0,0,0,100)&quot;\" data-size=\"{&quot;value&quot;:8}\">\u0412\u0438\u0440\u043e\u0431\u043d\u0438\u043a: <strong>Hunaja Hetki Oy<\/strong><\/p>\n<p data-color=\"&quot;cmyk(0,0,0,100)&quot;\" data-size=\"{&quot;value&quot;:8}\">Vallinm\u00e4entie 40, 61640 Ala-Valli +358 4424 75773<\/p>\n<p data-color=\"&quot;cmyk(0,0,0,100)&quot;\" data-size=\"{&quot;value&quot;:8}\">\u041a\u0440\u0430\u0457\u043d\u0430 \u043d\u0430\u0440\u043e\u0434\u0436\u0435\u043d\u043d\u044f: <strong>\u0424\u0456\u043d\u043b\u044f\u043d\u0434\u0456\u044f<\/strong><\/p>\n<p data-color=\"&quot;cmyk(0,0,0,100)&quot;\" data-size=\"{&quot;value&quot;:8}\">","protected":false},"excerpt":{"rendered":"<h1>\u041f\u0430\u0440\u0442\u0456\u0439\u043d\u0438\u0439 \u043a\u043e\u043d\u0443\u0441<\/h1>\n<p>Juhlak\u00e4py on kaunis koristekynttil\u00e4, joka sopii niin lahjaksi kuin sisustukseen. Mehil\u00e4isvahan luonnollinen tuoksu, kaunis ulkoasu tuovat tunnelmaa jokaiseen kotiin. Mehil\u00e4isvaha tuoksuu miedosti ja on luonnollinen aito tuoksu. Mehil\u00e4isvahakynttil\u00e4 palaa hitaasti ja kauniisti isolla liekill\u00e4 pitk\u00e4n aikaa. 100 prosenttinen mehil\u00e4isvahakynttil\u00e4 ei sis\u00e4ll\u00e4 mit\u00e4\u00e4n ylim\u00e4\u00e4r\u00e4ist\u00e4 ja on n\u00e4in ollen erinomainen kynttil\u00e4 sis\u00e4ll\u00e4 poltettavaksi.<\/p>\n<p>Voit my\u00f6s tutustua piemep\u00e4\u00e4n k\u00e4pykynttil\u00e4\u00e4mme <a href=\"http:\/\/pieni k\u00e4py\">https:\/\/www.hunajahetki.fi\/tuote\/kapy\/<\/a><\/p>","protected":false},"featured_media":1308,"template":"","meta":{"_acf_changed":false},"product_brand":[],"product_cat":[139,18],"product_tag":[],"class_list":{"0":"post-1300","1":"product","2":"type-product","3":"status-publish","4":"has-post-thumbnail","6":"product_cat-hunaja-hetki","7":"product_cat-mehilaisvahakynttilat","9":"first","10":"instock","11":"taxable","12":"shipping-taxable","13":"purchasable","14":"product-type-variable"},"acf":[],"_links":{"self":[{"href":"https:\/\/www.hunajahetki.fi\/uk\/wp-json\/wp\/v2\/product\/1300","targetHints":{"allow":["GET"]}}],"collection":[{"href":"https:\/\/www.hunajahetki.fi\/uk\/wp-json\/wp\/v2\/product"}],"about":[{"href":"https:\/\/www.hunajahetki.fi\/uk\/wp-json\/wp\/v2\/types\/product"}],"wp:featuredmedia":[{"embeddable":true,"href":"https:\/\/www.hunajahetki.fi\/uk\/wp-json\/wp\/v2\/media\/1308"}],"wp:attachment":[{"href":"https:\/\/www.hunajahetki.fi\/uk\/wp-json\/wp\/v2\/media?parent=1300"}],"wp:term":[{"taxonomy":"product_brand","embeddable":true,"href":"https:\/\/www.hunajahetki.fi\/uk\/wp-json\/wp\/v2\/product_brand?post=1300"},{"taxonomy":"product_cat","embeddable":true,"href":"https:\/\/www.hunajahetki.fi\/uk\/wp-json\/wp\/v2\/product_cat?post=1300"},{"taxonomy":"product_tag","embeddable":true,"href":"https:\/\/www.hunajahetki.fi\/uk\/wp-json\/wp\/v2\/product_tag?post=1300"}],"curies":[{"name":"wp","href":"https:\/\/api.w.org\/{rel}","templated":true}]}}