{"id":1364,"date":"2023-11-02T08:30:22","date_gmt":"2023-11-02T06:30:22","guid":{"rendered":"https:\/\/www.hunajahetki.fi\/?post_type=product&#038;p=1364"},"modified":"2025-06-19T10:32:15","modified_gmt":"2025-06-19T07:32:15","slug":"hella-palashampoo-valkosavi-shampoo","status":"publish","type":"product","link":"https:\/\/www.hunajahetki.fi\/uk\/product\/\u0448\u0430\u043c\u043f\u0443\u043d\u044c-hella-chunk\/","title":{"rendered":"\u041d\u0456\u0436\u043d\u0438\u0439 \u0448\u0430\u043c\u043f\u0443\u043d\u044c \u0437 \u0431\u0456\u043b\u043e\u044e \u0433\u043b\u0438\u043d\u043e\u044e \u0456 \u043c\u0438\u043b\u043e"},"content":{"rendered":"<p>Hunaja Hetken Hell\u00e4 palashampoo on valmistettu laadukkaista raaka-aineista k\u00e4sity\u00f6n\u00e4.<\/p>\n<p>&nbsp;<\/p>\n<p><span class=\"OYPEnA text-decoration-none text-strikethrough-none\">INCI: Sodium Cocoate, Sodium Avocadoate, Sodium Hempseedate, Sodium Grapeseedate, Aqua, Glycerin, Sodium Shea butterate, Sodium Castorate, Kaolin<\/span><\/p>\n<p>M\u00e4\u00e4r\u00e4: ~70 g<\/p>\n<p>\u0412\u0438\u0440\u043e\u0431\u043d\u0438\u043a: <strong>Hunaja Hetki Oy<\/strong><\/p>\n<p>Vallinm\u00e4entie 40, 61640 Ala-Valli<\/p>\n<p>+358 4424 75773<\/p>\n<p>\u041a\u0440\u0430\u0457\u043d\u0430 \u043d\u0430\u0440\u043e\u0434\u0436\u0435\u043d\u043d\u044f: <strong>\u0424\u0456\u043d\u043b\u044f\u043d\u0434\u0456\u044f<\/strong><\/p>","protected":false},"excerpt":{"rendered":"<h1>Hell\u00e4 valkosavi palashampoo hell\u00e4\u00e4n hiusten pesuun<\/h1>\n<p><span class=\"OYPEnA text-decoration-none text-strikethrough-none\">Hell\u00e4varaisesti puhdistava shampoopala, levit\u00e4 kosteisiin hiuksiin ja huuhtele hyvin. Toista tarvittaessa. Varastoi kuivassa paikassa. Jos shampoota joutuu silmiin, huuhtele runsaalla vedell\u00e4.<\/span><\/p>\n<h2>Miksi valita Hell\u00e4 valkosavi shampoo?<\/h2>\n<p>Valkosavi on yksi monista savityypeist\u00e4. Valkosavi on erinomainen ainesosa puhdistamaan hiuspohjaa ja hiuksia. Se imee itseens\u00e4 ylim\u00e4\u00e4r\u00e4ist\u00e4 \u00f6ljy\u00e4 ja ep\u00e4puhtauksia. N\u00e4in shampoo tasapainoittaa hiuspohjan \u00f6ljyisyytt\u00e4. Valkosavi on hell\u00e4varainen ja sopii hyvin herk\u00e4lle hiuspohjalle. Valkosavi auttaa rauhoittaman \u00e4rtynytt\u00e4 hiuspohjaa ja lievitt\u00e4\u00e4 kutinaa tai hilseen oireita. Se edist\u00e4\u00e4 my\u00f6s hiuspohjan verenkiertoa, mik\u00e4 tulee hiusten terveytt\u00e4 ja kasvua. Valkosavi shampoo tekee hiuksista pehme\u00e4mm\u00e4t ja kiilt\u00e4v\u00e4mm\u00e4t antaen hiuksille volyymia ja lis\u00e4\u00e4 niiden rakennetta.<\/p>\n<p>&nbsp;<\/p>\n<p>&nbsp;<\/p>","protected":false},"featured_media":1845,"template":"","meta":{"_acf_changed":false},"product_brand":[],"product_cat":[139,21],"product_tag":[308,309,130,307,305,306],"class_list":{"0":"post-1364","1":"product","2":"type-product","3":"status-publish","4":"has-post-thumbnail","6":"product_cat-hunaja-hetki","7":"product_cat-mehilaiskosmetiikka","8":"product_tag-kotimainen-shampoo","9":"product_tag-kasintehty","10":"product_tag-palasaippua","11":"product_tag-palashampoo","12":"product_tag-valkosavi","13":"product_tag-valkosavi-shampoo","15":"first","16":"instock","17":"taxable","18":"shipping-taxable","19":"purchasable","20":"product-type-variable"},"acf":[],"_links":{"self":[{"href":"https:\/\/www.hunajahetki.fi\/uk\/wp-json\/wp\/v2\/product\/1364","targetHints":{"allow":["GET"]}}],"collection":[{"href":"https:\/\/www.hunajahetki.fi\/uk\/wp-json\/wp\/v2\/product"}],"about":[{"href":"https:\/\/www.hunajahetki.fi\/uk\/wp-json\/wp\/v2\/types\/product"}],"wp:featuredmedia":[{"embeddable":true,"href":"https:\/\/www.hunajahetki.fi\/uk\/wp-json\/wp\/v2\/media\/1845"}],"wp:attachment":[{"href":"https:\/\/www.hunajahetki.fi\/uk\/wp-json\/wp\/v2\/media?parent=1364"}],"wp:term":[{"taxonomy":"product_brand","embeddable":true,"href":"https:\/\/www.hunajahetki.fi\/uk\/wp-json\/wp\/v2\/product_brand?post=1364"},{"taxonomy":"product_cat","embeddable":true,"href":"https:\/\/www.hunajahetki.fi\/uk\/wp-json\/wp\/v2\/product_cat?post=1364"},{"taxonomy":"product_tag","embeddable":true,"href":"https:\/\/www.hunajahetki.fi\/uk\/wp-json\/wp\/v2\/product_tag?post=1364"}],"curies":[{"name":"wp","href":"https:\/\/api.w.org\/{rel}","templated":true}]}}