{"id":1456,"date":"2023-11-05T10:12:17","date_gmt":"2023-11-05T08:12:17","guid":{"rendered":"https:\/\/www.hunajahetki.fi\/?post_type=product&#038;p=1456"},"modified":"2025-06-19T10:31:49","modified_gmt":"2025-06-19T07:31:49","slug":"juhlakapy-lahjapakkauksessa","status":"publish","type":"product","link":"https:\/\/www.hunajahetki.fi\/uk\/product\/juhlakapy-lahjapakkauksessa\/","title":{"rendered":"Juhlak\u00e4py -lahjapakkauksessa"},"content":{"rendered":"<h1 data-color=\"&quot;cmyk(0,0,0,100)&quot;\" data-size=\"{&quot;value&quot;:8}\"><span data-color=\"&quot;cmyk(0,0,0,100)&quot;\" data-size=\"{&quot;value&quot;:8}\">\u0406\u043d\u0441\u0442\u0440\u0443\u043a\u0446\u0456\u044f \u043f\u043e \u0437\u0430\u0441\u0442\u043e\u0441\u0443\u0432\u0430\u043d\u043d\u044e \u0441\u0432\u0456\u0447\u043a\u0438:<\/span><\/h1>\n<p data-color=\"&quot;cmyk(0,0,0,100)&quot;\" data-size=\"{&quot;value&quot;:8}\"><span data-color=\"&quot;cmyk(0,0,0,100)&quot;\" data-size=\"{&quot;value&quot;:8}\">-\u0437\u0430\u043f\u0430\u043b\u0435\u043d\u0456 \u0441\u0432\u0456\u0447\u043a\u0438 \u043d\u0435 \u043c\u043e\u0436\u043d\u0430 \u0437\u0430\u043b\u0438\u0448\u0430\u0442\u0438 \u0431\u0435\u0437 \u043d\u0430\u0433\u043b\u044f\u0434\u0443 <\/span><\/p>\n<p data-color=\"&quot;cmyk(0,0,0,100)&quot;\" data-size=\"{&quot;value&quot;:8}\"><span data-color=\"&quot;cmyk(0,0,0,100)&quot;\" data-size=\"{&quot;value&quot;:8}\">-\u0437\u0430\u043f\u0430\u043b\u0435\u043d\u0456 \u0441\u0432\u0456\u0447\u043a\u0438 \u043d\u0435\u043e\u0431\u0445\u0456\u0434\u043d\u043e \u0437\u0431\u0435\u0440\u0456\u0433\u0430\u0442\u0438 \u0432 \u043d\u0435\u0434\u043e\u0441\u0442\u0443\u043f\u043d\u043e\u043c\u0443 \u0434\u043b\u044f \u0434\u0456\u0442\u0435\u0439 \u0442\u0430 \u0434\u043e\u043c\u0430\u0448\u043d\u0456\u0445 \u0442\u0432\u0430\u0440\u0438\u043d \u043c\u0456\u0441\u0446\u0456<\/span><\/p>\n<p data-color=\"&quot;cmyk(0,0,0,100)&quot;\" data-size=\"{&quot;value&quot;:8}\"><span data-color=\"&quot;cmyk(0,0,0,100)&quot;\" data-size=\"{&quot;value&quot;:8}\">-\u0432\u0456\u0434\u0441\u0442\u0430\u043d\u044c \u043c\u0456\u0436 \u0441\u0432\u0456\u0447\u043a\u0430\u043c\u0438 \u0437\u0430\u0432\u0436\u0434\u0438 \u043f\u043e\u0432\u0438\u043d\u043d\u0430 \u0431\u0443\u0442\u0438 \u043d\u0435 \u043c\u0435\u043d\u0448\u0435 30 \u0441\u043c.<\/span><\/p>\n<p data-color=\"&quot;cmyk(0,0,0,100)&quot;\" data-size=\"{&quot;value&quot;:8}\"><span data-color=\"&quot;cmyk(0,0,0,100)&quot;\" data-size=\"{&quot;value&quot;:8}\">-\u043f\u0430\u043b\u0430\u044e\u0447\u0430 \u0441\u0432\u0456\u0447\u043a\u0430 \u043f\u043e\u0432\u0438\u043d\u043d\u0430 \u0431\u0443\u0442\u0438 \u0440\u043e\u0437\u043c\u0456\u0449\u0435\u043d\u0430 \u043d\u0430 \u043d\u0435\u0433\u043e\u0440\u044e\u0447\u0456\u0439 \u043f\u043e\u0432\u0435\u0440\u0445\u043d\u0456 \u0442\u0430 \u043d\u0430 \u0434\u043e\u0441\u0442\u0430\u0442\u043d\u0456\u0439 \u0432\u0456\u0434\u0441\u0442\u0430\u043d\u0456 \u0432\u0456\u0434 \u043b\u0435\u0433\u043a\u043e\u0437\u0430\u0439\u043c\u0438\u0441\u0442\u0438\u0445 \u043c\u0430\u0442\u0435\u0440\u0456\u0430\u043b\u0456\u0432.<\/span><\/p>","protected":false},"excerpt":{"rendered":"<p>Juhlak\u00e4py on kaunis mehil\u00e4isvahakynttil\u00e4, joka palaa pitk\u00e4\u00e4n ja kauniisti. Kynttil\u00e4 tuo iloa ja v\u00e4ri\u00e4 kodin sisustukseen ja on erinomainen lahja idea.<\/p>\n<p>&nbsp;<\/p>\n<h1>\u0421\u0432\u0456\u0447\u043a\u0430 \u0437 \u0431\u0434\u0436\u043e\u043b\u0438\u043d\u043e\u0433\u043e \u0432\u043e\u0441\u043a\u0443:<\/h1>\n<p><span id=\"span-25-699\" class=\"ct-span\">\u0411\u0434\u0436\u043e\u043b\u0438\u043d\u0438\u0439 \u0432\u0456\u0441\u043a \u0454 \u0432\u0456\u0434\u043d\u043e\u0432\u043b\u044e\u0432\u0430\u043d\u0438\u043c \u043c\u0430\u0442\u0435\u0440\u0456\u0430\u043b\u043e\u043c, \u044f\u043a\u0438\u0439 \u043e\u0442\u0440\u0438\u043c\u0443\u044e\u0442\u044c \u044f\u043a \u043f\u043e\u0431\u0456\u0447\u043d\u0438\u0439 \u043f\u0440\u043e\u0434\u0443\u043a\u0442 \u043c\u0435\u0434\u0443 \u0432 \u0431\u0434\u0436\u0456\u043b\u044c\u043d\u0438\u0446\u0442\u0432\u0456. (\u043f\u0440\u0438 \u0432\u0438\u0434\u0430\u043b\u0435\u043d\u043d\u0456 \u0432\u043e\u0441\u043a\u0443 \u0431\u0434\u0436\u043e\u043b\u0438 \u043d\u0435 \u0448\u043a\u043e\u0434\u044f\u0442\u044c) \u0411\u0434\u0436\u043e\u043b\u0438\u043d\u0438\u0439 \u0432\u0456\u0441\u043a \u0454 \u043d\u0430\u0442\u0443\u0440\u0430\u043b\u044c\u043d\u0438\u043c \u043f\u0440\u043e\u0434\u0443\u043a\u0442\u043e\u043c 100 %. \u0421\u0432\u0456\u0447\u043a\u0438 \u0437 \u0432\u043e\u0441\u043a\u0443 \u0433\u043e\u0440\u044f\u0442\u044c \u043f\u043e\u0432\u0456\u043b\u044c\u043d\u043e \u0456 \u043a\u0440\u0430\u0441\u0438\u0432\u043e \u0432\u0435\u043b\u0438\u043a\u0438\u043c \u043f\u043e\u043b\u0443\u043c&#039;\u044f\u043c. \u0421\u0432\u0456\u0447\u043a\u0438 \u043d\u0435 \u043c\u0456\u0441\u0442\u044f\u0442\u044c \u0430\u0440\u043e\u043c\u0430\u0442\u0438\u0437\u0430\u0442\u043e\u0440\u0456\u0432, \u0430\u043b\u0435 \u043c\u0430\u044e\u0442\u044c \u043b\u0435\u0433\u043a\u0438\u0439 \u0430\u0440\u043e\u043c\u0430\u0442 \u043d\u0430\u0442\u0443\u0440\u0430\u043b\u044c\u043d\u043e\u0433\u043e \u043c\u0435\u0434\u0443. \u041d\u0435 \u043c\u0456\u0441\u0442\u0438\u0442\u044c \u0430\u043b\u0435\u0440\u0433\u0435\u043d\u0456\u0432. \u0421\u0432\u0456\u0447\u043a\u0430 \u0437 \u0431\u0434\u0436\u043e\u043b\u0438\u043d\u043e\u0433\u043e \u0432\u043e\u0441\u043a\u0443 \u2013 \u043d\u0430\u0439\u0431\u0456\u043b\u044c\u0448 \u0435\u043a\u043e\u043b\u043e\u0433\u0456\u0447\u043d\u0438\u0439 \u0432\u0430\u0440\u0456\u0430\u043d\u0442 \u0433\u043e\u0440\u0456\u043d\u043d\u044f \u0441\u0432\u0456\u0447\u043a\u0438. \u0412\u0456\u043d \u043d\u0435 \u043c\u0456\u0441\u0442\u0438\u0442\u044c \u0432\u0443\u0433\u043b\u0435\u0446\u044e, \u0442\u043e\u0431\u0442\u043e \u043f\u0456\u0434 \u0447\u0430\u0441 \u0433\u043e\u0440\u0456\u043d\u043d\u044f \u0432\u0438\u0440\u043e\u0431\u043b\u044f\u0454 \u0442\u0430\u043a\u0443 \u0441\u0430\u043c\u0443 \u043a\u0456\u043b\u044c\u043a\u0456\u0441\u0442\u044c \u0432\u0443\u0433\u043b\u0435\u043a\u0438\u0441\u043b\u043e\u0433\u043e \u0433\u0430\u0437\u0443, \u044f\u043a\u0430 \u0431\u0443\u043b\u0430 \u0432\u0438\u0434\u0456\u043b\u0435\u043d\u0430 \u043f\u0456\u0434 \u0447\u0430\u0441 \u0439\u043e\u0433\u043e \u0432\u0438\u0440\u043e\u0431\u043d\u0438\u0446\u0442\u0432\u0430.<\/span><\/p>","protected":false},"featured_media":1457,"template":"","meta":{"_acf_changed":false},"product_brand":[],"product_cat":[139,149,62,18],"product_tag":[206,207,209,85,40,208,41,28],"class_list":{"0":"post-1456","1":"product","2":"type-product","3":"status-publish","4":"has-post-thumbnail","6":"product_cat-hunaja-hetki","7":"product_cat-lahjapakkaukset","8":"product_cat-liikelahja","9":"product_cat-mehilaisvahakynttilat","10":"product_tag-juhla","11":"product_tag-juhlakapy","12":"product_tag-koriste","13":"product_tag-kapy","14":"product_tag-lahja","15":"product_tag-liikelahja","16":"product_tag-mehilaisvaha","17":"product_tag-mehilaisvahakynttila","19":"first","20":"instock","21":"taxable","22":"shipping-taxable","23":"purchasable","24":"product-type-variable"},"acf":[],"_links":{"self":[{"href":"https:\/\/www.hunajahetki.fi\/uk\/wp-json\/wp\/v2\/product\/1456","targetHints":{"allow":["GET"]}}],"collection":[{"href":"https:\/\/www.hunajahetki.fi\/uk\/wp-json\/wp\/v2\/product"}],"about":[{"href":"https:\/\/www.hunajahetki.fi\/uk\/wp-json\/wp\/v2\/types\/product"}],"wp:featuredmedia":[{"embeddable":true,"href":"https:\/\/www.hunajahetki.fi\/uk\/wp-json\/wp\/v2\/media\/1457"}],"wp:attachment":[{"href":"https:\/\/www.hunajahetki.fi\/uk\/wp-json\/wp\/v2\/media?parent=1456"}],"wp:term":[{"taxonomy":"product_brand","embeddable":true,"href":"https:\/\/www.hunajahetki.fi\/uk\/wp-json\/wp\/v2\/product_brand?post=1456"},{"taxonomy":"product_cat","embeddable":true,"href":"https:\/\/www.hunajahetki.fi\/uk\/wp-json\/wp\/v2\/product_cat?post=1456"},{"taxonomy":"product_tag","embeddable":true,"href":"https:\/\/www.hunajahetki.fi\/uk\/wp-json\/wp\/v2\/product_tag?post=1456"}],"curies":[{"name":"wp","href":"https:\/\/api.w.org\/{rel}","templated":true}]}}