{"id":1466,"date":"2023-11-05T10:38:46","date_gmt":"2023-11-05T08:38:46","guid":{"rendered":"https:\/\/www.hunajahetki.fi\/?post_type=product&#038;p=1466"},"modified":"2025-06-19T10:31:27","modified_gmt":"2025-06-19T07:31:27","slug":"avokadovoide-luonnonkosmetiikka-voide-kokovartalolle","status":"publish","type":"product","link":"https:\/\/www.hunajahetki.fi\/uk\/product\/\u0430\u0432\u043e\u043a\u0430\u0434\u043e-\u043a\u0440\u0435\u043c-\u043d\u0430\u0442\u0443\u0440\u0430\u043b\u044c\u043d\u0430-\u043a\u043e\u0441\u043c\u0435\u0442\u0438\u043a\u0430-\u043a\u0440\/","title":{"rendered":"\u041a\u0440\u0435\u043c \u0437 \u0430\u0432\u043e\u043a\u0430\u0434\u043e - \u0414\u043b\u044f \u0432\u0441\u044c\u043e\u0433\u043e \u0442\u0456\u043b\u0430"},"content":{"rendered":"<p>\u0412\u0438\u0440\u043e\u0431\u043d\u0438\u043a: <strong>Hunaja Hetki Oy<\/strong><\/p>\n<p>Vallinm\u00e4entie 40, 61640 Ala-Valli<\/p>\n<p>\u041a\u0440\u0430\u0457\u043d\u0430 \u043d\u0430\u0440\u043e\u0434\u0436\u0435\u043d\u043d\u044f: <strong>\u0424\u0456\u043d\u043b\u044f\u043d\u0434\u0456\u044f<\/strong><\/p>\n<p>+358 4424 75773<\/p>\n<p>50 ml<\/p>\n<p>Inci: Persea Gratissima Oil, Simmondsia Chinensis Seed Oil, Heliantushus Annuus Hybrid Oil, Butyruspermum Parkii Butter, Cera Alba<\/p>","protected":false},"excerpt":{"rendered":"<h1>Avokadovoide - koko vartalolle<\/h1>\n<p>Avokadovoide on suosittu ihonhoitotuote, ja sen hy\u00f6dyt liittyv\u00e4t sen sis\u00e4lt\u00e4miin ainesosiin, erityisesti avokado\u00f6ljyyn. Avocado sis\u00e4lt\u00e4\u00e4 runsaasti hyvi\u00e4 rasvoja, kuten omega-rasvahappoja ja A-vitamiinia, jotka auttavat kosteuttamaan ihoa syv\u00e4lt\u00e4. Avokadovoide auttaa yll\u00e4pit\u00e4m\u00e4\u00e4n ihon kosteustasapainoa ja pehmeytt\u00e4. Avokado sis\u00e4lt\u00e4\u00e4 my\u00f6s E-vitamiinia ja C-vitamiinia, jotka toimivat antioksidantteina ja auttavat suojaamaan ihoa vapailta radikaaleilta, hidastaen ik\u00e4\u00e4ntymisen merkkej\u00e4 ja edist\u00e4en terveemp\u00e4\u00e4 ihoa. Avokado auttaa rauhoittamaan \u00e4rtynytt\u00e4 tai tulehtunutta ihoa. Sen luonnolliset ainesosat lievitt\u00e4v\u00e4t \u00e4rsytyksen aiheuttamia oireita. Erinomainen esimerkiksi atooppiselle iholle.Avokado\u00f6ljy tukee ihon uusiutumisprosessia ja auttaa parantamaan ihon rakennetta, mik\u00e4 voi tehd\u00e4 ihosta tasaisemman ja terveemm\u00e4n n\u00e4k\u00f6isen. Avokadovoide sopii monille eri ihotyypeille, erityisesti kuivalle ja herk\u00e4lle iholle, mutta toimii my\u00f6s normaalissa tai rasvoittuvassa ihossa, koska se ei yleens\u00e4 tuki ihohuokosia.<\/p>","protected":false},"featured_media":1712,"template":"","meta":{"_acf_changed":false},"product_brand":[],"product_cat":[21,139],"product_tag":[296,295,126,127,298,297],"class_list":{"0":"post-1466","1":"product","2":"type-product","3":"status-publish","4":"has-post-thumbnail","6":"product_cat-mehilaiskosmetiikka","7":"product_cat-hunaja-hetki","8":"product_tag-avocado","9":"product_tag-avocadovoide","10":"product_tag-hunaja-hetki","11":"product_tag-kosmetiikka","12":"product_tag-kotimainen-kosmetiikka","13":"product_tag-luonnonkosmetiikka","15":"first","16":"instock","17":"taxable","18":"shipping-taxable","19":"purchasable","20":"product-type-simple"},"acf":[],"_links":{"self":[{"href":"https:\/\/www.hunajahetki.fi\/uk\/wp-json\/wp\/v2\/product\/1466","targetHints":{"allow":["GET"]}}],"collection":[{"href":"https:\/\/www.hunajahetki.fi\/uk\/wp-json\/wp\/v2\/product"}],"about":[{"href":"https:\/\/www.hunajahetki.fi\/uk\/wp-json\/wp\/v2\/types\/product"}],"wp:featuredmedia":[{"embeddable":true,"href":"https:\/\/www.hunajahetki.fi\/uk\/wp-json\/wp\/v2\/media\/1712"}],"wp:attachment":[{"href":"https:\/\/www.hunajahetki.fi\/uk\/wp-json\/wp\/v2\/media?parent=1466"}],"wp:term":[{"taxonomy":"product_brand","embeddable":true,"href":"https:\/\/www.hunajahetki.fi\/uk\/wp-json\/wp\/v2\/product_brand?post=1466"},{"taxonomy":"product_cat","embeddable":true,"href":"https:\/\/www.hunajahetki.fi\/uk\/wp-json\/wp\/v2\/product_cat?post=1466"},{"taxonomy":"product_tag","embeddable":true,"href":"https:\/\/www.hunajahetki.fi\/uk\/wp-json\/wp\/v2\/product_tag?post=1466"}],"curies":[{"name":"wp","href":"https:\/\/api.w.org\/{rel}","templated":true}]}}