{"id":1784,"date":"2024-02-28T07:28:13","date_gmt":"2024-02-28T05:28:13","guid":{"rendered":"https:\/\/www.hunajahetki.fi\/?post_type=product&#038;p=1784"},"modified":"2025-06-19T10:29:58","modified_gmt":"2025-06-19T07:29:58","slug":"kummipesa-mehilaispesa","status":"publish","type":"product","link":"https:\/\/www.hunajahetki.fi\/uk\/product\/\u043a\u0443\u043c\u0430-\u0432\u0443\u043b\u0438\u043a\/","title":{"rendered":"\u0411\u043e\u0436\u0435 \u0433\u043d\u0456\u0437\u0434\u043e \u2013 \u0432\u0443\u043b\u0438\u043a"},"content":{"rendered":"<h1>\u041d\u0430\u0432\u0456\u0449\u043e \u043a\u0443\u043f\u0443\u0432\u0430\u0442\u0438 \u043a\u0443\u043c\u0443?<\/h1>\n<p>\u041c\u0438 \u0432 Hunaja Hetke \u0445\u043e\u0447\u0435\u043c\u043e \u0434\u0430\u0442\u0438 \u0432\u0430\u043c \u043c\u043e\u0436\u043b\u0438\u0432\u0456\u0441\u0442\u044c \u043f\u0456\u0434\u0442\u0440\u0438\u043c\u0430\u0442\u0438 \u043f\u0440\u0438\u0440\u043e\u0434\u043d\u0435 \u0437\u0430\u043f\u0438\u043b\u0435\u043d\u043d\u044f \u0442\u0430 \u0435\u043a\u043e\u043b\u043e\u0433\u0456\u044e, \u043a\u0443\u043f\u0438\u0432\u0448\u0438 \u0441\u043e\u0431\u0456 \u0431\u043e\u0436\u0435\u0441\u0442\u0432\u0435\u043d\u043d\u0435 \u0433\u043d\u0456\u0437\u0434\u043e. Kummip\u00e4sa \u2013 \u0446\u0435 \u0432\u0443\u043b\u0438\u043a, \u044f\u043a\u0438\u0439 \u043a\u043b\u0456\u0454\u043d\u0442 \u043c\u043e\u0436\u0435 \u0432\u0437\u044f\u0442\u0438 \u0432 \u043e\u0440\u0435\u043d\u0434\u0443 \u043d\u0430 1-5 \u0440\u043e\u043a\u0456\u0432 \u0434\u043b\u044f \u0441\u0435\u0431\u0435 \u0430\u0431\u043e \u0432 \u043f\u043e\u0434\u0430\u0440\u0443\u043d\u043e\u043a. \u041f\u0440\u0430\u0432\u043e \u0432\u043b\u0430\u0441\u043d\u043e\u0441\u0442\u0456 \u0442\u0430 \u0443\u043f\u0440\u0430\u0432\u043b\u0456\u043d\u043d\u044f \u0433\u043d\u0456\u0437\u0434\u043e\u043c \u0437\u0430\u043b\u0438\u0448\u0430\u0454\u0442\u044c\u0441\u044f \u0437\u0430 \u0425\u0443\u043d\u0430\u0454\u044e \u0425\u0435\u0442\u043a\u0435. \u041f\u043e\u043a\u0443\u043f\u0435\u0446\u044c Kummip\u00e4s\u00e4 \u043e\u0442\u0440\u0438\u043c\u0443\u0454 \u043f\u0430\u043a\u0435\u0442 \u043f\u0440\u043e\u0434\u0443\u043a\u0442\u0443 \u0442\u0430 \u0456\u043d\u0444\u043e\u0440\u043c\u0430\u0446\u0456\u044e \u043f\u0440\u043e \u0431\u0434\u0436\u0456\u043b. \u0417\u0430 \u0440\u0430\u0445\u0443\u043d\u043e\u043a \u043a\u043e\u0448\u0442\u0456\u0432, \u043e\u0442\u0440\u0438\u043c\u0430\u043d\u0438\u0445 \u0432\u0456\u0434 \u0431\u043e\u0436\u0435\u0441\u0442\u0432\u0435\u043d\u043d\u0438\u0445 \u0433\u043d\u0456\u0437\u0434, \u043c\u0438 \u0437\u0431\u0456\u043b\u044c\u0448\u0443\u0454\u043c\u043e \u043a\u0456\u043b\u044c\u043a\u0456\u0441\u0442\u044c \u0433\u043d\u0456\u0437\u0434 \u0456 \u0437\u0430\u043f\u0438\u043b\u0435\u043d\u043d\u044f \u0432 \u043a\u0456\u043b\u044c\u043a\u043e\u0445 \u0440\u0430\u0439\u043e\u043d\u0430\u0445 \u043d\u0430\u0432\u043a\u043e\u043b\u043e \u0424\u0456\u043d\u043b\u044f\u043d\u0434\u0456\u0457.<\/p>\n<h2>\u041f\u0435\u0440\u0435\u0432\u0430\u0433\u0438 \u0437\u0430\u043f\u0438\u043b\u0435\u043d\u043d\u044f<\/h2>\n<p>\u041e\u0442\u0436\u0435, \u044f\u043a\u0430 \u043a\u043e\u0440\u0438\u0441\u0442\u044c \u0432\u0456\u0434 \u0437\u0430\u043f\u0438\u043b\u0435\u043d\u043d\u044f? \u042f\u043a \u0433\u0430\u0440\u043d\u0438\u0439 \u043f\u0440\u0438\u043a\u043b\u0430\u0434, \u043d\u0430\u043f\u0435\u0432\u043d\u043e, \u043a\u043e\u0436\u0435\u043d \u0431\u0430\u0447\u0438\u0432 \u0437\u0430\u0431\u0438\u0442\u0443 \u0456 \u0437\u043b\u0435\u0433\u043a\u0430 \u0434\u0435\u0444\u043e\u0440\u043c\u043e\u0432\u0430\u043d\u0443 \u043f\u043e\u043b\u0443\u043d\u0438\u0446\u044e. \u0426\u0435 \u043e\u0437\u043d\u0430\u0447\u0430\u0454, \u0449\u043e \u043f\u043e\u043b\u0443\u043d\u0438\u0446\u044f \u043d\u0435 \u0431\u0443\u043b\u0430 \u0437\u0430\u043f\u0438\u043b\u0435\u043d\u0430. \u042f\u0433\u043e\u0434\u0438, \u043f\u043b\u043e\u0434\u043e\u0432\u0456 \u0434\u0435\u0440\u0435\u0432\u0430, \u0431\u043e\u0431\u0438, \u0440\u0456\u043f\u0430\u043a \u0456 \u0431\u0430\u0433\u0430\u0442\u043e \u0456\u043d\u0448\u0438\u0445 \u0441\u0456\u043b\u044c\u0441\u044c\u043a\u043e\u0433\u043e\u0441\u043f\u043e\u0434\u0430\u0440\u0441\u044c\u043a\u0438\u0445 \u0440\u043e\u0441\u043b\u0438\u043d \u043f\u043e\u0442\u0440\u0435\u0431\u0443\u044e\u0442\u044c \u0437\u0430\u043f\u0438\u043b\u0435\u043d\u043d\u044f, \u0456 \u043f\u0440\u0438 \u0445\u043e\u0440\u043e\u0448\u043e\u043c\u0443 \u0437\u0430\u043f\u0438\u043b\u0435\u043d\u043d\u0456 \u0432\u0440\u043e\u0436\u0430\u0439\u043d\u0456\u0441\u0442\u044c \u043c\u043e\u0436\u0435 \u0437\u0431\u0456\u043b\u044c\u0448\u0438\u0442\u0438\u0441\u044f \u043d\u0430 \u043a\u0456\u043b\u044c\u043a\u0430 \u0434\u0435\u0441\u044f\u0442\u043a\u0456\u0432 \u0432\u0456\u0434\u0441\u043e\u0442\u043a\u0456\u0432, \u0437\u0430\u043b\u0435\u0436\u043d\u043e \u0432\u0456\u0434 \u0440\u043e\u0441\u043b\u0438\u043d\u0438. \u0414\u043e\u0431\u0440\u0435 \u0437\u0430\u043f\u0438\u043b\u0435\u043d\u043d\u044f \u043e\u0437\u043d\u0430\u0447\u0430\u0454, \u0449\u043e \u043c\u0438 \u043e\u0442\u0440\u0438\u043c\u0443\u0454\u043c\u043e \u0431\u0456\u043b\u044c\u0448\u0435 \u0432\u0440\u043e\u0436\u0430\u044e \u0437 \u043c\u0435\u043d\u0448\u043e\u0457 \u043f\u043b\u043e\u0449\u0456. \u041d\u0430\u0442\u0443\u0440\u0430\u043b\u044c\u043d\u0456 \u044f\u0433\u043e\u0434\u0438 \u0442\u0430\u043a\u043e\u0436 \u043f\u043e\u0442\u0440\u0435\u0431\u0443\u044e\u0442\u044c \u0437\u0430\u043f\u0438\u043b\u0435\u043d\u043d\u044f.<\/p>\n<p>\u041c\u0435\u0434 \u041d\u0430 \u0434\u0430\u043d\u0438\u0439 \u043c\u043e\u043c\u0435\u043d\u0442 \u0434\u043e\u0431\u0440\u043e\u0431\u0443\u0442 \u0431\u0434\u0436\u0456\u043b \u0454 \u043d\u0430\u0439\u0432\u0430\u0436\u043b\u0438\u0432\u0456\u0448\u0438\u043c \u043a\u0440\u0438\u0442\u0435\u0440\u0456\u0454\u043c. \u041a\u043e\u043b\u0438 \u043d\u0430\u0448\u0456 \u0431\u0434\u0436\u043e\u043b\u0438 \u0437\u0434\u043e\u0440\u043e\u0432\u0456, \u0432\u043e\u043d\u0438 \u0437\u0430\u043f\u0438\u043b\u044e\u044e\u0442\u044c \u0456 \u0432\u0438\u0440\u043e\u0431\u043b\u044f\u044e\u0442\u044c \u043c\u0435\u0434. \u0423 Hunaja Hetke \u043c\u0438 \u0441\u0430\u043c\u0456 \u0434\u0431\u0430\u0454\u043c\u043e \u043f\u0440\u043e \u0431\u0434\u0436\u0456\u043b \u0432\u0456\u0434 \u043f\u043e\u0447\u0430\u0442\u043a\u0443 \u0434\u043e \u043a\u0456\u043d\u0446\u044f. \u041c\u0438 \u043f\u0440\u043e\u0444\u0435\u0441\u0456\u0439\u043d\u0456 \u0441\u0430\u0434\u0456\u0432\u043d\u0438\u043a\u0438 \u0456 \u0431\u0434\u0436\u0456\u043b\u044c\u043d\u0438\u0446\u0442\u0432\u043e - \u043d\u0430\u0448\u0430 \u043e\u0441\u043d\u043e\u0432\u043d\u0430 \u0440\u043e\u0431\u043e\u0442\u0430. \u0417\u0430\u0432\u0434\u044f\u043a\u0438 \u043d\u0430\u0448\u0456\u0439 \u043e\u0441\u043d\u043e\u0432\u043d\u0456\u0439 \u0440\u043e\u0431\u043e\u0442\u0456 \u043c\u0438 \u043c\u0430\u0454\u043c\u043e \u0437\u043c\u043e\u0433\u0443 \u043f\u043e\u0434\u0431\u0430\u0442\u0438 \u043f\u0440\u043e \u0431\u0434\u0436\u0456\u043b \u0443 \u043d\u0430\u0439\u043a\u0440\u0430\u0449\u0438\u0439 \u0447\u0430\u0441, \u043d\u0435\u0437\u0432\u0430\u0436\u0430\u044e\u0447\u0438 \u043d\u0430 \u0437\u043c\u0456\u043d\u0438 \u043f\u043e\u0433\u043e\u0434\u0438, \u0442\u0430 \u0432\u0447\u0430\u0441\u043d\u043e \u043f\u0440\u043e\u0441\u0442\u0435\u0436\u0438\u0442\u0438 \u0437\u0430 \u0441\u0430\u043c\u043e\u043f\u043e\u0447\u0443\u0442\u0442\u044f\u043c \u0431\u0434\u0436\u0456\u043b. \u041b\u0456\u0442\u043e \u0443 \u0424\u0456\u043d\u043b\u044f\u043d\u0434\u0456\u0457 \u0434\u0443\u0436\u0435 \u0441\u0442\u0440\u0456\u043c\u043a\u0435 \u0456 \u0443\u043c\u043e\u0432\u0438 \u0448\u0432\u0438\u0434\u043a\u043e \u0437\u043c\u0456\u043d\u044e\u044e\u0442\u044c\u0441\u044f, \u0442\u043e\u043c\u0443 \u0434\u0443\u0436\u0435 \u0432\u0430\u0436\u043b\u0438\u0432\u043e \u0432\u0441\u0442\u0438\u0433\u043d\u0443\u0442\u0438 \u0432\u0456\u0434\u0432\u0456\u0434\u0430\u0442\u0438 \u0440\u043e\u0437\u043f\u043b\u0456\u0434\u043d\u0438\u043a\u0438 \u0432\u0447\u0430\u0441\u043d\u043e.<\/p>\n<p>\u041d\u0430\u0448 \u0434\u0435\u0432\u0456\u0437: \u043a\u043e\u043b\u0438 \u0431\u0434\u0436\u043e\u043b\u0430\u043c \u0434\u043e\u0431\u0440\u0435, \u0442\u043e \u0439 \u043d\u0430\u043c, \u043b\u044e\u0434\u044f\u043c.<\/p>\n<p>&nbsp;<\/p>\n<p>&nbsp;<\/p>\n<p>&nbsp;<\/p>\n<p>&nbsp;<\/p>","protected":false},"excerpt":{"rendered":"<h1>\u0411\u0430\u0436\u0430\u0454\u0442\u0435 \u043a\u0443\u043f\u0438\u0442\u0438 \u0441\u043e\u0431\u0456 \u0430\u0431\u043e \u0434\u0440\u0443\u0433\u0443 \u0432\u0443\u043b\u0438\u043a?<\/h1>\n<p>\u041a\u0443\u043c\u043c\u0456\u043f\u0430\u0441\u0430 \u2014 \u0446\u0435 \u0432\u0443\u043b\u0438\u043a, \u044f\u043a\u0438\u0439 \u043c\u043e\u0436\u043d\u0430 \u043f\u0440\u0438\u0434\u0431\u0430\u0442\u0438 \u0441\u043e\u0431\u0456 \u0447\u0438 \u0434\u0440\u0443\u0437\u044f\u043c \u0432\u0456\u0434 \u043e\u0434\u043d\u043e\u0433\u043e \u0434\u043e \u043f\u2019\u044f\u0442\u0438 \u0440\u043e\u043a\u0456\u0432. \u041f\u0440\u0430\u0432\u043e \u0432\u043b\u0430\u0441\u043d\u043e\u0441\u0442\u0456 \u0442\u0430 \u0443\u043f\u0440\u0430\u0432\u043b\u0456\u043d\u043d\u044f \u0433\u043d\u0456\u0437\u0434\u043e\u043c \u0437\u0430\u043b\u0438\u0448\u0430\u0454\u0442\u044c\u0441\u044f \u0437\u0430 \u0425\u0443\u043d\u0430\u0454\u044e \u0425\u0435\u0442\u043a\u0435.<\/p>\n<p>&nbsp;<\/p>\n<h1>\u0429\u043e \u043e\u0437\u043d\u0430\u0447\u0430\u0454 \u0445\u0440\u0435\u0449\u0435\u043d\u0430 \u043c\u0430\u0442\u0438?<\/h1>\n<p>Ostamalla kummipes\u00e4n tuet luonnon p\u00f6lytyst\u00e4.<\/p>\n<p>Kummipes\u00e4n omistajille j\u00e4rjestet\u00e4\u00e4n webinaari, miss\u00e4 kerrotaan mehil\u00e4isist\u00e4, p\u00f6lytyksest\u00e4 ja mehil\u00e4isten hy\u00f6dyist\u00e4.<\/p>\n<p>Kes\u00e4ll\u00e4 on mahdollisuus osallistua 1-2 pes\u00e4k\u00e4ynnille lis\u00e4maksua vastaan.<\/p>\n<p>&nbsp;<\/p>\n<h2>\u0429\u043e \u043e\u0442\u0440\u0438\u043c\u0443\u0454 \u043f\u043e\u043a\u0443\u043f\u0435\u0446\u044c \u043f\u0440\u0438\u0439\u043e\u043c\u043d\u043e\u0433\u043e \u0431\u0443\u0434\u0438\u043d\u043a\u0443:<\/h2>\n<p>Kummipes\u00e4n omistajalle l\u00e4hetet\u00e4\u00e4n purkki alkukes\u00e4n hunajaa ja purkki loppukes\u00e4n hunajaa, kennohunajapala ja yksi extra hunaja lis\u00e4ksi. Lis\u00e4ksi omistaja saa 30 g pussin siitep\u00f6ly\u00e4 ja hunajaisen huulivoiteen.<\/p>\n<p>Tilauksen j\u00e4lkeen asiakas saa videoesityksen mehil\u00e4ispesist\u00e4, kes\u00e4n aikana asiakkaalle l\u00e4hetet\u00e4\u00e4n v\u00e4hint\u00e4\u00e4n 4 video materiaalia ja blogipostauksia mehil\u00e4istarhauksesta.<\/p>\n<p>Her\u00e4sik\u00f6 lis\u00e4kysymyksi\u00e4 kummipes\u00e4st\u00e4? Ole meihin yhteydess\u00e4 info@hunajahetki.fi \/ 0442475773<\/p>","protected":false},"featured_media":1799,"template":"","meta":{"_acf_changed":false},"product_brand":[],"product_cat":[62,139,149],"product_tag":[369,126,366,88,199,367,368],"class_list":{"0":"post-1784","1":"product","2":"type-product","3":"status-publish","4":"has-post-thumbnail","6":"product_cat-liikelahja","7":"product_cat-hunaja-hetki","8":"product_cat-lahjapakkaukset","9":"product_tag-ekologisuus","10":"product_tag-hunaja-hetki","11":"product_tag-kummipesa","12":"product_tag-luonto","13":"product_tag-mehilainen","14":"product_tag-mehilaispesa","15":"product_tag-polytys","17":"first","18":"instock","19":"taxable","20":"shipping-taxable","21":"purchasable","22":"product-type-variable"},"acf":[],"_links":{"self":[{"href":"https:\/\/www.hunajahetki.fi\/uk\/wp-json\/wp\/v2\/product\/1784","targetHints":{"allow":["GET"]}}],"collection":[{"href":"https:\/\/www.hunajahetki.fi\/uk\/wp-json\/wp\/v2\/product"}],"about":[{"href":"https:\/\/www.hunajahetki.fi\/uk\/wp-json\/wp\/v2\/types\/product"}],"wp:featuredmedia":[{"embeddable":true,"href":"https:\/\/www.hunajahetki.fi\/uk\/wp-json\/wp\/v2\/media\/1799"}],"wp:attachment":[{"href":"https:\/\/www.hunajahetki.fi\/uk\/wp-json\/wp\/v2\/media?parent=1784"}],"wp:term":[{"taxonomy":"product_brand","embeddable":true,"href":"https:\/\/www.hunajahetki.fi\/uk\/wp-json\/wp\/v2\/product_brand?post=1784"},{"taxonomy":"product_cat","embeddable":true,"href":"https:\/\/www.hunajahetki.fi\/uk\/wp-json\/wp\/v2\/product_cat?post=1784"},{"taxonomy":"product_tag","embeddable":true,"href":"https:\/\/www.hunajahetki.fi\/uk\/wp-json\/wp\/v2\/product_tag?post=1784"}],"curies":[{"name":"wp","href":"https:\/\/api.w.org\/{rel}","templated":true}]}}