{"id":636,"date":"2022-04-17T20:12:50","date_gmt":"2022-04-17T17:12:50","guid":{"rendered":"https:\/\/www.hunajahetki.fi\/?post_type=product&#038;p=636"},"modified":"2025-06-19T10:39:37","modified_gmt":"2025-06-19T07:39:37","slug":"nahkarasva-hunaja-hetki","status":"publish","type":"product","link":"https:\/\/www.hunajahetki.fi\/uk\/product\/\u0448\u043a\u0456\u0440\u0430-\u0436\u0438\u0440-\u043c\u0435\u0434-\u043c\u043e\u043c\u0435\u043d\u0442\/","title":{"rendered":"\u041c\u0435\u0434 \u043d\u0430 \u0447\u0430\u0441 \u2013 \u0428\u043a\u0456\u0440\u044f\u043d\u0438\u0439 \u0436\u0438\u0440"},"content":{"rendered":"<h1>Nahkarasvan k\u00e4ytt\u00f6ohjeet:<\/h1>\n<p>Puhdista nahka, jonka aiot k\u00e4sitell\u00e4 ja kuivaa huolellisesti. Kun nahka on hyvin kuivanut levit\u00e4 Hunaja Hetken nahkarasvaa esimerkiksi kangasliinalla runsaasti nahalle kauttaaltaan. Tarkista eritoten saumat ja kulmat, ett\u00e4 nahkarasva levittyy joka puolelle. Anna vaikuttaa y\u00f6n yli tai ainakin pari tuntia ja t\u00e4m\u00e4n j\u00e4lkeen pyyhi ylim\u00e4\u00e4\u00e4r\u00e4inen nahkarasva pois.<\/p>\n<p>Nahkarasva kannattaa k\u00e4ytt\u00e4\u00e4 s\u00e4\u00e4nn\u00f6llisinv\u00e4liajoin pident\u00e4\u00e4kseksi tuotteen ik\u00e4\u00e4 ja k\u00e4ytt\u00f6aikaa<\/p>\n<p>&nbsp;<\/p>\n<p>\u0412\u0438\u0440\u043e\u0431\u043d\u0438\u043a:<strong> Hunaja Hetki Oy<\/strong><\/p>\n<p>Vallinm\u00e4entie 40, 61640 Ala-Valli<\/p>\n<p>+ 358442475773<\/p>\n<p>&nbsp;<\/p>\n<p>&nbsp;<\/p>","protected":false},"excerpt":{"rendered":"<h1>Nahkarasva<\/h1>\n<p>Hunaja Hetken nahkarasva on tehty laadukkaista raaka-aineista ja soveltuu kaikille nahkapinnoille. Vaalean v\u00e4rins\u00e4 ansiosta Hunaja Hetken nahkarasva soveltuu my\u00f6s vaalealle nahkapinnalle. Nahkarasvalla voit suojata keng\u00e4t, laukut, sohvan ja muut nahkatuotteet. Nahkarasva suojaa nahkaa, parantaa nahan joustoa, hylkii likaa ja vett\u00e4 ja pident\u00e4\u00e4 nahan k\u00e4ytt\u00f6ik\u00e4\u00e4. Olemme kehitt\u00e4neet ja valmistamme laadukkaan nahkarasvan itse laadukkaista raaka-aineista.<\/p>\n<p>Nahka tuotteet on hyv\u00e4 k\u00e4sitell\u00e4 ja puhdistaa s\u00e4\u00e4nn\u00f6llisin v\u00e4liajoin. Esimerkiksi nahkakeng\u00e4t on hyv\u00e4 k\u00e4sitell\u00e4 k\u00e4yt\u00f6st\u00e4 riippuen ainakin muutamia kertoja vuodessa.<\/p>\n<p>&nbsp;<\/p>\n<h2>Nahkarasva sis\u00e4lt\u00e4\u00e4:<\/h2>\n<p>Mehil\u00e4isvahaa ja laadukkaita \u00f6ljyj\u00e4<\/p>\n<p>50 ml<\/p>","protected":false},"featured_media":1783,"template":"","meta":{"_acf_changed":false},"product_brand":[],"product_cat":[139,150],"product_tag":[126,164,163,41,162,60],"class_list":{"0":"post-636","1":"product","2":"type-product","3":"status-publish","4":"has-post-thumbnail","6":"product_cat-hunaja-hetki","7":"product_cat-mehilaisvahat","8":"product_tag-hunaja-hetki","9":"product_tag-kenkaplankki","10":"product_tag-kenkarasva","11":"product_tag-mehilaisvaha","12":"product_tag-nahkarasva","13":"product_tag-vaha","15":"first","16":"instock","17":"taxable","18":"shipping-taxable","19":"purchasable","20":"product-type-simple"},"acf":[],"_links":{"self":[{"href":"https:\/\/www.hunajahetki.fi\/uk\/wp-json\/wp\/v2\/product\/636","targetHints":{"allow":["GET"]}}],"collection":[{"href":"https:\/\/www.hunajahetki.fi\/uk\/wp-json\/wp\/v2\/product"}],"about":[{"href":"https:\/\/www.hunajahetki.fi\/uk\/wp-json\/wp\/v2\/types\/product"}],"wp:featuredmedia":[{"embeddable":true,"href":"https:\/\/www.hunajahetki.fi\/uk\/wp-json\/wp\/v2\/media\/1783"}],"wp:attachment":[{"href":"https:\/\/www.hunajahetki.fi\/uk\/wp-json\/wp\/v2\/media?parent=636"}],"wp:term":[{"taxonomy":"product_brand","embeddable":true,"href":"https:\/\/www.hunajahetki.fi\/uk\/wp-json\/wp\/v2\/product_brand?post=636"},{"taxonomy":"product_cat","embeddable":true,"href":"https:\/\/www.hunajahetki.fi\/uk\/wp-json\/wp\/v2\/product_cat?post=636"},{"taxonomy":"product_tag","embeddable":true,"href":"https:\/\/www.hunajahetki.fi\/uk\/wp-json\/wp\/v2\/product_tag?post=636"}],"curies":[{"name":"wp","href":"https:\/\/api.w.org\/{rel}","templated":true}]}}